   {"id":516,"date":"2024-02-07T06:56:07","date_gmt":"2024-02-07T05:56:07","guid":{"rendered":"https:\/\/rf.gov.pl\/akademia\/strona-glowna\/"},"modified":"2026-02-06T13:21:43","modified_gmt":"2026-02-06T12:21:43","slug":"strona-glowna","status":"publish","type":"page","link":"https:\/\/rf.gov.pl\/akademia\/en\/","title":{"rendered":"Strona g\u0142\u00f3wna"},"content":{"rendered":"\n\n  <div class=\"banner\">\n<div id=\"carouselExampleDark\" class=\"carousel carousel-dark slide\" data-bs-ride=\"carousel\"> \n\n\n  <div class=\"ban_btns\">\n <button class=\"carousel-control-prev\" type=\"button\" data-bs-target=\"#carouselExampleDark\" data-bs-slide=\"prev\">\n    <i class=\"fa-solid fa-arrow-left\"><\/i>\n    <span class=\"visually-hidden\">Poprzedni<\/span>\n  <\/button>\n \n  \n  <button class=\"carousel-control-next\" type=\"button\" data-bs-target=\"#carouselExampleDark\" data-bs-slide=\"next\">\n   <i class=\"fa-solid fa-arrow-right\"><\/i>\n    <span class=\"visually-hidden\">Nast\u0119pny<\/span>\n  <\/button>\n  <\/div>\n    \n  <div class=\"carousel-inner\">\n  <div class=\"carousel-item_back\"><\/div>\n\n  \n  <div class=\"carousel-item active\" data-bs-interval=\"5000\">\n      <div class=\"row\">\n      <div class=\"col-xxl-6 col-xl-6 col-lg-6 col-md-12 col-sm-12 banner_left\">\n     <img decoding=\"async\" src=\"https:\/\/rf.gov.pl\/akademia\/wp-content\/uploads\/sites\/2\/2024\/10\/1-658x428.jpg\" class=\"d-block w-100 round_img\" alt=\"Rozmowa d\">\n    <\/div>\n    \n    <div class=\"col-xxl-6 col-xl-6 col-lg-6 col-md-12 col-sm-12\">\n    <div class=\"carousel-caption  d-md-block\">\n        <h2 class=\"orange\">Wok\u00f3\u0142 Finans\u00f3w<\/h2>\n        <div class=\"text\">Wa\u017cnym elementem naszych dzia\u0142a\u0144 edukacyjnych jest program &#8220;Wok\u00f3\u0142 finans\u00f3w&#8221;, kt\u00f3ry publikujemy na kanale YouTube. W lu\u017aniejszej formule rozmawiamy z ekspertami ze \u015bwiata prawa i finans\u00f3w. Zapraszamy do ogl\u0105dania!<\/div>\n                <a href=\"https:\/\/rf.gov.pl\/akademia\/edukacja\/audycje\/\"class=\"banner_but\">Przejd\u017a <i class=\"fa-solid fa-arrow-right\"><\/i> <\/a>\n              <\/div>\n    <\/div>\n     \n    <\/div>\n  <\/div>\n\n  \n  <div class=\"carousel-item \" data-bs-interval=\"5000\">\n      <div class=\"row\">\n      <div class=\"col-xxl-6 col-xl-6 col-lg-6 col-md-12 col-sm-12 banner_left\">\n     <img decoding=\"async\" src=\"https:\/\/rf.gov.pl\/akademia\/wp-content\/uploads\/sites\/2\/2024\/02\/banner1.jpg\" class=\"d-block w-100 round_img\" alt=\"\">\n    <\/div>\n    \n    <div class=\"col-xxl-6 col-xl-6 col-lg-6 col-md-12 col-sm-12\">\n    <div class=\"carousel-caption  d-md-block\">\n        <h2 class=\"orange\">O Akademii<\/h2>\n        <div class=\"text\">Akademia Rzecznika Finansowego to inicjatywa edukacyjna, dzi\u0119ki kt\u00f3rej osoby podejmuj\u0105ce studia z zakresu prawa, ekonomii i kierunk\u00f3w pokrewnych mog\u0105 zdoby\u0107 zaawansowan\u0105 wiedz\u0119 na temat mechanizm\u00f3w ochrony klient\u00f3w podmiot\u00f3w rynku finansowego, a tak\u017ce wiele umiej\u0119tno\u015bci praktycznych. W szerszym sensie, Akademia to ca\u0142okszta\u0142t dzia\u0142a\u0144 edukacyjnych podejmowanych przez nasz\u0105 instytucj\u0119.<\/div>\n                <a href=\"https:\/\/rf.gov.pl\/akademia\/o-akademii\/\"class=\"banner_but\">Przejd\u017a <i class=\"fa-solid fa-arrow-right\"><\/i> <\/a>\n              <\/div>\n    <\/div>\n     \n    <\/div>\n  <\/div>\n\n    \n    \n\n<\/div>\n\n           \n  <div class=\"carousel-indicators\">\n                              <button type=\"button\" data-bs-target=\"#carouselExampleDark\" data-bs-slide-to=\"0\" class=\"active\"  aria-current=\"true\" aria-label=\"Slajd 1\"><\/button>\n                    <button type=\"button\" data-bs-target=\"#carouselExampleDark\" data-bs-slide-to=\"1\"  aria-current=\"true\" aria-label=\"Slajd 2\"><\/button>\n            \n   \n  <\/div>\n\n   \n\n<\/div>\n  <div class=\"slider_play_stop\">\n\n            <button type=\"button\" id=\"carouselimgpause\" class=\"pause\"  title=\"Zatrzymaj slajder\"> <img decoding=\"async\" src=\"https:\/\/rf.gov.pl\/akademia\/wp-content\/themes\/rfmain\/images\/pause.png\" alt=\"\"><\/button>\n\n      <\/div>\n<\/div>\n\n      \n\n\n\n\n\n\n\n\n\n\n<div class=\"\">\n\n  \n\n    \n            <div class=\"education\">\n                    <div class=\"row\">\n                      <div class=\"col-xxl-12\">\n                        <h2 class=\"orange\">Edukacja<\/h2>\n                      <\/div>\n                    <\/div>\n\n                    <div class=\"education_sec\">\n\n                            <div id=\"owl-demo-1\" class=\"owl-carousel owl-theme\">\n                                                                <div class=\"item\">\n                                  <a href=\"https:\/\/rf.gov.pl\/akademia\/edukacja\/wyklady\/\" class=\"lpCls\" data-lpid=\"dp-5072-0\">\n                                        <div class=\"icon_sec\">\n                                            <div class=\"key_ic\">\n                                                                                            <dotlottie-player id=\"dp-5072-0\" data-src=\"https:\/\/rf.gov.pl\/akademia\/wp-content\/uploads\/sites\/2\/2024\/05\/Akademia_book_1.json\" background=\"transparent\" speed=\"1\" style=\"width: 60px; height: 60px; \" direction=\"1\" playMode=\"normal\" loop hover autoplay><\/dotlottie-player>\n                                                                                          <\/div>\n                                        <\/div>\n                                      <div class=\"icon_sec_heading\" data-lpid=\"dp-5072-0\">Wyk\u0142ady<\/div>\n                                      <\/a>\n                                    <\/div>\n                                                                <div class=\"item\">\n                                  <a href=\"https:\/\/rf.gov.pl\/akademia\/edukacja\/materialy\/\" class=\"lpCls\" data-lpid=\"dp-5072-1\">\n                                        <div class=\"icon_sec\">\n                                            <div class=\"key_ic\">\n                                                                                            <dotlottie-player id=\"dp-5072-1\" data-src=\"https:\/\/rf.gov.pl\/akademia\/wp-content\/uploads\/sites\/2\/2024\/05\/Akademia_file.json\" background=\"transparent\" speed=\"1\" style=\"width: 60px; height: 60px; \" direction=\"1\" playMode=\"normal\" loop hover autoplay><\/dotlottie-player>\n                                                                                          <\/div>\n                                        <\/div>\n                                      <div class=\"icon_sec_heading\" data-lpid=\"dp-5072-1\">Materia\u0142y<\/div>\n                                      <\/a>\n                                    <\/div>\n                                                                <div class=\"item\">\n                                  <a href=\"https:\/\/rf.gov.pl\/akademia\/edukacja\/audycje\/\" class=\"lpCls\" data-lpid=\"dp-5072-2\">\n                                        <div class=\"icon_sec\">\n                                            <div class=\"key_ic\">\n                                                                                            <dotlottie-player id=\"dp-5072-2\" data-src=\"https:\/\/rf.gov.pl\/akademia\/wp-content\/uploads\/sites\/2\/2024\/05\/Akademia_microphone.json\" background=\"transparent\" speed=\"1\" style=\"width: 60px; height: 60px; \" direction=\"1\" playMode=\"normal\" loop hover autoplay><\/dotlottie-player>\n                                                                                          <\/div>\n                                        <\/div>\n                                      <div class=\"icon_sec_heading\" data-lpid=\"dp-5072-2\">Audycje<\/div>\n                                      <\/a>\n                                    <\/div>\n                                                                <div class=\"item\">\n                                  <a href=\"https:\/\/rf.gov.pl\/akademia\/faq\/\" class=\"lpCls\" data-lpid=\"dp-5072-3\">\n                                        <div class=\"icon_sec\">\n                                            <div class=\"key_ic\">\n                                                                                            <dotlottie-player id=\"dp-5072-3\" data-src=\"https:\/\/rf.gov.pl\/akademia\/wp-content\/uploads\/sites\/2\/2024\/05\/Akademia_FAQ.json\" background=\"transparent\" speed=\"1\" style=\"width: 60px; height: 60px; \" direction=\"1\" playMode=\"normal\" loop hover autoplay><\/dotlottie-player>\n                                                                                          <\/div>\n                                        <\/div>\n                                      <div class=\"icon_sec_heading\" data-lpid=\"dp-5072-3\">Pytania i odpowiedzi<\/div>\n                                      <\/a>\n                                    <\/div>\n                              \n\n                            <\/div>\n                    <\/div>\n\n            <\/div>\n\n\n    \n\n\n\n    \n    <\/div>\n\n    \n\n\n  \n<div class=\"\">\n<div class=\"tags\">\n<h2>Tagi<\/h2>\n \n<p>\n    \n\t\n      <a class=\"btn btn-outline-primary\" href=\"https:\/\/rf.gov.pl\/akademia\/en\/\/?s=Istotny+pogl\u0105d&#038;tag=Istotny+pogl\u0105d\">Istotny pogl\u0105d<\/a>\n\n\t\n      <a class=\"btn btn-outline-primary\" href=\"https:\/\/rf.gov.pl\/akademia\/en\/\/?s=Konkurs&#038;tag=Konkurs\">Konkurs<\/a>\n\n\t\n  \t\n  \t\n  \t\n  \t\n  \t\n  \t\n  \t\n  \t\n  \t\n  \t\n  \t\n  \t\n  \n\n\n<\/div>\n\n\n<\/div>\n\n","protected":false},"excerpt":{"rendered":"","protected":false},"author":1,"featured_media":0,"parent":0,"menu_order":0,"comment_status":"closed","ping_status":"closed","template":"page-templates\/template-home-page.php","meta":{"_acf_changed":false,"inline_featured_image":false,"footnotes":"","_links_to":"","_links_to_target":""},"class_list":["post-516","page","type-page","status-publish","hentry"],"acf":[],"_links":{"self":[{"href":"https:\/\/rf.gov.pl\/akademia\/en\/wp-json\/wp\/v2\/pages\/516","targetHints":{"allow":["GET"]}}],"collection":[{"href":"https:\/\/rf.gov.pl\/akademia\/en\/wp-json\/wp\/v2\/pages"}],"about":[{"href":"https:\/\/rf.gov.pl\/akademia\/en\/wp-json\/wp\/v2\/types\/page"}],"author":[{"embeddable":true,"href":"https:\/\/rf.gov.pl\/akademia\/en\/wp-json\/wp\/v2\/users\/1"}],"replies":[{"embeddable":true,"href":"https:\/\/rf.gov.pl\/akademia\/en\/wp-json\/wp\/v2\/comments?post=516"}],"version-history":[{"count":28,"href":"https:\/\/rf.gov.pl\/akademia\/en\/wp-json\/wp\/v2\/pages\/516\/revisions"}],"predecessor-version":[{"id":1745,"href":"https:\/\/rf.gov.pl\/akademia\/en\/wp-json\/wp\/v2\/pages\/516\/revisions\/1745"}],"wp:attachment":[{"href":"https:\/\/rf.gov.pl\/akademia\/en\/wp-json\/wp\/v2\/media?parent=516"}],"curies":[{"name":"wp","href":"https:\/\/api.w.org\/{rel}","templated":true}]}}