   {"id":1326,"date":"2024-07-16T12:47:28","date_gmt":"2024-07-16T10:47:28","guid":{"rendered":"https:\/\/rf.gov.pl\/akademia\/?page_id=1326"},"modified":"2024-08-08T13:32:08","modified_gmt":"2024-08-08T11:32:08","slug":"ankieta-dotyczaca-swiadomosci-w-obszarze-kryptowalut","status":"publish","type":"page","link":"https:\/\/rf.gov.pl\/akademia\/aktualnosci\/ankieta-dotyczaca-swiadomosci-w-obszarze-kryptowalut\/","title":{"rendered":"Ankieta dotycz\u0105ca \u015bwiadomo\u015bci w obszarze kryptowalut"},"content":{"rendered":"\n<p>Serdecznie zapraszamy do wype\u0142nienia ankiety. Uzyskanie odpowiedzi na postawione w niej pytania ma na celu sprawdzenie, jak ankietowani oceniaj\u0105 swoj\u0105 wiedz\u0119 w obszarze zwi\u0105zanym z kryptowalutami, jakie maj\u0105 oczekiwania wzgl\u0119dem przysz\u0142o\u015bci rynku kryptowalut oraz jak postrzegaj\u0105 wyst\u0119pujace na nim zagro\u017cenia. <\/p>\n\n\n\n<p><a href=\"https:\/\/forms.office.com\/e\/m6Nz0hffjz\" target=\"_blank\" rel=\"noopener\">Ankieta<\/a><\/p>\n\n\n\n<p><\/p>\n","protected":false},"excerpt":{"rendered":"<p>Serdecznie zapraszamy do wype\u0142nienia ankiety. Uzyskanie odpowiedzi na postawione w niej pytania ma na celu sprawdzenie, jak ankietowani oceniaj\u0105 swoj\u0105 wiedz\u0119 w obszarze zwi\u0105zanym z kryptowalutami, jakie maj\u0105 oczekiwania wzgl\u0119dem przysz\u0142o\u015bci rynku kryptowalut oraz jak postrzegaj\u0105 wyst\u0119pujace na nim zagro\u017cenia. Ankieta<\/p>\n","protected":false},"author":1,"featured_media":0,"parent":136,"menu_order":0,"comment_status":"closed","ping_status":"closed","template":"single-post.php","meta":{"_acf_changed":false,"inline_featured_image":false,"footnotes":"","_links_to":"","_links_to_target":""},"class_list":["post-1326","page","type-page","status-publish","hentry"],"acf":[],"_links":{"self":[{"href":"https:\/\/rf.gov.pl\/akademia\/wp-json\/wp\/v2\/pages\/1326","targetHints":{"allow":["GET"]}}],"collection":[{"href":"https:\/\/rf.gov.pl\/akademia\/wp-json\/wp\/v2\/pages"}],"about":[{"href":"https:\/\/rf.gov.pl\/akademia\/wp-json\/wp\/v2\/types\/page"}],"author":[{"embeddable":true,"href":"https:\/\/rf.gov.pl\/akademia\/wp-json\/wp\/v2\/users\/1"}],"replies":[{"embeddable":true,"href":"https:\/\/rf.gov.pl\/akademia\/wp-json\/wp\/v2\/comments?post=1326"}],"version-history":[{"count":2,"href":"https:\/\/rf.gov.pl\/akademia\/wp-json\/wp\/v2\/pages\/1326\/revisions"}],"predecessor-version":[{"id":1354,"href":"https:\/\/rf.gov.pl\/akademia\/wp-json\/wp\/v2\/pages\/1326\/revisions\/1354"}],"up":[{"embeddable":true,"href":"https:\/\/rf.gov.pl\/akademia\/wp-json\/wp\/v2\/pages\/136"}],"wp:attachment":[{"href":"https:\/\/rf.gov.pl\/akademia\/wp-json\/wp\/v2\/media?parent=1326"}],"curies":[{"name":"wp","href":"https:\/\/api.w.org\/{rel}","templated":true}]}}