   {"id":134,"date":"2024-02-07T07:17:56","date_gmt":"2024-02-07T06:17:56","guid":{"rendered":"https:\/\/rf.gov.pl\/akademia\/kontakt\/"},"modified":"2024-08-07T15:54:25","modified_gmt":"2024-08-07T13:54:25","slug":"kontakt","status":"publish","type":"page","link":"https:\/\/rf.gov.pl\/akademia\/kontakt\/","title":{"rendered":"Kontakt"},"content":{"rendered":"\n<div class=\"\">\n\n            <div class=\"contact_box\">\n                        <div class=\"row\">\n                                <div class=\"col-xxl-7 col-xl-7 col-lg-12 col-md-12 col-sm-12\">\n                                    <h2 class=\"sub_page_h2_orange\">Biuro Rzecznika Finansowego<\/h2>\n\n                                  \n\n                                                                                ul. Nowogrodzka 47A, 00-695 Warszawa<br>\n                                                                                                                                    NIP: 525 15 66 173<br>\n                                                                                                                                    REGON: 011335893<br>\n                                                                                                                                                                                                                             \n                                                                                            \n                                            W sprawach Akademii (praktyk studenckich) prosimy o kontakt: <a href=\"akademia@rf.gov.pl\">akademia@rf.gov.pl<\/a><br>\r\n\r\nW sprawach Konkursu prosimy o kontakt: <a href=\"konkursy@rf.gov.pl\">konkursy@rf.gov.pl<\/a><br>\r\n\r\nW kwestii dzia\u0142alno\u015bci edukacyjnej Biura Rzecznika Finansowego (w szczeg\u00f3lno\u015bci w sprawie organizacji lekcji dla szk\u00f3\u0142 \u015brednich) prosimy kontaktowa\u0107 si\u0119 z sekretariatem Departamentu Edukacji i Komunikacji: <a href=\"sekretariat.dek@rf.gov.pl\">sekretariat.dek@rf.gov.pl<\/a><br>\n                                            \n                                <\/div>\n                                <div class=\"col-xxl-5 col-xl-5 col-lg-12 col-md-12 col-sm-12\">\n\n                                            \n\n                                            \n                                <\/div>\n                        <\/div>\n\n\n            <\/div>\n\n\n\n<\/div>\n\n\n\n\n<div style=\"height:80px\" aria-hidden=\"true\" class=\"wp-block-spacer\"><\/div>\n","protected":false},"excerpt":{"rendered":"<p>Informacje o mo\u017cliwych drogach kontaktu z nimi znajdziecie Pa\u0144stwo poni\u017cej.<\/p>\n","protected":false},"author":1,"featured_media":1024,"parent":0,"menu_order":0,"comment_status":"closed","ping_status":"closed","template":"page-templates\/template-inner-page.php","meta":{"_acf_changed":false,"inline_featured_image":false,"footnotes":"","_links_to":"","_links_to_target":""},"class_list":["post-134","page","type-page","status-publish","has-post-thumbnail","hentry"],"acf":[],"_links":{"self":[{"href":"https:\/\/rf.gov.pl\/akademia\/wp-json\/wp\/v2\/pages\/134","targetHints":{"allow":["GET"]}}],"collection":[{"href":"https:\/\/rf.gov.pl\/akademia\/wp-json\/wp\/v2\/pages"}],"about":[{"href":"https:\/\/rf.gov.pl\/akademia\/wp-json\/wp\/v2\/types\/page"}],"author":[{"embeddable":true,"href":"https:\/\/rf.gov.pl\/akademia\/wp-json\/wp\/v2\/users\/1"}],"replies":[{"embeddable":true,"href":"https:\/\/rf.gov.pl\/akademia\/wp-json\/wp\/v2\/comments?post=134"}],"version-history":[{"count":20,"href":"https:\/\/rf.gov.pl\/akademia\/wp-json\/wp\/v2\/pages\/134\/revisions"}],"predecessor-version":[{"id":1351,"href":"https:\/\/rf.gov.pl\/akademia\/wp-json\/wp\/v2\/pages\/134\/revisions\/1351"}],"wp:featuredmedia":[{"embeddable":true,"href":"https:\/\/rf.gov.pl\/akademia\/wp-json\/wp\/v2\/media\/1024"}],"wp:attachment":[{"href":"https:\/\/rf.gov.pl\/akademia\/wp-json\/wp\/v2\/media?parent=134"}],"curies":[{"name":"wp","href":"https:\/\/api.w.org\/{rel}","templated":true}]}}