   {"id":135,"date":"2024-02-07T07:17:10","date_gmt":"2024-02-07T06:17:10","guid":{"rendered":"https:\/\/rf.gov.pl\/akademia\/edukacja\/"},"modified":"2024-07-15T17:57:37","modified_gmt":"2024-07-15T15:57:37","slug":"edukacja","status":"publish","type":"page","link":"https:\/\/rf.gov.pl\/akademia\/edukacja\/","title":{"rendered":"Edukacja"},"content":{"rendered":"\n<p>Rzecznik Finansowy inicjuje i wspiera r\u00f3\u017cne dzia\u0142ania edukacyjne i informacyjne w zakresie zwi\u0119kszania \u015bwiadomo\u015bci finansowej spo\u0142ecze\u0144stwa, w szczeg\u00f3lno\u015bci w dziedzinie funkcjonowania rynku finansowego, wykorzystania innowacyjnych technologii i mo\u017cliwych zagro\u017ce\u0144 wyst\u0119puj\u0105cych w tych dziedzinach.<\/p>\n\n\n\n<p>W swoich dzia\u0142aniach kieruje si\u0119 informacjami i wytycznymi przedstawionymi w Krajowej Strategii Edukacji Finansowej, w kt\u00f3rej opracowaniu uczestniczy\u0142. Uwzgl\u0119dnia te\u017c wyniki najnowszych bada\u0144 z zakresu metod edukacji, bior\u0105c pod uwag\u0119 potrzeby r\u00f3\u017cnych grup odbiorc\u00f3w.<\/p>\n\n\n\n<p>Rzecznik Finansowy prowadzi swoje profile na portalach <a href=\"https:\/\/www.facebook.com\/RzecznikFinansowy\" target=\"_blank\" rel=\"noopener\">Facebook<\/a>, <a href=\"https:\/\/www.instagram.com\/rzecznikfinansowy\/\" target=\"_blank\" rel=\"noopener\">Instagram<\/a>, <a href=\"https:\/\/pl.linkedin.com\/company\/rzecznik-finansowy\" target=\"_blank\" rel=\"noopener\">LinkedIn<\/a>, <a href=\"https:\/\/twitter.com\/RzecznikFin\" target=\"_blank\" rel=\"noopener\">X (d. Twitter)<\/a>, gdzie na bie\u017c\u0105co informuje o swoich dzia\u0142aniach, a tak\u017ce o wydarzeniach wa\u017cnych z punktu widzenia klient\u00f3w.<\/p>\n\n\n\n<p>Pracownicy Biura Rzecznika organizuj\u0105 r\u00f3\u017cne typy wydarze\u0144:<\/p>\n\n\n\n<p>\u2013 konferencje naukowe i bran\u017cowe, maj\u0105ce na celu analiz\u0119 zagadnie\u0144 istotnych z perspektywy ochrony klient\u00f3w podmiot\u00f3w rynku finansowego,<\/p>\n\n\n\n<p>\u2013 akcje edukacyjne w r\u00f3\u017cnych miejscowo\u015bciach w Polsce, w trakcie kt\u00f3rych informuj\u0105 o dzia\u0142alno\u015bci Rzecznika, a tak\u017ce edukuj\u0105 klient\u00f3w (ze szczeg\u00f3lnym uwzgl\u0119dnieniem m\u0142odzie\u017cy i senior\u00f3w),<\/p>\n\n\n\n<p>\u2013 <a href=\"https:\/\/rf.gov.pl\/baza-wiedzy\/webinaria\/\">webinaria<\/a>, czyli otwarte spotkania online skierowane do Miejskich i Powiatowych Rzecznik\u00f3w Konsument\u00f3w, prawnik\u00f3w-praktyk\u00f3w oraz klient\u00f3w podmiot\u00f3w rynku finansowego.<\/p>\n\n\n\n<p>Przedstawiciele Rzecznika regularnie uczestnicz\u0105 r\u00f3wnie\u017c w konferencjach i mi\u0119dzyinstytucjonalnych spotkaniach grup roboczych, organizowanych przez uczelnie, instytucje publiczne i inne podmioty zewn\u0119trzne, prezentuj\u0105c stanowiska maj\u0105ce na celu popraw\u0119 sytuacji klient\u00f3w.<\/p>\n\n\n\n<p>Co roku organizowany jest <a href=\"https:\/\/rf.gov.pl\/edukacja\/konkursy\/\">Konkurs o Nagrod\u0119 Rzecznika Finansowego<\/a> za najlepsz\u0105 rozpraw\u0119 habilitacyjn\u0105 i doktorsk\u0105 oraz prac\u0119 magistersk\u0105 i licencjack\u0105 z zakresu ochrony klienta na rynku finansowym.<\/p>\n\n\n\n<p>Pracownicy Biura Rzecznika przygotowuj\u0105 <a href=\"https:\/\/rf.gov.pl\/edukacja\/scenariusze-zajec\/\">scenariusze zaj\u0119\u0107<\/a> dla szk\u00f3\u0142 ponadpodstawowych z zakresu szeroko poj\u0119tej edukacji finansowej. Rzecznik wspiera te\u017c projekty edukacyjne uczelni i innych podmiot\u00f3w, udzielaj\u0105c patronatu czy w\u0142\u0105czaj\u0105c si\u0119 w dzia\u0142ania w charakterze partnera.<\/p>\n\n\n\n<p>W celu prowadzenia dzia\u0142a\u0144 edukacyjnych w\u015br\u00f3d studentek i student\u00f3w prawa powsta\u0142a Akademia Rzecznika Finansowego \u2013 innowacyjny system praktyk, umo\u017cliwiaj\u0105cy nabycie wielu umiej\u0119tno\u015bci praktycznych.<\/p>\n\n\n\n<p>Ponadto Rzecznik tworzy i publikuje tre\u015bci edukacyjne w ramach r\u00f3\u017cnych format\u00f3w i zamieszcza je na <a href=\"https:\/\/www.youtube.com\/@rzecznik_finansowy\" target=\"_blank\" rel=\"noopener\">kanale YouTube<\/a> i w mediach spo\u0142eczno\u015bciowych.<\/p>\n\n\n\n\n<div class=\"\">\n\n<div class=\"onas_sec\">\n\n    \n\n      <ul class=\"row\">\n\n\n      \n                    \n                    <li class=\"col-xxl-4 col-xl-4 col-lg-4 col-md-6 col-sm-12 main_sec\">\n                    <a href=\"https:\/\/rf.gov.pl\/akademia\/?post_type=page&#038;p=1380\" class=\"lpCls\" data-lpid=\"dp-7204-1380\">\n                        <div class=\"onas_box main_sec_box\">\n                        <div class=\"onas_img\">\n\n                                            <img decoding=\"async\" src=\"https:\/\/rf.gov.pl\/akademia\/wp-content\/uploads\/sites\/2\/2024\/03\/passed.svg\" alt=\"\">\n                \n\n                        <\/div>\n                        <div class=\"onas_text\">\n                                                                                    Artyku\u0142y                                                    <\/div>\n                        <\/div>\n                    <\/a>\n                    <\/li>\n\n                \n                    <li class=\"col-xxl-4 col-xl-4 col-lg-4 col-md-6 col-sm-12 main_sec\">\n                    <a href=\"https:\/\/rf.gov.pl\/akademia\/?post_type=page&#038;p=150\" class=\"lpCls\" data-lpid=\"dp-7204-150\">\n                        <div class=\"onas_box main_sec_box\">\n                        <div class=\"onas_img\">\n\n                                        <dotlottie-player id=\"dp-7204-150\" data-src=\"https:\/\/rf.gov.pl\/akademia\/wp-content\/uploads\/sites\/2\/2024\/05\/Akademia_user.json\" background=\"transparent\" speed=\"1\" style=\"width: 82px; height: 82px\" direction=\"1\" playMode=\"normal\" loop hover autoplay><\/dotlottie-player>\n                \n\n                        <\/div>\n                        <div class=\"onas_text\">\n                                                                                Wyk\u0142ady i webinaria \n                                                <\/div>\n                        <\/div>\n                    <\/a>\n                    <\/li>\n\n                \n                    <li class=\"col-xxl-4 col-xl-4 col-lg-4 col-md-6 col-sm-12 main_sec\">\n                    <a href=\"https:\/\/rf.gov.pl\/akademia\/?post_type=page&#038;p=152\" class=\"lpCls\" data-lpid=\"dp-7204-152\">\n                        <div class=\"onas_box main_sec_box\">\n                        <div class=\"onas_img\">\n\n                                        <dotlottie-player id=\"dp-7204-152\" data-src=\"https:\/\/rf.gov.pl\/akademia\/wp-content\/uploads\/sites\/2\/2024\/05\/Akademia_file.json\" background=\"transparent\" speed=\"1\" style=\"width: 82px; height: 82px\" direction=\"1\" playMode=\"normal\" loop hover autoplay><\/dotlottie-player>\n                \n\n                        <\/div>\n                        <div class=\"onas_text\">\n                                                                                    Materia\u0142y                                                    <\/div>\n                        <\/div>\n                    <\/a>\n                    <\/li>\n\n                \n                    <li class=\"col-xxl-4 col-xl-4 col-lg-4 col-md-6 col-sm-12 main_sec\">\n                    <a href=\"https:\/\/rf.gov.pl\/akademia\/?post_type=page&#038;p=154\" class=\"lpCls\" data-lpid=\"dp-7204-154\">\n                        <div class=\"onas_box main_sec_box\">\n                        <div class=\"onas_img\">\n\n                                        <dotlottie-player id=\"dp-7204-154\" data-src=\"https:\/\/rf.gov.pl\/akademia\/wp-content\/uploads\/sites\/2\/2024\/05\/Akademia_microphone.json\" background=\"transparent\" speed=\"1\" style=\"width: 82px; height: 82px\" direction=\"1\" playMode=\"normal\" loop hover autoplay><\/dotlottie-player>\n                \n\n                        <\/div>\n                        <div class=\"onas_text\">\n                                                                                    Audycje                                                    <\/div>\n                        <\/div>\n                    <\/a>\n                    <\/li>\n\n                \n                  <\/ul>\n\n<\/div>\n\n\n<\/div>\n\n\n<p><\/p>\n","protected":false},"excerpt":{"rendered":"<p>Dzia\u0142ania w obszarze edukacji finansowej to istotny element aktywno\u015bci Biura Rzecznika Finansowego.<\/p>\n","protected":false},"author":1,"featured_media":1243,"parent":0,"menu_order":0,"comment_status":"closed","ping_status":"closed","template":"page-templates\/template-sub-page.php","meta":{"_acf_changed":false,"inline_featured_image":false,"footnotes":"","_links_to":"","_links_to_target":""},"class_list":["post-135","page","type-page","status-publish","has-post-thumbnail","hentry"],"acf":[],"_links":{"self":[{"href":"https:\/\/rf.gov.pl\/akademia\/wp-json\/wp\/v2\/pages\/135","targetHints":{"allow":["GET"]}}],"collection":[{"href":"https:\/\/rf.gov.pl\/akademia\/wp-json\/wp\/v2\/pages"}],"about":[{"href":"https:\/\/rf.gov.pl\/akademia\/wp-json\/wp\/v2\/types\/page"}],"author":[{"embeddable":true,"href":"https:\/\/rf.gov.pl\/akademia\/wp-json\/wp\/v2\/users\/1"}],"replies":[{"embeddable":true,"href":"https:\/\/rf.gov.pl\/akademia\/wp-json\/wp\/v2\/comments?post=135"}],"version-history":[{"count":9,"href":"https:\/\/rf.gov.pl\/akademia\/wp-json\/wp\/v2\/pages\/135\/revisions"}],"predecessor-version":[{"id":1232,"href":"https:\/\/rf.gov.pl\/akademia\/wp-json\/wp\/v2\/pages\/135\/revisions\/1232"}],"wp:featuredmedia":[{"embeddable":true,"href":"https:\/\/rf.gov.pl\/akademia\/wp-json\/wp\/v2\/media\/1243"}],"wp:attachment":[{"href":"https:\/\/rf.gov.pl\/akademia\/wp-json\/wp\/v2\/media?parent=135"}],"curies":[{"name":"wp","href":"https:\/\/api.w.org\/{rel}","templated":true}]}}