   {"id":148,"date":"2024-02-20T09:54:39","date_gmt":"2024-02-20T08:54:39","guid":{"rendered":"https:\/\/rf.gov.pl\/akademia\/?page_id=148"},"modified":"2026-02-12T17:19:29","modified_gmt":"2026-02-12T16:19:29","slug":"o-akademii","status":"publish","type":"page","link":"https:\/\/rf.gov.pl\/akademia\/o-akademii\/","title":{"rendered":"O Akademii"},"content":{"rendered":"\n<p><strong><em>Akademia Rzecznika Finansowego<\/em><\/strong>&nbsp;to inicjatywa edukacyjna, dzi\u0119ki kt\u00f3rej osoby podejmuj\u0105ce studia z zakresu prawa i kierunk\u00f3w pokrewnych na uczelniach partnerskich (tj. obecnie kilkunastu uniwersytetach w Polsce) mog\u0105 zdoby\u0107 zaawansowan\u0105 wiedz\u0119 na temat mechanizm\u00f3w ochrony klient\u00f3w podmiot\u00f3w rynku finansowego, a tak\u017ce wiele umiej\u0119tno\u015bci praktycznych. To nowatorski system praktyk studenckich, sk\u0142adaj\u0105cy si\u0119 z dw\u00f3ch zasadniczych element\u00f3w:&nbsp;<\/p>\n\n\n\n<ul class=\"wp-block-list\">\n<li>wyk\u0142ad\u00f3w i konwersatori\u00f3w na temat funkcjonowania systemu ochrony klient\u00f3w rynku finansowego,<\/li>\n\n\n\n<li>pracy w grupach nad konkretnymi sprawami pod okiem specjalist\u00f3w z Biura Rzecznika Finansowego.<\/li>\n<\/ul>\n\n\n\n<p>Szkolenia w ramach Akademii prowadzone s\u0105 przez: pracownik\u00f3w Biura Rzecznika Finansowego, nauczycieli akademickich i innych ekspert\u00f3w zewn\u0119trznych. Cz\u0119\u015b\u0107 praktyczna zorganizowana jest we wsp\u00f3\u0142pracy z poszczeg\u00f3lnymi jednostkami Biura Rzecznika Finansowego i obejmuje w szczeg\u00f3lno\u015bci: analizowanie spraw, przygotowywanie dokumentacji, dokonywanie wyk\u0142adni prawa oraz sporz\u0105dzanie pism procesowych.<\/p>\n\n\n\n<p>Akademia adresowana jest do os\u00f3b zainteresowanych przede wszystkim prawnymi aspektami ochrony klient\u00f3w podmiot\u00f3w rynku finansowego, jednak w edycji organizowanej w 2024 r. w zaj\u0119ciach uczestniczy\u0142y te\u017c osoby studiuj\u0105ce na innych kierunkach ni\u017c prawo.<\/p>\n\n\n\n<p>I edycja Akademii odby\u0142a si\u0119 w sierpniu 2023 r., a w 2024 r. kolejne edycje mia\u0142y miejsce si\u0119 w lipcu i sierpniu. <\/p>\n\n\n\n<p><strong>W roku 2025 r\u00f3wnie\u017c odb\u0119d\u0105 si\u0119 dwie edycje, w lipcu oraz sierpniu. Obecnie przyjmujemy zg\u0142oszenia &#8211; nab\u00f3r trwa do 31 maja.<\/strong><\/p>\n\n\n\n<p><\/p>\n\n\n\n<p><em>W szerszym sensie, Akademia RF to ca\u0142okszta\u0142t <a href=\"https:\/\/rf.gov.pl\/akademia\/edukacja\/\">dzia\u0142a\u0144 edukacyjnych prowadzonych przez Biuro Rzecznika Finansowego<\/a> w zakresie zwi\u0119kszania \u015bwiadomo\u015bci finansowej spo\u0142ecze\u0144stwa, w szczeg\u00f3lno\u015bci w dziedzinie funkcjonowania rynku finansowego, wykorzystania innowacyjnych technologii i mo\u017cliwych zagro\u017ce\u0144 wyst\u0119puj\u0105cych w tych dziedzinach. Dzia\u0142ania te prowadzone s\u0105 zar\u00f3wno online (<a href=\"https:\/\/rf.gov.pl\/baza-wiedzy\/webinaria\/\">webinaria<\/a> i materia\u0142y zamieszczane na <a href=\"https:\/\/www.youtube.com\/@rzecznik_finansowy\" target=\"_blank\" rel=\"noopener\">kanale YouTube<\/a>), jak i w r\u00f3\u017cnych cz\u0119\u015bciach Polski (m.in. poprzez akcje edukacyjne, <a href=\"https:\/\/rf.gov.pl\/edukacja\/konkursy\/\">Konkurs<\/a> o Nagrod\u0119 Rzecznika Finansowego, lekcje dla szk\u00f3\u0142, udzia\u0142 w konferencjach).<\/em><\/p>\n\n\n\n<p><\/p>\n\n\n\n<p><\/p>\n\n\n\n<p><strong>Przyk\u0142adowa tematyka zaj\u0119\u0107 w ramach Akademii:<\/strong><\/p>\n\n\n\n<ul class=\"wp-block-list\">\n<li>Rzecznik Finansowy w systemie organ\u00f3w ochrony praw jednostki<\/li>\n<\/ul>\n\n\n\n<ul class=\"wp-block-list\">\n<li>Wprowadzenie do problematyki instrument\u00f3w finansowych<\/li>\n<\/ul>\n\n\n\n<ul class=\"wp-block-list\">\n<li>Rynek bankowy: aktualne wyzwania<\/li>\n<\/ul>\n\n\n\n<ul class=\"wp-block-list\">\n<li>Prawa klienta rynku bankowo-kapita\u0142owego<\/li>\n<\/ul>\n\n\n\n<ul class=\"wp-block-list\">\n<li>Prawa klienta rynku ubezpieczeniowo-emerytalnego<\/li>\n<\/ul>\n\n\n\n<ul class=\"wp-block-list\">\n<li>Teoria alternatywnego rozwi\u0105zywania spor\u00f3w (ADR) \u2013 jako wprowadzenie do pozas\u0105dowych metod rozwi\u0105zywania spor\u00f3w mi\u0119dzy klientem a podmiotem rynku finansowego<\/li>\n<\/ul>\n\n\n\n<ul class=\"wp-block-list\">\n<li>Post\u0119powania sankcyjne i kary nak\u0142adane na podmioty rynku finansowego<\/li>\n<\/ul>\n\n\n\n<ul class=\"wp-block-list\">\n<li>Trendy w zakresie prawnych regulacji chroni\u0105cych interesy konsument\u00f3w<\/li>\n<\/ul>\n\n\n\n<ul class=\"wp-block-list\">\n<li>Orzecznictwo s\u0105d\u00f3w krajowych i europejskich w zakresie prawa konsumenckiego<\/li>\n<\/ul>\n\n\n\n<ul class=\"wp-block-list\">\n<li>Ekonomia behawioralna i finanse behawioralne<\/li>\n\n\n\n<li>Kryptoaktywa<\/li>\n<\/ul>\n\n\n\n<ul class=\"wp-block-list\">\n<li>Sztuczna inteligencja i nowe technologie a ochrona praw konsument\u00f3w na rynku finansowym<\/li>\n<\/ul>\n\n\n\n<ul class=\"wp-block-list\">\n<li><em>i wiele innych!<\/em><\/li>\n<\/ul>\n\n\n\n<p><strong>Macie inne pytania? Napiszcie do nas:&nbsp;<a class=\"\" href=\"mailto:akademia@rf.gov.pl\">akademia@rf.gov.pl<\/a><\/strong><\/p>\n\n\n\n<p>Chcesz wzi\u0105\u0107 udzia\u0142 w Akademii w 2025 roku? Czekamy na zg\u0142oszenia!<\/p>\n\n\n\n\n<div class=\"\">\n\n\n\n\n\n<div class=\"legal\">\n<ul>\n\n    \n    <li> \n        <div class=\"legal_left\">\n         <a href=\"https:\/\/rf.gov.pl\/akademia\/faq\/\" target=\"_blank\" class=\"text_underline\">Pytania i odpowiedzi <\/a> <\/div> <div class=\"legal_right\"><img decoding=\"async\" src=\"https:\/\/rf.gov.pl\/akademia\/wp-content\/themes\/rfmain\/images\/legal_arrow.svg\" alt=\"\"><\/div> <\/li>\n\n\n <\/ul>\n<\/div>\n<div class=\"space_40\"><\/div>\n\n<\/div>\n\n\n<figure class=\"wp-block-embed is-type-video is-provider-youtube wp-block-embed-youtube wp-embed-aspect-16-9 wp-has-aspect-ratio\"><div class=\"wp-block-embed__wrapper\">\n<iframe loading=\"lazy\" title=\"Dlaczego warto uczestniczy\u0107 w Akademii Rzecznika Finansowego? | Akademia #1\" width=\"640\" height=\"360\" src=\"https:\/\/www.youtube.com\/embed\/tD1cbW_wO64?start=2&#038;feature=oembed\" frameborder=\"0\" allow=\"accelerometer; autoplay; clipboard-write; encrypted-media; gyroscope; picture-in-picture; web-share\" referrerpolicy=\"strict-origin-when-cross-origin\" allowfullscreen><\/iframe>\n<\/div><\/figure>\n\n\n\n<p><strong>Do pobrania<\/strong><\/p>\n\n\n\n\n\n<div class=\"\">\n\n  \n  <div class=\"download\">\n    <ul>\n      \n      \n\n      \n      <li\n        class=\"col-xxl-12 col-xl-12 col-lg-12 col-md-12 col-sm-12 main_sec \">\n        <a href=\"https:\/\/rf.gov.pl\/akademia\/wp-content\/uploads\/sites\/2\/2024\/05\/Klauzule-informacyjne-dzialania-edukacyjne-1.pdf\" title=\"Klauzula informacyjna\" download> <img decoding=\"async\"\n            src=\"https:\/\/rf.gov.pl\/akademia\/wp-content\/themes\/rfmain\/images\/download-file 1.svg\" alt=\"\">\n          <div class=\"disc\"> <strong>Klauzula informacyjna <\/strong> (PDF ,\n            0.34 MB)<\/div>\n        <\/a><\/li>\n\n      \n      \n\n      \n    <\/ul>\n  <\/div>\n\n<\/div>\n\n\n\n\n\n\n\n<div class=\"\">\n\n\n\n\n\n<div class=\"legal\">\n<ul>\n\n    \n    <li> \n        <div class=\"legal_left\">\n         <a href=\"https:\/\/rf.gov.pl\/akademia\/polityka-prywatnosci\/\" target=\"_blank\" class=\"text_underline\">Informacje dotycz\u0105ce przetwarzania danych w Biurze Rzecznika Finansowego <\/a> <\/div> <div class=\"legal_right\"><img decoding=\"async\" src=\"https:\/\/rf.gov.pl\/akademia\/wp-content\/themes\/rfmain\/images\/legal_arrow.svg\" alt=\"\"><\/div> <\/li>\n\n\n <\/ul>\n<\/div>\n<div class=\"space_40\"><\/div>\n\n<\/div>","protected":false},"excerpt":{"rendered":"<p>Akademia to innowacyjny system praktyk studenckich w Biurze Rzecznika Finansowego. W szerszym sensie, Akademia to ca\u0142okszta\u0142t dzia\u0142a\u0144 edukacyjnych prowadzonych przez nasz\u0105 instytucj\u0119.<\/p>\n","protected":false},"author":1,"featured_media":994,"parent":0,"menu_order":0,"comment_status":"closed","ping_status":"closed","template":"page-templates\/template-inner-page.php","meta":{"_acf_changed":false,"inline_featured_image":false,"footnotes":"","_links_to":"","_links_to_target":""},"class_list":["post-148","page","type-page","status-publish","has-post-thumbnail","hentry"],"acf":[],"_links":{"self":[{"href":"https:\/\/rf.gov.pl\/akademia\/wp-json\/wp\/v2\/pages\/148","targetHints":{"allow":["GET"]}}],"collection":[{"href":"https:\/\/rf.gov.pl\/akademia\/wp-json\/wp\/v2\/pages"}],"about":[{"href":"https:\/\/rf.gov.pl\/akademia\/wp-json\/wp\/v2\/types\/page"}],"author":[{"embeddable":true,"href":"https:\/\/rf.gov.pl\/akademia\/wp-json\/wp\/v2\/users\/1"}],"replies":[{"embeddable":true,"href":"https:\/\/rf.gov.pl\/akademia\/wp-json\/wp\/v2\/comments?post=148"}],"version-history":[{"count":30,"href":"https:\/\/rf.gov.pl\/akademia\/wp-json\/wp\/v2\/pages\/148\/revisions"}],"predecessor-version":[{"id":1751,"href":"https:\/\/rf.gov.pl\/akademia\/wp-json\/wp\/v2\/pages\/148\/revisions\/1751"}],"wp:featuredmedia":[{"embeddable":true,"href":"https:\/\/rf.gov.pl\/akademia\/wp-json\/wp\/v2\/media\/994"}],"wp:attachment":[{"href":"https:\/\/rf.gov.pl\/akademia\/wp-json\/wp\/v2\/media?parent=148"}],"curies":[{"name":"wp","href":"https:\/\/api.w.org\/{rel}","templated":true}]}}