   {"id":150,"date":"2024-02-20T09:55:51","date_gmt":"2024-02-20T08:55:51","guid":{"rendered":"https:\/\/rf.gov.pl\/akademia\/?page_id=150"},"modified":"2025-04-28T10:50:10","modified_gmt":"2025-04-28T08:50:10","slug":"wyklady","status":"publish","type":"page","link":"https:\/\/rf.gov.pl\/akademia\/edukacja\/wyklady\/","title":{"rendered":"Wyk\u0142ady i webinaria"},"content":{"rendered":"\n<p>W ramach dzia\u0142a\u0144 edukacyjnych, Biuro Rzecznika Finansowego regularnie organizuje otwarte, bezp\u0142atne <a href=\"https:\/\/rf.gov.pl\/baza-wiedzy\/webinaria\/\">webinaria<\/a>. Zach\u0119camy do uczestnictwa.<\/p>\n\n\n\n<p>Zapraszamy r\u00f3wnie\u017c na wyk\u0142ady online, kt\u00f3re publikujemy na naszym kanale YouTube jako &#8220;<a href=\"https:\/\/www.youtube.com\/playlist?list=PL6aVIijYYvMNgTvSACdJbwki7ua-lQYd7\" target=\"_blank\" rel=\"noopener\">Mistrzowskie wyk\u0142ady o finansach<\/a>&#8221; w ramach naszych dzia\u0142a\u0144 w <em>Roku Edukacji Ekonomicznej.<\/em><\/p>\n\n\n\n<p>W czasie wyk\u0142ad\u00f3w mistrzowskich, uznani profesorowie ekonomii, prawa i dyscyplin pokrewnych wyja\u015bniaj\u0105 w przyst\u0119pny spos\u00f3b zagadnienia istotne z perspektywy ochrony konsument\u00f3w na rynku finansowym, wskazuj\u0105, w jaki spos\u00f3b nowe technologie wp\u0142ywaj\u0105 na rynek finansowy i pozycj\u0119 konsument\u00f3w, a tak\u017ce poruszaj\u0105 tematy wa\u017cne z perspektywy gospodarowania finansami osobistymi.<br>Cykl realizowany jest we wsp\u00f3\u0142pracy z <a href=\"https:\/\/rf.gov.pl\/o-nas\/doradczy-komitet-naukowy\/\">Doradczym Komitetem Naukowym<\/a> Rzecznika Finansowego.<\/p>\n\n\n\n<p><\/p>\n\n\n\n<p>Ryzyko w zarz\u0105dzaniu finansami &#8211; prof. dr hab. Krzysztof Jajuga<\/p>\n\n\n\n<figure class=\"wp-block-embed is-type-video is-provider-youtube wp-block-embed-youtube wp-embed-aspect-16-9 wp-has-aspect-ratio\"><div class=\"wp-block-embed__wrapper\">\n<iframe loading=\"lazy\" title=\"Ryzyko w zarz\u0105dzaniu finansami \u2013 Profesor Krzysztof Jajuga | Wyk\u0142ady mistrzowskie o finansach #1\" width=\"640\" height=\"360\" src=\"https:\/\/www.youtube.com\/embed\/RTp3JDKB_gM?start=2&#038;feature=oembed\" frameborder=\"0\" allow=\"accelerometer; autoplay; clipboard-write; encrypted-media; gyroscope; picture-in-picture; web-share\" referrerpolicy=\"strict-origin-when-cross-origin\" allowfullscreen><\/iframe>\n<\/div><\/figure>\n\n\n\n<p>Sztuczna inteligencja a finanse &#8211; prof. dr hab. Krzysztof Jajuga<\/p>\n\n\n\n<figure class=\"wp-block-embed is-type-video is-provider-youtube wp-block-embed-youtube wp-embed-aspect-16-9 wp-has-aspect-ratio\"><div class=\"wp-block-embed__wrapper\">\n<iframe loading=\"lazy\" title=\"Sztuczna inteligencja a finanse \u2013 Profesor Krzysztof Jajuga | Wyk\u0142ady mistrzowskie o finansach #2\" width=\"640\" height=\"360\" src=\"https:\/\/www.youtube.com\/embed\/9Rd_99FH0UM?feature=oembed\" frameborder=\"0\" allow=\"accelerometer; autoplay; clipboard-write; encrypted-media; gyroscope; picture-in-picture; web-share\" referrerpolicy=\"strict-origin-when-cross-origin\" allowfullscreen><\/iframe>\n<\/div><\/figure>\n\n\n\n<p>Uprawnienia kredytobiorcy konsumenta &#8211; dr hab. Edyta Rutkowska-Tomaszewska, prof. UWr<\/p>\n\n\n\n<figure class=\"wp-block-embed is-type-video is-provider-youtube wp-block-embed-youtube wp-embed-aspect-16-9 wp-has-aspect-ratio\"><div class=\"wp-block-embed__wrapper\">\n<iframe loading=\"lazy\" title=\"Uprawnienia kredytobiorcy konsumenta \u2013 Profesor E. Rutkowska-Tomaszewska | Wyk\u0142ady mistrzowskie #3\" width=\"640\" height=\"360\" src=\"https:\/\/www.youtube.com\/embed\/GlpJpSxntoA?feature=oembed\" frameborder=\"0\" allow=\"accelerometer; autoplay; clipboard-write; encrypted-media; gyroscope; picture-in-picture; web-share\" referrerpolicy=\"strict-origin-when-cross-origin\" allowfullscreen><\/iframe>\n<\/div><\/figure>\n\n\n\n<p>Bancassurance w \u015bwietle Rekomendacji U &#8211; dr hab. Dorota Ma\u015bniak, prof. UG<\/p>\n\n\n\n<figure class=\"wp-block-embed is-type-video is-provider-youtube wp-block-embed-youtube wp-embed-aspect-16-9 wp-has-aspect-ratio\"><div class=\"wp-block-embed__wrapper\">\n<iframe loading=\"lazy\" title=\"Bancassurance w \u015bwietle Rekomendacji U \u2013 Profesor  Dorota Ma\u015bniak | Wyk\u0142ady mistrzowskie #4\" width=\"640\" height=\"360\" src=\"https:\/\/www.youtube.com\/embed\/PMP6HMmY5Jc?feature=oembed\" frameborder=\"0\" allow=\"accelerometer; autoplay; clipboard-write; encrypted-media; gyroscope; picture-in-picture; web-share\" referrerpolicy=\"strict-origin-when-cross-origin\" allowfullscreen><\/iframe>\n<\/div><\/figure>\n\n\n\n<p>Indywidualne plany emerytalne \u2013 Profesor Joanna Rutecka-G\u00f3ra&nbsp;<\/p>\n\n\n\n<figure class=\"wp-block-embed is-type-video is-provider-youtube wp-block-embed-youtube wp-embed-aspect-16-9 wp-has-aspect-ratio\"><div class=\"wp-block-embed__wrapper\">\n<iframe loading=\"lazy\" title=\"Indywidualne plany emerytalne \u2013 Profesor Joanna Rutecka-G\u00f3ra | Wyk\u0142ady mistrzowskie #5\" width=\"640\" height=\"360\" src=\"https:\/\/www.youtube.com\/embed\/PfDN9575WcI?feature=oembed\" frameborder=\"0\" allow=\"accelerometer; autoplay; clipboard-write; encrypted-media; gyroscope; picture-in-picture; web-share\" referrerpolicy=\"strict-origin-when-cross-origin\" allowfullscreen><\/iframe>\n<\/div><\/figure>\n\n\n\n<p>Zakres obowi\u0105zkowego ubezpieczenia OC ppm \u2013 Profesor Marcin Orlicki<\/p>\n\n\n\n<figure class=\"wp-block-embed is-type-video is-provider-youtube wp-block-embed-youtube wp-embed-aspect-16-9 wp-has-aspect-ratio\"><div class=\"wp-block-embed__wrapper\">\n<iframe loading=\"lazy\" title=\"Zakres obowi\u0105zkowego ubezpieczenia OC ppm \u2013 Profesor Marcin Orlicki | Wyk\u0142ady mistrzowskie #6\" width=\"640\" height=\"360\" src=\"https:\/\/www.youtube.com\/embed\/gnJQv5ac3kI?feature=oembed\" frameborder=\"0\" allow=\"accelerometer; autoplay; clipboard-write; encrypted-media; gyroscope; picture-in-picture; web-share\" referrerpolicy=\"strict-origin-when-cross-origin\" allowfullscreen><\/iframe>\n<\/div><\/figure>\n\n\n\n<figure class=\"wp-block-embed is-type-video is-provider-youtube wp-block-embed-youtube wp-embed-aspect-16-9 wp-has-aspect-ratio\"><div class=\"wp-block-embed__wrapper\">\n<iframe loading=\"lazy\" title=\"Ubezpieczenie sp\u0142aty kredytu \u2013 Profesor Dorota Ma\u015bniak | Wyk\u0142ady mistrzowskie #7\" width=\"640\" height=\"360\" src=\"https:\/\/www.youtube.com\/embed\/nu7thDq0JAs?feature=oembed\" frameborder=\"0\" allow=\"accelerometer; autoplay; clipboard-write; encrypted-media; gyroscope; picture-in-picture; web-share\" referrerpolicy=\"strict-origin-when-cross-origin\" allowfullscreen><\/iframe>\n<\/div><\/figure>\n\n\n\n<figure class=\"wp-block-embed is-type-video is-provider-youtube wp-block-embed-youtube wp-embed-aspect-16-9 wp-has-aspect-ratio\"><div class=\"wp-block-embed__wrapper\">\n<iframe loading=\"lazy\" title=\"IKE i IKZE: efektywno\u015b\u0107 oraz koszty \u2013 Profesor Joanna Rutecka-G\u00f3ra | Wyk\u0142ady mistrzowskie #8\" width=\"640\" height=\"360\" src=\"https:\/\/www.youtube.com\/embed\/SOnfcmGj2DM?start=11&#038;feature=oembed\" frameborder=\"0\" allow=\"accelerometer; autoplay; clipboard-write; encrypted-media; gyroscope; picture-in-picture; web-share\" referrerpolicy=\"strict-origin-when-cross-origin\" allowfullscreen><\/iframe>\n<\/div><\/figure>\n\n\n\n<figure class=\"wp-block-embed is-type-video is-provider-youtube wp-block-embed-youtube wp-embed-aspect-16-9 wp-has-aspect-ratio\"><div class=\"wp-block-embed__wrapper\">\n<iframe loading=\"lazy\" title=\"Ubezpieczenia rower\u00f3w, hulajn\u00f3g i UTO \u2013 Profesor Marcin Orlicki | Wyk\u0142ady mistrzowskie #9\" width=\"640\" height=\"360\" src=\"https:\/\/www.youtube.com\/embed\/IVanwQblGZE?feature=oembed\" frameborder=\"0\" allow=\"accelerometer; autoplay; clipboard-write; encrypted-media; gyroscope; picture-in-picture; web-share\" referrerpolicy=\"strict-origin-when-cross-origin\" allowfullscreen><\/iframe>\n<\/div><\/figure>\n\n\n\n<figure class=\"wp-block-embed is-type-video is-provider-youtube wp-block-embed-youtube wp-embed-aspect-16-9 wp-has-aspect-ratio\"><div class=\"wp-block-embed__wrapper\">\n<iframe loading=\"lazy\" title=\"Misselling na rynku finansowym \u2013 Profesor Edyta Rutkowska-Tomaszewska | Wyk\u0142ady mistrzowskie #10\" width=\"640\" height=\"360\" src=\"https:\/\/www.youtube.com\/embed\/J5U-s3rGWFI?feature=oembed\" frameborder=\"0\" allow=\"accelerometer; autoplay; clipboard-write; encrypted-media; gyroscope; picture-in-picture; web-share\" referrerpolicy=\"strict-origin-when-cross-origin\" allowfullscreen><\/iframe>\n<\/div><\/figure>\n\n\n\n<figure class=\"wp-block-embed is-type-video is-provider-youtube wp-block-embed-youtube wp-embed-aspect-16-9 wp-has-aspect-ratio\"><div class=\"wp-block-embed__wrapper\">\n<iframe loading=\"lazy\" title=\"ESG i ubezpieczenia \u015brodowiskowe \u2013 Profesor Dorota Ma\u015bniak | Wyk\u0142ady mistrzowskie #11\" width=\"640\" height=\"360\" src=\"https:\/\/www.youtube.com\/embed\/wN9Qo39EPjk?feature=oembed\" frameborder=\"0\" allow=\"accelerometer; autoplay; clipboard-write; encrypted-media; gyroscope; picture-in-picture; web-share\" referrerpolicy=\"strict-origin-when-cross-origin\" allowfullscreen><\/iframe>\n<\/div><\/figure>\n","protected":false},"excerpt":{"rendered":"<p>W ramach edukacji finansowej online regularnie organizujemy otwarte webinaria, a tak\u017ce publikujemy mini-wyk\u0142ady, wyg\u0142aszane przez osoby o uznanym dorobku naukowym.<\/p>\n","protected":false},"author":1,"featured_media":707,"parent":135,"menu_order":1,"comment_status":"closed","ping_status":"closed","template":"page-templates\/template-inner-page.php","meta":{"_acf_changed":false,"inline_featured_image":false,"footnotes":"","_links_to":"","_links_to_target":""},"class_list":["post-150","page","type-page","status-publish","has-post-thumbnail","hentry"],"acf":[],"_links":{"self":[{"href":"https:\/\/rf.gov.pl\/akademia\/wp-json\/wp\/v2\/pages\/150","targetHints":{"allow":["GET"]}}],"collection":[{"href":"https:\/\/rf.gov.pl\/akademia\/wp-json\/wp\/v2\/pages"}],"about":[{"href":"https:\/\/rf.gov.pl\/akademia\/wp-json\/wp\/v2\/types\/page"}],"author":[{"embeddable":true,"href":"https:\/\/rf.gov.pl\/akademia\/wp-json\/wp\/v2\/users\/1"}],"replies":[{"embeddable":true,"href":"https:\/\/rf.gov.pl\/akademia\/wp-json\/wp\/v2\/comments?post=150"}],"version-history":[{"count":17,"href":"https:\/\/rf.gov.pl\/akademia\/wp-json\/wp\/v2\/pages\/150\/revisions"}],"predecessor-version":[{"id":1708,"href":"https:\/\/rf.gov.pl\/akademia\/wp-json\/wp\/v2\/pages\/150\/revisions\/1708"}],"up":[{"embeddable":true,"href":"https:\/\/rf.gov.pl\/akademia\/wp-json\/wp\/v2\/pages\/135"}],"wp:featuredmedia":[{"embeddable":true,"href":"https:\/\/rf.gov.pl\/akademia\/wp-json\/wp\/v2\/media\/707"}],"wp:attachment":[{"href":"https:\/\/rf.gov.pl\/akademia\/wp-json\/wp\/v2\/media?parent=150"}],"curies":[{"name":"wp","href":"https:\/\/api.w.org\/{rel}","templated":true}]}}