   {"id":152,"date":"2024-02-20T09:56:29","date_gmt":"2024-02-20T08:56:29","guid":{"rendered":"https:\/\/rf.gov.pl\/akademia\/?page_id=152"},"modified":"2025-01-20T15:46:49","modified_gmt":"2025-01-20T14:46:49","slug":"materialy","status":"publish","type":"page","link":"https:\/\/rf.gov.pl\/akademia\/edukacja\/materialy\/","title":{"rendered":"Materia\u0142y"},"content":{"rendered":"\n<p>Zach\u0119camy do zapoznania si\u0119 z poni\u017cszymi publikacjami.<\/p>\n\n\n\n<p><\/p>\n\n\n\n\n\n<div class=\"\">\n\n  \n  <div class=\"download\">\n    <ul>\n      \n      <li\n        class=\"col-xxl-12 col-xl-12 col-lg-12 col-md-12 col-sm-12 main_sec \">\n        <a href=\"https:\/\/rf.gov.pl\/akademia\/wp-content\/uploads\/sites\/2\/2025\/01\/Narty-Snowboard-Ubezpieczenia.pdf\" title=\"Poradnik o ubezpieczeniach dla narciarzy i snowboardzist\u00f3w\" download> <img decoding=\"async\"\n            src=\"https:\/\/rf.gov.pl\/akademia\/wp-content\/themes\/rfmain\/images\/download-file 1.svg\" alt=\"\">\n          <div class=\"disc\"> <strong>Poradnik o ubezpieczeniach dla narciarzy i snowboardzist\u00f3w <\/strong> (PDF ,\n            0.62 MB)<\/div>\n        <\/a><\/li>\n\n      \n      \n\n      \n      <li\n        class=\"col-xxl-12 col-xl-12 col-lg-12 col-md-12 col-sm-12 main_sec \">\n        <a href=\"https:\/\/rf.gov.pl\/akademia\/wp-content\/uploads\/sites\/2\/2025\/01\/1.Aura-Zimy-Poradnik-publikacja.pdf\" title=\"Dochodzenie roszcze\u0144 ze szk\u00f3d wyrz\u0105dzonych zimow\u0105 aur\u0105\" download> <img decoding=\"async\"\n            src=\"https:\/\/rf.gov.pl\/akademia\/wp-content\/themes\/rfmain\/images\/download-file 1.svg\" alt=\"\">\n          <div class=\"disc\"> <strong>Dochodzenie roszcze\u0144 ze szk\u00f3d wyrz\u0105dzonych zimow\u0105 aur\u0105 <\/strong> (PDF ,\n            0.41 MB)<\/div>\n        <\/a><\/li>\n\n      \n      \n\n      \n      <li\n        class=\"col-xxl-12 col-xl-12 col-lg-12 col-md-12 col-sm-12 main_sec \">\n        <a href=\"https:\/\/rf.gov.pl\/akademia\/wp-content\/uploads\/sites\/2\/2024\/12\/OC-Zarzad-Drog_revMK.pdf\" title=\"Zdarzenie drogowe ze zwierzyn\u0105 le\u015bn\u0105 \u2013 czy szkody te obj\u0119te s\u0105 ubezpieczeniem OC zarz\u0105d\u00f3w dr\u00f3g?\" download> <img decoding=\"async\"\n            src=\"https:\/\/rf.gov.pl\/akademia\/wp-content\/themes\/rfmain\/images\/download-file 1.svg\" alt=\"\">\n          <div class=\"disc\"> <strong>Zdarzenie drogowe ze zwierzyn\u0105 le\u015bn\u0105 \u2013 czy szkody te obj\u0119te s\u0105 ubezpieczeniem OC zarz\u0105d\u00f3w dr\u00f3g? <\/strong> (PDF ,\n            0.64 MB)<\/div>\n        <\/a><\/li>\n\n      \n      \n\n      \n      <li\n        class=\"col-xxl-12 col-xl-12 col-lg-12 col-md-12 col-sm-12 main_sec \">\n        <a href=\"https:\/\/rf.gov.pl\/akademia\/wp-content\/uploads\/sites\/2\/2024\/11\/Kto-jest-odpowioedzialny-za-szkody-na-cmentarzach.pdf\" title=\"Kto jest odpowiedzialny za szkody na cmentarzach?\" download> <img decoding=\"async\"\n            src=\"https:\/\/rf.gov.pl\/akademia\/wp-content\/themes\/rfmain\/images\/download-file 1.svg\" alt=\"\">\n          <div class=\"disc\"> <strong>Kto jest odpowiedzialny za szkody na cmentarzach? <\/strong> (PDF ,\n            0.49 MB)<\/div>\n        <\/a><\/li>\n\n      \n      \n\n      \n      <li\n        class=\"col-xxl-12 col-xl-12 col-lg-12 col-md-12 col-sm-12 main_sec \">\n        <a href=\"https:\/\/rf.gov.pl\/akademia\/wp-content\/uploads\/sites\/2\/2024\/11\/Zielone-Inwestycje-11.09.pdf\" title=\"Zielone Inwestycje - Poradnik Rzecznika Finansowego\" download> <img decoding=\"async\"\n            src=\"https:\/\/rf.gov.pl\/akademia\/wp-content\/themes\/rfmain\/images\/download-file 1.svg\" alt=\"\">\n          <div class=\"disc\"> <strong>Zielone Inwestycje &#8211; Poradnik Rzecznika Finansowego <\/strong> (PDF ,\n            7.25 MB)<\/div>\n        <\/a><\/li>\n\n      \n      \n\n      \n      <li\n        class=\"col-xxl-12 col-xl-12 col-lg-12 col-md-12 col-sm-12 main_sec \">\n        <a href=\"https:\/\/rf.gov.pl\/akademia\/wp-content\/uploads\/sites\/2\/2024\/11\/Ubezpieczenia-Zwierzat-Domowych-1.pdf\" title=\"Ubezpieczenia zwierz\u0105t domowych\" download> <img decoding=\"async\"\n            src=\"https:\/\/rf.gov.pl\/akademia\/wp-content\/themes\/rfmain\/images\/download-file 1.svg\" alt=\"\">\n          <div class=\"disc\"> <strong>Ubezpieczenia zwierz\u0105t domowych <\/strong> (PDF ,\n            6.50 MB)<\/div>\n        <\/a><\/li>\n\n      \n      \n\n      \n      <li\n        class=\"col-xxl-12 col-xl-12 col-lg-12 col-md-12 col-sm-12 main_sec \">\n        <a href=\"https:\/\/rf.gov.pl\/akademia\/wp-content\/uploads\/sites\/2\/2024\/11\/Powodz-4.pdf\" title=\"Wskaz\u00f3wki dla powodzian dotycz\u0105ce wyp\u0142at odszkodowa\u0144 Warszawa\" download> <img decoding=\"async\"\n            src=\"https:\/\/rf.gov.pl\/akademia\/wp-content\/themes\/rfmain\/images\/download-file 1.svg\" alt=\"\">\n          <div class=\"disc\"> <strong>Wskaz\u00f3wki dla powodzian dotycz\u0105ce wyp\u0142at odszkodowa\u0144 Warszawa <\/strong> (PDF ,\n            5.54 MB)<\/div>\n        <\/a><\/li>\n\n      \n      \n\n      \n      <li\n        class=\"col-xxl-12 col-xl-12 col-lg-12 col-md-12 col-sm-12 main_sec \">\n        <a href=\"https:\/\/rf.gov.pl\/akademia\/wp-content\/uploads\/sites\/2\/2024\/09\/Ubezpieczenia-rolne-powodz-.pdf\" title=\"Ryzyko powodzi w ubezpieczeniach rolnych \" download> <img decoding=\"async\"\n            src=\"https:\/\/rf.gov.pl\/akademia\/wp-content\/themes\/rfmain\/images\/download-file 1.svg\" alt=\"\">\n          <div class=\"disc\"> <strong>Ryzyko powodzi w ubezpieczeniach rolnych  <\/strong> (PDF ,\n            5.88 MB)<\/div>\n        <\/a><\/li>\n\n      \n      \n\n      \n      <li\n        class=\"col-xxl-12 col-xl-12 col-lg-12 col-md-12 col-sm-12 main_sec \">\n        <a href=\"https:\/\/rf.gov.pl\/akademia\/wp-content\/uploads\/sites\/2\/2024\/09\/Ubezpieczenia-AutoCasco-podczas-powodzi-po-szlifach.pdf\" title=\"Ubezpieczenia Autocasco podczas powodzi\" download> <img decoding=\"async\"\n            src=\"https:\/\/rf.gov.pl\/akademia\/wp-content\/themes\/rfmain\/images\/download-file 1.svg\" alt=\"\">\n          <div class=\"disc\"> <strong>Ubezpieczenia Autocasco podczas powodzi <\/strong> (PDF ,\n            6.29 MB)<\/div>\n        <\/a><\/li>\n\n      \n      \n\n      \n      <li\n        class=\"col-xxl-12 col-xl-12 col-lg-12 col-md-12 col-sm-12 main_sec \">\n        <a href=\"https:\/\/rf.gov.pl\/akademia\/wp-content\/uploads\/sites\/2\/2024\/07\/Ubezpieczenia-przy-wyjazdach-za-granice-samochodem.pdf\" title=\"Ubezpieczenia przy wyjazdach za granice samochodem\" download> <img decoding=\"async\"\n            src=\"https:\/\/rf.gov.pl\/akademia\/wp-content\/themes\/rfmain\/images\/download-file 1.svg\" alt=\"\">\n          <div class=\"disc\"> <strong>Ubezpieczenia przy wyjazdach za granice samochodem <\/strong> (PDF ,\n            3.83 MB)<\/div>\n        <\/a><\/li>\n\n      \n      \n\n      \n      <li\n        class=\"col-xxl-12 col-xl-12 col-lg-12 col-md-12 col-sm-12 main_sec \">\n        <a href=\"https:\/\/rf.gov.pl\/akademia\/wp-content\/uploads\/sites\/2\/2024\/07\/Raport-ZIELONE-FINANSE.pdf\" title=\"Zr\u00f3wnowa\u017cone produkty finansowe \u2013 Analiza Rzecznika Finansowego\" download> <img decoding=\"async\"\n            src=\"https:\/\/rf.gov.pl\/akademia\/wp-content\/themes\/rfmain\/images\/download-file 1.svg\" alt=\"\">\n          <div class=\"disc\"> <strong>Zr\u00f3wnowa\u017cone produkty finansowe \u2013 Analiza Rzecznika Finansowego <\/strong> (PDF ,\n            15.33 MB)<\/div>\n        <\/a><\/li>\n\n      \n      \n\n      \n      <li\n        class=\"col-xxl-12 col-xl-12 col-lg-12 col-md-12 col-sm-12 main_sec \">\n        <a href=\"https:\/\/rf.gov.pl\/akademia\/wp-content\/uploads\/sites\/2\/2024\/07\/Zastrzeganie-numeru-PESEL-przez-obywateli-RF.pdf\" title=\"Zastrzeganie numeru PESEL \u2013 Analiza Rzecznika Finansowego \" download> <img decoding=\"async\"\n            src=\"https:\/\/rf.gov.pl\/akademia\/wp-content\/themes\/rfmain\/images\/download-file 1.svg\" alt=\"\">\n          <div class=\"disc\"> <strong>Zastrzeganie numeru PESEL \u2013 Analiza Rzecznika Finansowego  <\/strong> (PDF ,\n            15.66 MB)<\/div>\n        <\/a><\/li>\n\n      \n      \n\n      \n      <li\n        class=\"col-xxl-12 col-xl-12 col-lg-12 col-md-12 col-sm-12 main_sec \">\n        <a href=\"https:\/\/rf.gov.pl\/akademia\/wp-content\/uploads\/sites\/2\/2024\/07\/Raport_RF-Swiadomosc_finansowa_Polakow.pdf\" title=\"\u015awiadomo\u015b\u0107 Finansowa Polak\u00f3w \u2013 Analiza sytuacji oraz raport z bada\u0144 2023 \" download> <img decoding=\"async\"\n            src=\"https:\/\/rf.gov.pl\/akademia\/wp-content\/themes\/rfmain\/images\/download-file 1.svg\" alt=\"\">\n          <div class=\"disc\"> <strong>\u015awiadomo\u015b\u0107 Finansowa Polak\u00f3w \u2013 Analiza sytuacji oraz raport z bada\u0144 2023  <\/strong> (PDF ,\n            4.72 MB)<\/div>\n        <\/a><\/li>\n\n      \n      \n\n      \n      <li\n        class=\"col-xxl-12 col-xl-12 col-lg-12 col-md-12 col-sm-12 main_sec \">\n        <a href=\"https:\/\/rf.gov.pl\/akademia\/wp-content\/uploads\/sites\/2\/2024\/07\/Poradnik-Rzecznika-Finansowego.-Inwestycje-w-obligacje-nie-zawsze-bezpieczne.pdf\" title=\"Poradnik Rzecznika Finansowego. Inwestycje w obligacje nie zawsze bezpieczne\" download> <img decoding=\"async\"\n            src=\"https:\/\/rf.gov.pl\/akademia\/wp-content\/themes\/rfmain\/images\/download-file 1.svg\" alt=\"\">\n          <div class=\"disc\"> <strong>Poradnik Rzecznika Finansowego. Inwestycje w obligacje nie zawsze bezpieczne <\/strong> (PDF ,\n            1.27 MB)<\/div>\n        <\/a><\/li>\n\n      \n      \n\n      \n      <li\n        class=\"col-xxl-12 col-xl-12 col-lg-12 col-md-12 col-sm-12 main_sec \">\n        <a href=\"https:\/\/rf.gov.pl\/akademia\/wp-content\/uploads\/sites\/2\/2024\/07\/Ubezpieczenia-w-czasie-inflacji.pdf\" title=\"Ubezpieczenia w czasie inflacji\" download> <img decoding=\"async\"\n            src=\"https:\/\/rf.gov.pl\/akademia\/wp-content\/themes\/rfmain\/images\/download-file 1.svg\" alt=\"\">\n          <div class=\"disc\"> <strong>Ubezpieczenia w czasie inflacji <\/strong> (PDF ,\n            44.33 MB)<\/div>\n        <\/a><\/li>\n\n      \n      \n\n      \n      <li\n        class=\"col-xxl-12 col-xl-12 col-lg-12 col-md-12 col-sm-12 main_sec \">\n        <a href=\"https:\/\/rf.gov.pl\/akademia\/wp-content\/uploads\/sites\/2\/2024\/07\/Raport-31.05.2023.pdf\" title=\"Badanie opinii publicznej przeprowadzone na zlecenie Rzecznika Finansowego \u2013 Analiza sytuacji finansowej Polak\u00f3w \" download> <img decoding=\"async\"\n            src=\"https:\/\/rf.gov.pl\/akademia\/wp-content\/themes\/rfmain\/images\/download-file 1.svg\" alt=\"\">\n          <div class=\"disc\"> <strong>Badanie opinii publicznej przeprowadzone na zlecenie Rzecznika Finansowego \u2013 Analiza sytuacji finansowej Polak\u00f3w  <\/strong> (PDF ,\n            19.93 MB)<\/div>\n        <\/a><\/li>\n\n      \n      \n\n      \n      <li\n        class=\"col-xxl-12 col-xl-12 col-lg-12 col-md-12 col-sm-12 main_sec \">\n        <a href=\"https:\/\/rf.gov.pl\/akademia\/wp-content\/uploads\/sites\/2\/2024\/07\/AnalizaRF-Obowiazkowe-ubezpieczenie-odpowiedzialnosci-cywilnej-rolnika-i-obowiazkowe-ubezpieczenie.pdf\" title=\"Obowi\u0105zkowe ubezpieczenie odpowiedzialno\u015bci cywilnej rolnika i obowi\u0105zkowe ubezpieczenie budynk\u00f3w rolnych\" download> <img decoding=\"async\"\n            src=\"https:\/\/rf.gov.pl\/akademia\/wp-content\/themes\/rfmain\/images\/download-file 1.svg\" alt=\"\">\n          <div class=\"disc\"> <strong>Obowi\u0105zkowe ubezpieczenie odpowiedzialno\u015bci cywilnej rolnika i obowi\u0105zkowe ubezpieczenie budynk\u00f3w rolnych <\/strong> (PDF ,\n            1.79 MB)<\/div>\n        <\/a><\/li>\n\n      \n      \n\n      \n      <li\n        class=\"col-xxl-12 col-xl-12 col-lg-12 col-md-12 col-sm-12 main_sec \">\n        <a href=\"https:\/\/rf.gov.pl\/akademia\/wp-content\/uploads\/sites\/2\/2024\/07\/AnalizaRF-Ubezpieczenia-upraw-rolnych-i-zwierzat-gospodarskich.pdf\" title=\"Ubezpieczenia upraw rolnych i zwierz\u0105t gospodarskich\" download> <img decoding=\"async\"\n            src=\"https:\/\/rf.gov.pl\/akademia\/wp-content\/themes\/rfmain\/images\/download-file 1.svg\" alt=\"\">\n          <div class=\"disc\"> <strong>Ubezpieczenia upraw rolnych i zwierz\u0105t gospodarskich <\/strong> (PDF ,\n            1.04 MB)<\/div>\n        <\/a><\/li>\n\n      \n      \n\n      \n      <li\n        class=\"col-xxl-12 col-xl-12 col-lg-12 col-md-12 col-sm-12 main_sec \">\n        <a href=\"https:\/\/rf.gov.pl\/akademia\/wp-content\/uploads\/sites\/2\/2024\/07\/Analiza-RF-Uchwala-Sadu-Najwyzszego-z-dnia-6.10.2022-r.-sygn.-akt-III-CZP-11922-2.pdf\" title=\"Uchwa\u0142a S\u0105du Najwy\u017cszego z dnia 6.10.2022 r. (sygn. akt III CZP 119\/22) w sprawie dopuszczalno\u015bci uwzgl\u0119dniania rabat\u00f3w w ramach odszkodowania z obowi\u0105zkowego ubezpieczenia OC posiadaczy pojazd\u00f3w mechanicznych \u2013 analiza prawna\" download> <img decoding=\"async\"\n            src=\"https:\/\/rf.gov.pl\/akademia\/wp-content\/themes\/rfmain\/images\/download-file 1.svg\" alt=\"\">\n          <div class=\"disc\"> <strong>Uchwa\u0142a S\u0105du Najwy\u017cszego z dnia 6.10.2022 r. (sygn. akt III CZP 119\/22) w sprawie dopuszczalno\u015bci uwzgl\u0119dniania rabat\u00f3w w ramach odszkodowania z obowi\u0105zkowego ubezpieczenia OC posiadaczy pojazd\u00f3w mechanicznych \u2013 analiza prawna <\/strong> (PDF ,\n            0.84 MB)<\/div>\n        <\/a><\/li>\n\n      \n      \n\n      \n      <li\n        class=\"col-xxl-12 col-xl-12 col-lg-12 col-md-12 col-sm-12 main_sec \">\n        <a href=\"https:\/\/rf.gov.pl\/akademia\/wp-content\/uploads\/sites\/2\/2024\/07\/AnalizaRF-Optymalizacja-kosztow-likwidacji-szkod.pdf\" title=\"Optymalizacja koszt\u00f3w likwidacji szk\u00f3d z ubezpieczenia OC komunikacyjnego, zwi\u0105zana z dzia\u0142alno\u015bci\u0105 tzw. sieci partnerskich zak\u0142ad\u00f3w ubezpiecze\u0144 \u2013 analiza problem\u00f3w zg\u0142aszanych przez poszkodowanych\" download> <img decoding=\"async\"\n            src=\"https:\/\/rf.gov.pl\/akademia\/wp-content\/themes\/rfmain\/images\/download-file 1.svg\" alt=\"\">\n          <div class=\"disc\"> <strong>Optymalizacja koszt\u00f3w likwidacji szk\u00f3d z ubezpieczenia OC komunikacyjnego, zwi\u0105zana z dzia\u0142alno\u015bci\u0105 tzw. sieci partnerskich zak\u0142ad\u00f3w ubezpiecze\u0144 \u2013 analiza problem\u00f3w zg\u0142aszanych przez poszkodowanych <\/strong> (PDF ,\n            1.45 MB)<\/div>\n        <\/a><\/li>\n\n      \n      \n\n      \n      <li\n        class=\"col-xxl-12 col-xl-12 col-lg-12 col-md-12 col-sm-12 main_sec \">\n        <a href=\"https:\/\/rf.gov.pl\/akademia\/wp-content\/uploads\/sites\/2\/2024\/07\/Edu-info-VI-Terminy-likwidacji-szkod.pdf\" title=\"Terminy likwidacji szk\u00f3d\" download> <img decoding=\"async\"\n            src=\"https:\/\/rf.gov.pl\/akademia\/wp-content\/themes\/rfmain\/images\/download-file 1.svg\" alt=\"\">\n          <div class=\"disc\"> <strong>Terminy likwidacji szk\u00f3d <\/strong> (PDF ,\n            0.58 MB)<\/div>\n        <\/a><\/li>\n\n      \n      \n\n      \n      <li\n        class=\"col-xxl-12 col-xl-12 col-lg-12 col-md-12 col-sm-12 main_sec \">\n        <a href=\"https:\/\/rf.gov.pl\/akademia\/wp-content\/uploads\/sites\/2\/2024\/07\/Edu-info-VII-Utrata-wartosci-handlowej-pojazdu.pdf\" title=\"Utrata warto\u015bci handlowej pojazdu w szkodach likwidowanych z OC ppm\" download> <img decoding=\"async\"\n            src=\"https:\/\/rf.gov.pl\/akademia\/wp-content\/themes\/rfmain\/images\/download-file 1.svg\" alt=\"\">\n          <div class=\"disc\"> <strong>Utrata warto\u015bci handlowej pojazdu w szkodach likwidowanych z OC ppm <\/strong> (PDF ,\n            0.61 MB)<\/div>\n        <\/a><\/li>\n\n      \n      \n\n      \n      <li\n        class=\"col-xxl-12 col-xl-12 col-lg-12 col-md-12 col-sm-12 main_sec \">\n        <a href=\"https:\/\/rf.gov.pl\/akademia\/wp-content\/uploads\/sites\/2\/2024\/07\/Edu-info-V-Refundacja-kosztow-pojazdu-zastepczego.pdf\" title=\"Refundacja koszt\u00f3w najmu pojazdu zast\u0119pczego w szkodach likwidowanych  z OC ppm\" download> <img decoding=\"async\"\n            src=\"https:\/\/rf.gov.pl\/akademia\/wp-content\/themes\/rfmain\/images\/download-file 1.svg\" alt=\"\">\n          <div class=\"disc\"> <strong>Refundacja koszt\u00f3w najmu pojazdu zast\u0119pczego w szkodach likwidowanych  z OC ppm <\/strong> (PDF ,\n            0.67 MB)<\/div>\n        <\/a><\/li>\n\n      \n      \n\n      \n      <li\n        class=\"col-xxl-12 col-xl-12 col-lg-12 col-md-12 col-sm-12 main_sec \">\n        <a href=\"https:\/\/rf.gov.pl\/akademia\/wp-content\/uploads\/sites\/2\/2024\/07\/Edu-info-III-Amortyzacja-wartosci-czesci.pdf\" title=\"Amortyzacja warto\u015bci cz\u0119\u015bci zamiennych  w szkodach likwidowanych z OC ppm\" download> <img decoding=\"async\"\n            src=\"https:\/\/rf.gov.pl\/akademia\/wp-content\/themes\/rfmain\/images\/download-file 1.svg\" alt=\"\">\n          <div class=\"disc\"> <strong>Amortyzacja warto\u015bci cz\u0119\u015bci zamiennych  w szkodach likwidowanych z OC ppm <\/strong> (PDF ,\n            0.66 MB)<\/div>\n        <\/a><\/li>\n\n      \n      \n\n      \n      <li\n        class=\"col-xxl-12 col-xl-12 col-lg-12 col-md-12 col-sm-12 main_sec \">\n        <a href=\"https:\/\/rf.gov.pl\/akademia\/wp-content\/uploads\/sites\/2\/2024\/07\/Edu-info-II-Czesci-zamienne.pdf\" title=\"Zasady okre\u015blania cen i jako\u015bci cz\u0119\u015bci zamiennych w szkodach likwidowanych z OC ppm\" download> <img decoding=\"async\"\n            src=\"https:\/\/rf.gov.pl\/akademia\/wp-content\/themes\/rfmain\/images\/download-file 1.svg\" alt=\"\">\n          <div class=\"disc\"> <strong>Zasady okre\u015blania cen i jako\u015bci cz\u0119\u015bci zamiennych w szkodach likwidowanych z OC ppm <\/strong> (PDF ,\n            0.82 MB)<\/div>\n        <\/a><\/li>\n\n      \n      \n\n      \n      <li\n        class=\"col-xxl-12 col-xl-12 col-lg-12 col-md-12 col-sm-12 main_sec \">\n        <a href=\"https:\/\/rf.gov.pl\/akademia\/wp-content\/uploads\/sites\/2\/2024\/07\/Edu-info-I-Roboczogodziny.pdf\" title=\"Ceny us\u0142ug naprawczych w szkodach likwidowanych z OC ppm\" download> <img decoding=\"async\"\n            src=\"https:\/\/rf.gov.pl\/akademia\/wp-content\/themes\/rfmain\/images\/download-file 1.svg\" alt=\"\">\n          <div class=\"disc\"> <strong>Ceny us\u0142ug naprawczych w szkodach likwidowanych z OC ppm <\/strong> (PDF ,\n            0.96 MB)<\/div>\n        <\/a><\/li>\n\n      \n      \n\n      \n      <li\n        class=\"col-xxl-12 col-xl-12 col-lg-12 col-md-12 col-sm-12 main_sec \">\n        <a href=\"https:\/\/rf.gov.pl\/akademia\/wp-content\/uploads\/sites\/2\/2024\/07\/Edu-info-IV-Szkoda-calkowita-a-czesciowa.pdf\" title=\"Szkoda ca\u0142kowita a szkoda cz\u0119\u015bciowa w likwidacji szk\u00f3d z OC ppm\" download> <img decoding=\"async\"\n            src=\"https:\/\/rf.gov.pl\/akademia\/wp-content\/themes\/rfmain\/images\/download-file 1.svg\" alt=\"\">\n          <div class=\"disc\"> <strong>Szkoda ca\u0142kowita a szkoda cz\u0119\u015bciowa w likwidacji szk\u00f3d z OC ppm <\/strong> (PDF ,\n            0.78 MB)<\/div>\n        <\/a><\/li>\n\n      \n      \n\n      \n      <li\n        class=\"col-xxl-12 col-xl-12 col-lg-12 col-md-12 col-sm-12 main_sec \">\n        <a href=\"https:\/\/rf.gov.pl\/akademia\/wp-content\/uploads\/sites\/2\/2024\/07\/Analiza-aktualnych-zagadnien-dotyczacych-kredytow-frankowych-publikacja-Rzecznika-Finansowego-1.pdf\" title=\"Analiza aktualnych zagadnie\u0144 dotycz\u0105cych kredyt\u00f3w frankowych 2021\" download> <img decoding=\"async\"\n            src=\"https:\/\/rf.gov.pl\/akademia\/wp-content\/themes\/rfmain\/images\/download-file 1.svg\" alt=\"\">\n          <div class=\"disc\"> <strong>Analiza aktualnych zagadnie\u0144 dotycz\u0105cych kredyt\u00f3w frankowych 2021 <\/strong> (PDF ,\n            1.43 MB)<\/div>\n        <\/a><\/li>\n\n      \n      \n\n      \n      <li\n        class=\"col-xxl-12 col-xl-12 col-lg-12 col-md-12 col-sm-12 main_sec \">\n        <a href=\"https:\/\/rf.gov.pl\/akademia\/wp-content\/uploads\/sites\/2\/2024\/07\/Analiza.-Ugody-telefoniczne-w-ubezpieczeniach-komunikacyjnych-i-mieszkaniowych_maj2021-1.pdf\" title=\"Ugody telefoniczne w ubezpieczeniach komunikacyjnych i mieszkaniowych. Analiza Rzecznika Finansowego\" download> <img decoding=\"async\"\n            src=\"https:\/\/rf.gov.pl\/akademia\/wp-content\/themes\/rfmain\/images\/download-file 1.svg\" alt=\"\">\n          <div class=\"disc\"> <strong>Ugody telefoniczne w ubezpieczeniach komunikacyjnych i mieszkaniowych. Analiza Rzecznika Finansowego <\/strong> (PDF ,\n            0.56 MB)<\/div>\n        <\/a><\/li>\n\n      \n      \n\n      \n      <li\n        class=\"col-xxl-12 col-xl-12 col-lg-12 col-md-12 col-sm-12 main_sec \">\n        <a href=\"https:\/\/rf.gov.pl\/akademia\/wp-content\/uploads\/sites\/2\/2024\/07\/Orzecznictwo-TSUE-2020-WBK.pdf\" title=\"Orzecznictwo TSUE dotycz\u0105ce ochrony klient\u00f3w rynku bankowego i kapita\u0142owego w 2020 r. \" download> <img decoding=\"async\"\n            src=\"https:\/\/rf.gov.pl\/akademia\/wp-content\/themes\/rfmain\/images\/download-file 1.svg\" alt=\"\">\n          <div class=\"disc\"> <strong>Orzecznictwo TSUE dotycz\u0105ce ochrony klient\u00f3w rynku bankowego i kapita\u0142owego w 2020 r.  <\/strong> (PDF ,\n            0.64 MB)<\/div>\n        <\/a><\/li>\n\n      \n      \n\n      \n      <li\n        class=\"col-xxl-12 col-xl-12 col-lg-12 col-md-12 col-sm-12 main_sec \">\n        <a href=\"https:\/\/rf.gov.pl\/akademia\/wp-content\/uploads\/sites\/2\/2024\/07\/Ubezpieczenia-przy-wyjazdach-za-granice-samochodem.pdf\" title=\"Ubezpieczenia Przy Wyjazdach Za Granice Samochodem\" download> <img decoding=\"async\"\n            src=\"https:\/\/rf.gov.pl\/akademia\/wp-content\/themes\/rfmain\/images\/download-file 1.svg\" alt=\"\">\n          <div class=\"disc\"> <strong>Ubezpieczenia Przy Wyjazdach Za Granice Samochodem <\/strong> (PDF ,\n            3.83 MB)<\/div>\n        <\/a><\/li>\n\n      \n      \n\n      \n    <\/ul>\n  <\/div>\n\n<\/div>\n\n\n\n","protected":false},"excerpt":{"rendered":"<p>Biuro Rzecznika Finansowego przygotowuje analizy, raporty i poradniki na temat zagadnie\u0144 istotnych z perspektywy klient\u00f3w podmiot\u00f3w rynku finansowego.<\/p>\n","protected":false},"author":1,"featured_media":1202,"parent":135,"menu_order":2,"comment_status":"closed","ping_status":"closed","template":"page-templates\/template-inner-page.php","meta":{"_acf_changed":false,"inline_featured_image":false,"footnotes":"","_links_to":"","_links_to_target":""},"class_list":["post-152","page","type-page","status-publish","has-post-thumbnail","hentry"],"acf":[],"_links":{"self":[{"href":"https:\/\/rf.gov.pl\/akademia\/wp-json\/wp\/v2\/pages\/152","targetHints":{"allow":["GET"]}}],"collection":[{"href":"https:\/\/rf.gov.pl\/akademia\/wp-json\/wp\/v2\/pages"}],"about":[{"href":"https:\/\/rf.gov.pl\/akademia\/wp-json\/wp\/v2\/types\/page"}],"author":[{"embeddable":true,"href":"https:\/\/rf.gov.pl\/akademia\/wp-json\/wp\/v2\/users\/1"}],"replies":[{"embeddable":true,"href":"https:\/\/rf.gov.pl\/akademia\/wp-json\/wp\/v2\/comments?post=152"}],"version-history":[{"count":31,"href":"https:\/\/rf.gov.pl\/akademia\/wp-json\/wp\/v2\/pages\/152\/revisions"}],"predecessor-version":[{"id":1675,"href":"https:\/\/rf.gov.pl\/akademia\/wp-json\/wp\/v2\/pages\/152\/revisions\/1675"}],"up":[{"embeddable":true,"href":"https:\/\/rf.gov.pl\/akademia\/wp-json\/wp\/v2\/pages\/135"}],"wp:featuredmedia":[{"embeddable":true,"href":"https:\/\/rf.gov.pl\/akademia\/wp-json\/wp\/v2\/media\/1202"}],"wp:attachment":[{"href":"https:\/\/rf.gov.pl\/akademia\/wp-json\/wp\/v2\/media?parent=152"}],"curies":[{"name":"wp","href":"https:\/\/api.w.org\/{rel}","templated":true}]}}