   {"id":154,"date":"2024-02-20T09:57:10","date_gmt":"2024-02-20T08:57:10","guid":{"rendered":"https:\/\/rf.gov.pl\/akademia\/?page_id=154"},"modified":"2025-04-28T10:50:58","modified_gmt":"2025-04-28T08:50:58","slug":"audycje","status":"publish","type":"page","link":"https:\/\/rf.gov.pl\/akademia\/edukacja\/audycje\/","title":{"rendered":"Audycje"},"content":{"rendered":"\n<p>Zapraszamy do ogl\u0105dania naszego <a href=\"https:\/\/www.youtube.com\/playlist?list=PL6aVIijYYvMOxi0L_3jQfmX4EdiJhY7KC\" target=\"_blank\" rel=\"noopener\">programu &#8220;Wok\u00f3\u0142 finans\u00f3w&#8221;<\/a>. To cykl audycji po\u015bwi\u0119conych w szczeg\u00f3lno\u015bci problematyce ochrony konsument\u00f3w na rynku finansowym oraz znaczeniu nowych technologii dla sektora finansowego. Rozmawiamy ze specjalistami z zakresu finans\u00f3w, prawa, czy nowych technologii.<\/p>\n\n\n\n<p><\/p>\n\n\n\n<p><em>Prawo i finanse w wirtualnych \u015bwiatach<\/em><\/p>\n\n\n\n<p><\/p>\n\n\n\n<figure class=\"wp-block-embed is-type-video is-provider-youtube wp-block-embed-youtube wp-embed-aspect-16-9 wp-has-aspect-ratio\"><div class=\"wp-block-embed__wrapper\">\n<iframe loading=\"lazy\" title=\"Prawo i finanse w wirtualnych \u015bwiatach \u2013 Rados\u0142aw Pa\u0142osz | Wok\u00f3\u0142 finans\u00f3w #1\" width=\"640\" height=\"360\" src=\"https:\/\/www.youtube.com\/embed\/98L8AccRvFE?list=PL6aVIijYYvMOxi0L_3jQfmX4EdiJhY7KC\" frameborder=\"0\" allow=\"accelerometer; autoplay; clipboard-write; encrypted-media; gyroscope; picture-in-picture; web-share\" referrerpolicy=\"strict-origin-when-cross-origin\" allowfullscreen><\/iframe>\n<\/div><\/figure>\n\n\n\n<p><em>Ekonomia \u015bwiat\u00f3w wirtualnych<\/em><\/p>\n\n\n\n<figure class=\"wp-block-embed is-type-video is-provider-youtube wp-block-embed-youtube wp-embed-aspect-16-9 wp-has-aspect-ratio\"><div class=\"wp-block-embed__wrapper\">\n<iframe loading=\"lazy\" title=\"Ekonomia \u015bwiat\u00f3w wirtualnych \u2013 Rados\u0142aw Pa\u0142osz | Wok\u00f3\u0142 finans\u00f3w #2\" width=\"640\" height=\"360\" src=\"https:\/\/www.youtube.com\/embed\/fBYb-GB8rts?list=PL6aVIijYYvMOxi0L_3jQfmX4EdiJhY7KC\" frameborder=\"0\" allow=\"accelerometer; autoplay; clipboard-write; encrypted-media; gyroscope; picture-in-picture; web-share\" referrerpolicy=\"strict-origin-when-cross-origin\" allowfullscreen><\/iframe>\n<\/div><figcaption class=\"wp-element-caption\"><br><em>AI a instytucje finansowe \u2013 szanse i zagro\u017cenia<\/em><\/figcaption><\/figure>\n\n\n\n<figure class=\"wp-block-embed is-type-video is-provider-youtube wp-block-embed-youtube wp-embed-aspect-16-9 wp-has-aspect-ratio\"><div class=\"wp-block-embed__wrapper\">\n<iframe loading=\"lazy\" title=\"AI a instytucje finansowe: szanse i zagro\u017cenia \u2013 dr Przemys\u0142aw Chojecki | Wok\u00f3\u0142 finans\u00f3w #3\" width=\"640\" height=\"360\" src=\"https:\/\/www.youtube.com\/embed\/cZapvqntO74?list=PL6aVIijYYvMOxi0L_3jQfmX4EdiJhY7KC\" frameborder=\"0\" allow=\"accelerometer; autoplay; clipboard-write; encrypted-media; gyroscope; picture-in-picture; web-share\" referrerpolicy=\"strict-origin-when-cross-origin\" allowfullscreen><\/iframe>\n<\/div><\/figure>\n\n\n\n<p><em>AI, fintech i ochrona konsument\u00f3w<\/em><\/p>\n\n\n\n<figure class=\"wp-block-embed is-type-video is-provider-youtube wp-block-embed-youtube wp-embed-aspect-16-9 wp-has-aspect-ratio\"><div class=\"wp-block-embed__wrapper\">\n<iframe loading=\"lazy\" title=\"AI, fintech i ochrona konsument\u00f3w na rynku finansowym \u2013 dr Micha\u0142 Nowakowski | Wok\u00f3\u0142 finans\u00f3w #4\" width=\"640\" height=\"360\" src=\"https:\/\/www.youtube.com\/embed\/aEnpaVpHQ1Y?list=PL6aVIijYYvMOxi0L_3jQfmX4EdiJhY7KC\" frameborder=\"0\" allow=\"accelerometer; autoplay; clipboard-write; encrypted-media; gyroscope; picture-in-picture; web-share\" referrerpolicy=\"strict-origin-when-cross-origin\" allowfullscreen><\/iframe>\n<\/div><\/figure>\n\n\n\n<p><em>Generowanie g\u0142osu i tekstu a bezpiecze\u0144stwo finansowe<\/em><\/p>\n\n\n\n<figure class=\"wp-block-embed is-type-video is-provider-youtube wp-block-embed-youtube wp-embed-aspect-16-9 wp-has-aspect-ratio\"><div class=\"wp-block-embed__wrapper\">\n<iframe loading=\"lazy\" title=\"Generowanie g\u0142osu i tekstu a bezpiecze\u0144stwo finansowe \u2013 dr Przemys\u0142aw Chojecki | Wok\u00f3\u0142 finans\u00f3w #5\" width=\"640\" height=\"360\" src=\"https:\/\/www.youtube.com\/embed\/3LsifMYwvMo?list=PL6aVIijYYvMOxi0L_3jQfmX4EdiJhY7KC\" frameborder=\"0\" allow=\"accelerometer; autoplay; clipboard-write; encrypted-media; gyroscope; picture-in-picture; web-share\" referrerpolicy=\"strict-origin-when-cross-origin\" allowfullscreen><\/iframe>\n<\/div><\/figure>\n\n\n\n<p><em>Ochrona konsumenta, prawo danych i ekonomia uwagi<\/em><\/p>\n\n\n\n<figure class=\"wp-block-embed is-type-video is-provider-youtube wp-block-embed-youtube wp-embed-aspect-16-9 wp-has-aspect-ratio\"><div class=\"wp-block-embed__wrapper\">\n<iframe loading=\"lazy\" title=\"Ochrona konsumenta, prawo danych i ekonomia uwagi \u2013 dr Przemys\u0142aw Pa\u0142ka | Wok\u00f3\u0142 finans\u00f3w #6\" width=\"640\" height=\"360\" src=\"https:\/\/www.youtube.com\/embed\/fkmt6n4XYcQ?list=PL6aVIijYYvMOxi0L_3jQfmX4EdiJhY7KC\" frameborder=\"0\" allow=\"accelerometer; autoplay; clipboard-write; encrypted-media; gyroscope; picture-in-picture; web-share\" referrerpolicy=\"strict-origin-when-cross-origin\" allowfullscreen><\/iframe>\n<\/div><\/figure>\n\n\n\n<p><em>Rzecznicy konsument\u00f3w: jak pomagaj\u0105?<\/em><\/p>\n\n\n\n<figure class=\"wp-block-embed is-type-video is-provider-youtube wp-block-embed-youtube wp-embed-aspect-16-9 wp-has-aspect-ratio\"><div class=\"wp-block-embed__wrapper\">\n<iframe loading=\"lazy\" title=\"Rzecznicy konsument\u00f3w: jak pomagaj\u0105? \u2013 Anna Brzozowska  | Wok\u00f3\u0142 finans\u00f3w #7\" width=\"640\" height=\"360\" src=\"https:\/\/www.youtube.com\/embed\/Oq4BdBw7XGk?list=PL6aVIijYYvMOxi0L_3jQfmX4EdiJhY7KC\" frameborder=\"0\" allow=\"accelerometer; autoplay; clipboard-write; encrypted-media; gyroscope; picture-in-picture; web-share\" referrerpolicy=\"strict-origin-when-cross-origin\" allowfullscreen><\/iframe>\n<\/div><\/figure>\n\n\n\n<p><em>Prawo konsumenckie w Europie i USA<\/em><\/p>\n\n\n\n<figure class=\"wp-block-embed is-type-video is-provider-youtube wp-block-embed-youtube wp-embed-aspect-16-9 wp-has-aspect-ratio\"><div class=\"wp-block-embed__wrapper\">\n<iframe loading=\"lazy\" title=\"Prawo konsumenckie w Europie i USA \u2013 dr Przemys\u0142aw Pa\u0142ka | Wok\u00f3\u0142 finans\u00f3w #8\" width=\"640\" height=\"360\" src=\"https:\/\/www.youtube.com\/embed\/cNmbvt7tAZE?feature=oembed\" frameborder=\"0\" allow=\"accelerometer; autoplay; clipboard-write; encrypted-media; gyroscope; picture-in-picture; web-share\" referrerpolicy=\"strict-origin-when-cross-origin\" allowfullscreen><\/iframe>\n<\/div><\/figure>\n\n\n\n<figure class=\"wp-block-embed is-type-video is-provider-youtube wp-block-embed-youtube wp-embed-aspect-16-9 wp-has-aspect-ratio\"><div class=\"wp-block-embed__wrapper\">\n<iframe loading=\"lazy\" title=\"Umowy konsumenckie na rynku finansowym: aktualne problemy \u2013 Anna Brzozowska | Wok\u00f3\u0142 finans\u00f3w #9\" width=\"640\" height=\"360\" src=\"https:\/\/www.youtube.com\/embed\/4Nyv7ubJG2w?feature=oembed\" frameborder=\"0\" allow=\"accelerometer; autoplay; clipboard-write; encrypted-media; gyroscope; picture-in-picture; web-share\" referrerpolicy=\"strict-origin-when-cross-origin\" allowfullscreen><\/iframe>\n<\/div><\/figure>\n\n\n\n<figure class=\"wp-block-embed is-type-video is-provider-youtube wp-block-embed-youtube wp-embed-aspect-16-9 wp-has-aspect-ratio\"><div class=\"wp-block-embed__wrapper\">\n<iframe loading=\"lazy\" title=\"Czym jest dost\u0119pno\u015b\u0107 i jakie s\u0105 jej ramy prawne? \u2013 Pawe\u0142 Potakowski | Wok\u00f3\u0142 finans\u00f3w #10\" width=\"640\" height=\"360\" src=\"https:\/\/www.youtube.com\/embed\/3ybG86jM_XQ?feature=oembed\" frameborder=\"0\" allow=\"accelerometer; autoplay; clipboard-write; encrypted-media; gyroscope; picture-in-picture; web-share\" referrerpolicy=\"strict-origin-when-cross-origin\" allowfullscreen><\/iframe>\n<\/div><\/figure>\n\n\n\n<figure class=\"wp-block-embed is-type-video is-provider-youtube wp-block-embed-youtube wp-embed-aspect-16-9 wp-has-aspect-ratio\"><div class=\"wp-block-embed__wrapper\">\n<iframe loading=\"lazy\" title=\"Ubezpieczeniowe ABC po powodzi: jak sprawnie uzyska\u0107 odszkodowanie | Wok\u00f3\u0142 finans\u00f3w #11\" width=\"640\" height=\"360\" src=\"https:\/\/www.youtube.com\/embed\/6mScdVhVG4E?feature=oembed\" frameborder=\"0\" allow=\"accelerometer; autoplay; clipboard-write; encrypted-media; gyroscope; picture-in-picture; web-share\" referrerpolicy=\"strict-origin-when-cross-origin\" allowfullscreen><\/iframe>\n<\/div><\/figure>\n\n\n\n<figure class=\"wp-block-embed is-type-video is-provider-youtube wp-block-embed-youtube wp-embed-aspect-16-9 wp-has-aspect-ratio\"><div class=\"wp-block-embed__wrapper\">\n<iframe loading=\"lazy\" title=\"Dost\u0119pno\u015b\u0107 us\u0142ug finansowych: szanse i wyzwania \u2013 Pawe\u0142 Potakowski | Wok\u00f3\u0142 finans\u00f3w #12\" width=\"640\" height=\"360\" src=\"https:\/\/www.youtube.com\/embed\/xBR2DGOwYoI?feature=oembed\" frameborder=\"0\" allow=\"accelerometer; autoplay; clipboard-write; encrypted-media; gyroscope; picture-in-picture; web-share\" referrerpolicy=\"strict-origin-when-cross-origin\" allowfullscreen><\/iframe>\n<\/div><\/figure>\n\n\n\n<figure class=\"wp-block-embed is-type-video is-provider-youtube wp-block-embed-youtube wp-embed-aspect-16-9 wp-has-aspect-ratio\"><div class=\"wp-block-embed__wrapper\">\n<iframe loading=\"lazy\" title=\"Jakie s\u0105 metody pozas\u0105dowego rozwi\u0105zywania spor\u00f3w? - dr Marta Kuklo | Wok\u00f3\u0142 finans\u00f3w #13\" width=\"640\" height=\"360\" src=\"https:\/\/www.youtube.com\/embed\/-dU4RxegMPI?feature=oembed\" frameborder=\"0\" allow=\"accelerometer; autoplay; clipboard-write; encrypted-media; gyroscope; picture-in-picture; web-share\" referrerpolicy=\"strict-origin-when-cross-origin\" allowfullscreen><\/iframe>\n<\/div><\/figure>\n","protected":false},"excerpt":{"rendered":"<p>Wa\u017cnym elementem naszych dzia\u0142a\u0144 edukacyjnych jest program &#8220;Wok\u00f3\u0142 finans\u00f3w&#8221;, kt\u00f3ry publikujemy na kanale YouTube. W lu\u017aniejszej formule rozmawiamy z ekspertami ze \u015bwiata prawa i finans\u00f3w.<\/p>\n","protected":false},"author":1,"featured_media":1227,"parent":135,"menu_order":3,"comment_status":"closed","ping_status":"closed","template":"page-templates\/template-inner-page.php","meta":{"_acf_changed":false,"inline_featured_image":false,"footnotes":"","_links_to":"","_links_to_target":""},"class_list":["post-154","page","type-page","status-publish","has-post-thumbnail","hentry"],"acf":[],"_links":{"self":[{"href":"https:\/\/rf.gov.pl\/akademia\/wp-json\/wp\/v2\/pages\/154","targetHints":{"allow":["GET"]}}],"collection":[{"href":"https:\/\/rf.gov.pl\/akademia\/wp-json\/wp\/v2\/pages"}],"about":[{"href":"https:\/\/rf.gov.pl\/akademia\/wp-json\/wp\/v2\/types\/page"}],"author":[{"embeddable":true,"href":"https:\/\/rf.gov.pl\/akademia\/wp-json\/wp\/v2\/users\/1"}],"replies":[{"embeddable":true,"href":"https:\/\/rf.gov.pl\/akademia\/wp-json\/wp\/v2\/comments?post=154"}],"version-history":[{"count":18,"href":"https:\/\/rf.gov.pl\/akademia\/wp-json\/wp\/v2\/pages\/154\/revisions"}],"predecessor-version":[{"id":1702,"href":"https:\/\/rf.gov.pl\/akademia\/wp-json\/wp\/v2\/pages\/154\/revisions\/1702"}],"up":[{"embeddable":true,"href":"https:\/\/rf.gov.pl\/akademia\/wp-json\/wp\/v2\/pages\/135"}],"wp:featuredmedia":[{"embeddable":true,"href":"https:\/\/rf.gov.pl\/akademia\/wp-json\/wp\/v2\/media\/1227"}],"wp:attachment":[{"href":"https:\/\/rf.gov.pl\/akademia\/wp-json\/wp\/v2\/media?parent=154"}],"curies":[{"name":"wp","href":"https:\/\/api.w.org\/{rel}","templated":true}]}}