   {"id":5,"date":"2024-02-07T06:56:07","date_gmt":"2024-02-07T05:56:07","guid":{"rendered":"https:\/\/rf.gov.pl\/akademia\/strona-glowna\/"},"modified":"2026-02-06T13:21:43","modified_gmt":"2026-02-06T12:21:43","slug":"strona-glowna","status":"publish","type":"page","link":"https:\/\/rf.gov.pl\/akademia\/","title":{"rendered":"Strona g\u0142\u00f3wna"},"content":{"rendered":"\n\n  <div class=\"banner\">\n<div id=\"carouselExampleDark\" class=\"carousel carousel-dark slide\" data-bs-ride=\"carousel\"> \n\n\n  <div class=\"ban_btns\">\n <button class=\"carousel-control-prev\" type=\"button\" data-bs-target=\"#carouselExampleDark\" data-bs-slide=\"prev\">\n    <i class=\"fa-solid fa-arrow-left\"><\/i>\n    <span class=\"visually-hidden\">Poprzedni<\/span>\n  <\/button>\n \n  \n  <button class=\"carousel-control-next\" type=\"button\" data-bs-target=\"#carouselExampleDark\" data-bs-slide=\"next\">\n   <i class=\"fa-solid fa-arrow-right\"><\/i>\n    <span class=\"visually-hidden\">Nast\u0119pny<\/span>\n  <\/button>\n  <\/div>\n    \n  <div class=\"carousel-inner\">\n  <div class=\"carousel-item_back\"><\/div>\n\n  \n  <div class=\"carousel-item active\" data-bs-interval=\"5000\">\n      <div class=\"row\">\n      <div class=\"col-xxl-6 col-xl-6 col-lg-6 col-md-12 col-sm-12 banner_left\">\n     <img decoding=\"async\" src=\"https:\/\/rf.gov.pl\/akademia\/wp-content\/uploads\/sites\/2\/2024\/10\/1-658x428.jpg\" class=\"d-block w-100 round_img\" alt=\"Rozmowa dw\u00f3ch os\u00f3b\">\n    <\/div>\n    \n    <div class=\"col-xxl-6 col-xl-6 col-lg-6 col-md-12 col-sm-12\">\n    <div class=\"carousel-caption  d-md-block\">\n        <h2 class=\"orange\">Wok\u00f3\u0142 Finans\u00f3w<\/h2>\n        <div class=\"text\">Wa\u017cnym elementem naszych dzia\u0142a\u0144 edukacyjnych jest program &#8220;Wok\u00f3\u0142 finans\u00f3w&#8221;, kt\u00f3ry publikujemy na kanale YouTube. W lu\u017aniejszej formule rozmawiamy z ekspertami ze \u015bwiata prawa i finans\u00f3w. Zapraszamy do ogl\u0105dania!<\/div>\n                <a href=\"https:\/\/rf.gov.pl\/akademia\/edukacja\/audycje\/\" class=\"banner_but\">Przejd\u017a <i class=\"fa-solid fa-arrow-right\"><\/i> <\/a>\n              <\/div>\n    <\/div>\n     \n    <\/div>\n  <\/div>\n\n  \n  <div class=\"carousel-item \" data-bs-interval=\"5000\">\n      <div class=\"row\">\n      <div class=\"col-xxl-6 col-xl-6 col-lg-6 col-md-12 col-sm-12 banner_left\">\n     <img decoding=\"async\" src=\"https:\/\/rf.gov.pl\/akademia\/wp-content\/uploads\/sites\/2\/2024\/02\/banner1-658x428.jpg\" class=\"d-block w-100 round_img\" alt=\"\">\n    <\/div>\n    \n    <div class=\"col-xxl-6 col-xl-6 col-lg-6 col-md-12 col-sm-12\">\n    <div class=\"carousel-caption  d-md-block\">\n        <h2 class=\"orange\">O Akademii<\/h2>\n        <div class=\"text\">Akademia Rzecznika Finansowego to inicjatywa edukacyjna, dzi\u0119ki kt\u00f3rej osoby podejmuj\u0105ce studia z zakresu prawa, ekonomii i kierunk\u00f3w pokrewnych mog\u0105 zdoby\u0107 zaawansowan\u0105 wiedz\u0119 na temat mechanizm\u00f3w ochrony klient\u00f3w podmiot\u00f3w rynku finansowego, a tak\u017ce wiele umiej\u0119tno\u015bci praktycznych. W szerszym sensie, Akademia to ca\u0142okszta\u0142t dzia\u0142a\u0144 edukacyjnych podejmowanych przez nasz\u0105 instytucj\u0119.<\/div>\n                <a href=\"https:\/\/rf.gov.pl\/akademia\/o-akademii\/\" class=\"banner_but\">Przejd\u017a <i class=\"fa-solid fa-arrow-right\"><\/i> <\/a>\n              <\/div>\n    <\/div>\n     \n    <\/div>\n  <\/div>\n\n    \n    \n\n<\/div>\n\n           \n  <div class=\"carousel-indicators\">\n                              <button type=\"button\" data-bs-target=\"#carouselExampleDark\" data-bs-slide-to=\"0\" class=\"active\"  aria-current=\"true\" aria-label=\"Slajd 1\"><\/button>\n                    <button type=\"button\" data-bs-target=\"#carouselExampleDark\" data-bs-slide-to=\"1\"  aria-current=\"true\" aria-label=\"Slajd 2\"><\/button>\n            \n   \n  <\/div>\n\n   \n\n<\/div>\n  <div class=\"slider_play_stop\">\n\n            <button type=\"button\" id=\"carouselimgpause\" class=\"pause\"  title=\"Zatrzymaj slajder\"> <img decoding=\"async\" src=\"https:\/\/rf.gov.pl\/akademia\/wp-content\/themes\/rfmain\/images\/pause.png\" alt=\"\"><\/button>\n\n      <\/div>\n<\/div>\n\n      \n\n\n\n\n\n  \n\n<div class=\"news\">\n    <div class=\"row\">\n    <div class=\"col-xxl-10 col-xl-9 col-lg-9 col-md-12 col-sm-12\">\n    <h2 class=\"left-aligned\">Aktualno\u015bci<\/h2>\n    <\/div>\n    <div class=\"col-xxl-2 col-xl-3 col-lg-3 col-md-12 col-sm-12 right_btn\">\n    <a href=\"https:\/\/rf.gov.pl\/akademia\/aktualnosci\/\" class=\"news_but m_b_12\">Wszystkie aktualno\u015bci <i class=\"fa-solid fa-arrow-right\"><\/i> <\/a>\n    <\/div>\n    <\/div>\n\n\n<div class=\"row no_for_mob1\">\n\n                                  \n\n              <div class=\"col-xxl-6 col-xl-6 col-lg-6 col-md-12 col-sm-12 main_sec\">\n          <div class=\"news_box main_sec_box\">\n            <div class=\"news_box_img\"><img decoding=\"async\" src=\"https:\/\/rf.gov.pl\/akademia\/wp-content\/uploads\/sites\/2\/2025\/03\/ARF25.png\" alt=\"\" class=\"one_news\"><\/div>\n            <div class=\"news_box_text\">\n              <div class=\"news_datte\">18 marca 2025 <\/div>\n              <div class=\"heading\">Rozpoczynamy nab\u00f3r do\u00a0kolejnych edycji Akademii Rzecznika Finansowego<\/div>\n                                  <span\n                    class=\"btn btn-outline-primary\">Akademia Rzecznika Finansowego<\/span><span\n                    class=\"btn btn-outline-primary\">ARF<\/span><span\n                    class=\"btn btn-outline-primary\">edukacja<\/span>             \n            <\/div>\n          <\/div>\n          <div class=\"news_more\">\n          <a href=\"https:\/\/rf.gov.pl\/akademia\/rozpoczynamy-nabor-do-kolejnych-edycji-akademii-rzecznika-finansowego\/\" class=\"news_but\" title=\"Rozpoczynamy nab\u00f3r do\u00a0kolejnych edycji Akademii Rzecznika Finansowego\">Czytaj wi\u0119cej <i class=\"fa-solid fa-arrow-right\"><\/i> <\/a>\n          <\/div>\n        <\/div>\n\n        \n        \n        <div class=\"col-xxl-3 col-xl-3 col-lg-3 col-md-12 col-sm-12 main_sec\">\n            <div class=\"news_box main_sec_box\">\n              <div class=\"news_box_img\">\n                                <img decoding=\"async\" src=\"https:\/\/rf.gov.pl\/akademia\/wp-content\/uploads\/sites\/2\/2024\/12\/MINIATURA.png\" alt=\"\" class=\"two_news\">\n                              <\/div>\n              <div class=\"news_box_text\">\n                <div class=\"news_datte\">20 grudnia 2024<\/div>\n                <div class=\"heading\">Podsumowanie konferencji \u201eRynek konsumenckich us\u0142ug kredytowych w\u00a0Polsce\u201d<\/div>\n                                    <span\n                    class=\"btn btn-outline-primary\">Konferencja Rzecznika Finansowego<\/span><span\n                    class=\"btn btn-outline-primary\">kredyt<\/span><span\n                    class=\"btn btn-outline-primary\">kredyt konsumencki<\/span>              <\/div>\n            <\/div>\n            <div class=\"news_more\">\n            <a href=\"https:\/\/rf.gov.pl\/akademia\/podsumowanie-konferencji-rynek-konsumenckich-uslug-kredytowych-w-polsce\/\" class=\"news_but\" title=\"Podsumowanie konferencji \u201eRynek konsumenckich us\u0142ug kredytowych w\u00a0Polsce\u201d\">Czytaj wi\u0119cej <i class=\"fa-solid fa-arrow-right\"><\/i> <\/a>\n            <\/div>\n        <\/div>  \n\n    \n        \n        <div class=\"col-xxl-3 col-xl-3 col-lg-3 col-md-12 col-sm-12 main_sec\">\n            <div class=\"news_box main_sec_box\">\n              <div class=\"news_box_img\">\n                                <img decoding=\"async\" src=\"https:\/\/rf.gov.pl\/akademia\/wp-content\/uploads\/sites\/2\/2024\/12\/2.jpg\" alt=\"\" class=\"two_news\">\n                              <\/div>\n              <div class=\"news_box_text\">\n                <div class=\"news_datte\">19 grudnia 2024<\/div>\n                <div class=\"heading\">Uroczysto\u015b\u0107 wr\u0119czenia nagr\u00f3d w\u00a0VII Konkursie o\u00a0Nagrod\u0119 Rzecznika Finansowego za\u00a0najlepsz\u0105 rozpraw\u0119 habilitacyjn\u0105 i\u00a0doktorsk\u0105 oraz\u00a0prac\u0119 magistersk\u0105 i\u00a0licencjack\u0105 z\u00a0zakresu ochrony klienta na\u00a0rynku finansowym<\/div>\n                              <\/div>\n            <\/div>\n            <div class=\"news_more\">\n            <a href=\"https:\/\/rf.gov.pl\/akademia\/uroczystosc-wreczenia-nagrod-w-vii-konkursie-o-nagrode-rzecznika-finansowego-za-najlepsza-rozprawe-habilitacyjna-i-doktorska-oraz-prace-magisterska-i-licencjacka-z-z\/\" class=\"news_but\" title=\"Uroczysto\u015b\u0107 wr\u0119czenia nagr\u00f3d w\u00a0VII Konkursie o\u00a0Nagrod\u0119 Rzecznika Finansowego za\u00a0najlepsz\u0105 rozpraw\u0119 habilitacyjn\u0105 i\u00a0doktorsk\u0105 oraz\u00a0prac\u0119 magistersk\u0105 i\u00a0licencjack\u0105 z\u00a0zakresu ochrony klienta na\u00a0rynku finansowym\">Czytaj wi\u0119cej <i class=\"fa-solid fa-arrow-right\"><\/i> <\/a>\n            <\/div>\n        <\/div>  \n\n    \n  <\/div>\n\n<div class=\"row no_for_desktop1\">\n        \n                                     <div class=\"col-xxl-12 \">\n\n                                      <div class=\"featured-carousel_new owl-carousel\">\n\n                                      \n                                    <div class=\"col-xxl-3 col-xl-3 col-lg-12 col-md-12 col-sm-12 main_sec\">\n                                                <div class=\"news_box main_sec_box\">\n                                                  <div class=\"news_box_img\">\n                                                                                                        <img decoding=\"async\" src=\"https:\/\/rf.gov.pl\/akademia\/wp-content\/uploads\/sites\/2\/2025\/03\/ARF25.png\" alt=\"\" class=\"two_news\">\n                                                                                                      <\/div>\n                                                  <div class=\"news_box_text\">\n                                                    <div class=\"news_datte\">18 marca 2025 <\/div>\n                                                    <div class=\"heading\">Rozpoczynamy nab\u00f3r do\u00a0kolejnych edycji Akademii Rzecznika Finansowego<\/div>\n                                                                        <span\n                    class=\"btn btn-outline-primary\">Akademia Rzecznika Finansowego<\/span><span\n                    class=\"btn btn-outline-primary\">ARF<\/span><span\n                    class=\"btn btn-outline-primary\">edukacja<\/span>                                                  <\/div>\n                                                <\/div>\n                                                <div class=\"news_more\">\n                                                <a href=\"https:\/\/rf.gov.pl\/akademia\/rozpoczynamy-nabor-do-kolejnych-edycji-akademii-rzecznika-finansowego\/\" class=\"news_but\" title=\"Rozpoczynamy nab\u00f3r do\u00a0kolejnych edycji Akademii Rzecznika Finansowego\">Czytaj wi\u0119cej <i class=\"fa-solid fa-arrow-right\"><\/i> <\/a>\n                                                <\/div>\n                                            <\/div>  \n\n                                        \n\n                                      \n                                    <div class=\"col-xxl-3 col-xl-3 col-lg-12 col-md-12 col-sm-12 main_sec\">\n                                                <div class=\"news_box main_sec_box\">\n                                                  <div class=\"news_box_img\">\n                                                                                                        <img decoding=\"async\" src=\"https:\/\/rf.gov.pl\/akademia\/wp-content\/uploads\/sites\/2\/2024\/12\/MINIATURA.png\" alt=\"\" class=\"two_news\">\n                                                                                                      <\/div>\n                                                  <div class=\"news_box_text\">\n                                                    <div class=\"news_datte\">20 grudnia 2024 <\/div>\n                                                    <div class=\"heading\">Podsumowanie konferencji \u201eRynek konsumenckich us\u0142ug kredytowych w\u00a0Polsce\u201d<\/div>\n                                                                        <span\n                    class=\"btn btn-outline-primary\">Konferencja Rzecznika Finansowego<\/span><span\n                    class=\"btn btn-outline-primary\">kredyt<\/span><span\n                    class=\"btn btn-outline-primary\">kredyt konsumencki<\/span>                                                  <\/div>\n                                                <\/div>\n                                                <div class=\"news_more\">\n                                                <a href=\"https:\/\/rf.gov.pl\/akademia\/podsumowanie-konferencji-rynek-konsumenckich-uslug-kredytowych-w-polsce\/\" class=\"news_but\" title=\"Podsumowanie konferencji \u201eRynek konsumenckich us\u0142ug kredytowych w\u00a0Polsce\u201d\">Czytaj wi\u0119cej <i class=\"fa-solid fa-arrow-right\"><\/i> <\/a>\n                                                <\/div>\n                                            <\/div>  \n\n                                        \n\n                                      \n                                    <div class=\"col-xxl-3 col-xl-3 col-lg-12 col-md-12 col-sm-12 main_sec\">\n                                                <div class=\"news_box main_sec_box\">\n                                                  <div class=\"news_box_img\">\n                                                                                                        <img decoding=\"async\" src=\"https:\/\/rf.gov.pl\/akademia\/wp-content\/uploads\/sites\/2\/2024\/12\/2.jpg\" alt=\"\" class=\"two_news\">\n                                                                                                      <\/div>\n                                                  <div class=\"news_box_text\">\n                                                    <div class=\"news_datte\">19 grudnia 2024 <\/div>\n                                                    <div class=\"heading\">Uroczysto\u015b\u0107 wr\u0119czenia nagr\u00f3d w\u00a0VII Konkursie o\u00a0Nagrod\u0119 Rzecznika Finansowego za\u00a0najlepsz\u0105 rozpraw\u0119 habilitacyjn\u0105 i\u00a0doktorsk\u0105 oraz\u00a0prac\u0119 magistersk\u0105 i\u00a0licencjack\u0105 z\u00a0zakresu ochrony klienta na\u00a0rynku finansowym<\/div>\n                                                                                                      <\/div>\n                                                <\/div>\n                                                <div class=\"news_more\">\n                                                <a href=\"https:\/\/rf.gov.pl\/akademia\/uroczystosc-wreczenia-nagrod-w-vii-konkursie-o-nagrode-rzecznika-finansowego-za-najlepsza-rozprawe-habilitacyjna-i-doktorska-oraz-prace-magisterska-i-licencjacka-z-z\/\" class=\"news_but\" title=\"Uroczysto\u015b\u0107 wr\u0119czenia nagr\u00f3d w\u00a0VII Konkursie o\u00a0Nagrod\u0119 Rzecznika Finansowego za\u00a0najlepsz\u0105 rozpraw\u0119 habilitacyjn\u0105 i\u00a0doktorsk\u0105 oraz\u00a0prac\u0119 magistersk\u0105 i\u00a0licencjack\u0105 z\u00a0zakresu ochrony klienta na\u00a0rynku finansowym\">Czytaj wi\u0119cej <i class=\"fa-solid fa-arrow-right\"><\/i> <\/a>\n                                                <\/div>\n                                            <\/div>  \n\n                                        \n\n                                                                          <\/div>\n\n\n                                     <!-- <a href=\"javascript:void(0)\" id=\"but-prev\" class=\"but-prev\"><i class=\"fa-solid fa-arrow-left\"><\/i><\/a> <a href=\"javascript:void(0)\" id=\"but-next\" class=\"but-prev\"><i class=\"fa-solid fa-arrow-right\"><\/i><\/a>-->\n                                    \n                                     <br>\n                                      <a href=\"https:\/\/rf.gov.pl\/aktualnosci\/?key=&#038;od_date=&#038;do_date=&#038;sort=desc&#038;cat=aktualnosci&#038;ptags=\" class=\"news_but\">Wszystkie komunikaty <i class=\"fa-solid fa-arrow-right\"><\/i> <\/a>\n                                     \n                                    <\/div>\n\n                                      \n\n                                  <\/div>\n\n<\/div>\n\n\n \n\n\n\n\n\n<div class=\"\">\n\n  \n\n    \n            <div class=\"education\">\n                    <div class=\"row\">\n                      <div class=\"col-xxl-12\">\n                        <h2 class=\"orange\">Edukacja<\/h2>\n                      <\/div>\n                    <\/div>\n\n                    <div class=\"education_sec\">\n\n                            <div id=\"owl-demo-1\" class=\"owl-carousel owl-theme\">\n                                                                <div class=\"item\">\n                                  <a href=\"https:\/\/rf.gov.pl\/akademia\/edukacja\/wyklady\/\" class=\"lpCls\" data-lpid=\"dp-1506-0\">\n                                        <div class=\"icon_sec\">\n                                            <div class=\"key_ic\">\n                                                                                            <dotlottie-player id=\"dp-1506-0\" data-src=\"https:\/\/rf.gov.pl\/akademia\/wp-content\/uploads\/sites\/2\/2024\/05\/Akademia_book_1.json\" background=\"transparent\" speed=\"1\" style=\"width: 60px; height: 60px; \" direction=\"1\" playMode=\"normal\" loop hover autoplay><\/dotlottie-player>\n                                                                                          <\/div>\n                                        <\/div>\n                                      <div class=\"icon_sec_heading\" data-lpid=\"dp-1506-0\">Wyk\u0142ady<\/div>\n                                      <\/a>\n                                    <\/div>\n                                                                <div class=\"item\">\n                                  <a href=\"https:\/\/rf.gov.pl\/akademia\/edukacja\/materialy\/\" class=\"lpCls\" data-lpid=\"dp-1506-1\">\n                                        <div class=\"icon_sec\">\n                                            <div class=\"key_ic\">\n                                                                                            <dotlottie-player id=\"dp-1506-1\" data-src=\"https:\/\/rf.gov.pl\/akademia\/wp-content\/uploads\/sites\/2\/2024\/05\/Akademia_file.json\" background=\"transparent\" speed=\"1\" style=\"width: 60px; height: 60px; \" direction=\"1\" playMode=\"normal\" loop hover autoplay><\/dotlottie-player>\n                                                                                          <\/div>\n                                        <\/div>\n                                      <div class=\"icon_sec_heading\" data-lpid=\"dp-1506-1\">Materia\u0142y<\/div>\n                                      <\/a>\n                                    <\/div>\n                                                                <div class=\"item\">\n                                  <a href=\"https:\/\/rf.gov.pl\/akademia\/edukacja\/audycje\/\" class=\"lpCls\" data-lpid=\"dp-1506-2\">\n                                        <div class=\"icon_sec\">\n                                            <div class=\"key_ic\">\n                                                                                            <dotlottie-player id=\"dp-1506-2\" data-src=\"https:\/\/rf.gov.pl\/akademia\/wp-content\/uploads\/sites\/2\/2024\/05\/Akademia_microphone.json\" background=\"transparent\" speed=\"1\" style=\"width: 60px; height: 60px; \" direction=\"1\" playMode=\"normal\" loop hover autoplay><\/dotlottie-player>\n                                                                                          <\/div>\n                                        <\/div>\n                                      <div class=\"icon_sec_heading\" data-lpid=\"dp-1506-2\">Audycje<\/div>\n                                      <\/a>\n                                    <\/div>\n                                                                <div class=\"item\">\n                                  <a href=\"https:\/\/rf.gov.pl\/akademia\/faq\/\" class=\"lpCls\" data-lpid=\"dp-1506-3\">\n                                        <div class=\"icon_sec\">\n                                            <div class=\"key_ic\">\n                                                                                            <dotlottie-player id=\"dp-1506-3\" data-src=\"https:\/\/rf.gov.pl\/akademia\/wp-content\/uploads\/sites\/2\/2024\/05\/Akademia_FAQ.json\" background=\"transparent\" speed=\"1\" style=\"width: 60px; height: 60px; \" direction=\"1\" playMode=\"normal\" loop hover autoplay><\/dotlottie-player>\n                                                                                          <\/div>\n                                        <\/div>\n                                      <div class=\"icon_sec_heading\" data-lpid=\"dp-1506-3\">Pytania i odpowiedzi<\/div>\n                                      <\/a>\n                                    <\/div>\n                              \n\n                            <\/div>\n                    <\/div>\n\n            <\/div>\n\n\n    \n\n\n\n    \n    <\/div>\n\n    \n\n\n  \n<div class=\"\">\n<div class=\"tags\">\n<h2>Tagi<\/h2>\n \n<p>\n    \n\t\n      <a class=\"btn btn-outline-primary\" href=\"https:\/\/rf.gov.pl\/akademia\/?s=Istotny+pogl\u0105d&#038;tag=Istotny+pogl\u0105d\">Istotny pogl\u0105d<\/a>\n\n\t\n      <a class=\"btn btn-outline-primary\" href=\"https:\/\/rf.gov.pl\/akademia\/?s=Konkurs&#038;tag=Konkurs\">Konkurs<\/a>\n\n\t\n  \t\n  \t\n  \t\n  \t\n  \t\n  \t\n  \t\n  \t\n  \t\n  \t\n  \t\n  \t\n  \n\n\n<\/div>\n\n\n<\/div>\n\n","protected":false},"excerpt":{"rendered":"","protected":false},"author":1,"featured_media":0,"parent":0,"menu_order":0,"comment_status":"closed","ping_status":"closed","template":"page-templates\/template-home-page.php","meta":{"_acf_changed":false,"inline_featured_image":false,"footnotes":"","_links_to":"","_links_to_target":""},"class_list":["post-5","page","type-page","status-publish","hentry"],"acf":[],"_links":{"self":[{"href":"https:\/\/rf.gov.pl\/akademia\/wp-json\/wp\/v2\/pages\/5","targetHints":{"allow":["GET"]}}],"collection":[{"href":"https:\/\/rf.gov.pl\/akademia\/wp-json\/wp\/v2\/pages"}],"about":[{"href":"https:\/\/rf.gov.pl\/akademia\/wp-json\/wp\/v2\/types\/page"}],"author":[{"embeddable":true,"href":"https:\/\/rf.gov.pl\/akademia\/wp-json\/wp\/v2\/users\/1"}],"replies":[{"embeddable":true,"href":"https:\/\/rf.gov.pl\/akademia\/wp-json\/wp\/v2\/comments?post=5"}],"version-history":[{"count":75,"href":"https:\/\/rf.gov.pl\/akademia\/wp-json\/wp\/v2\/pages\/5\/revisions"}],"predecessor-version":[{"id":1744,"href":"https:\/\/rf.gov.pl\/akademia\/wp-json\/wp\/v2\/pages\/5\/revisions\/1744"}],"wp:attachment":[{"href":"https:\/\/rf.gov.pl\/akademia\/wp-json\/wp\/v2\/media?parent=5"}],"curies":[{"name":"wp","href":"https:\/\/api.w.org\/{rel}","templated":true}]}}