   {"id":21423,"date":"2025-07-03T16:18:49","date_gmt":"2025-07-03T14:18:49","guid":{"rendered":"https:\/\/rf.gov.pl\/deklaracja-dostepnosci-edeklaracje\/"},"modified":"2026-04-01T15:23:00","modified_gmt":"2026-04-01T13:23:00","slug":"deklaracja-dostepnosci-edeklaracje","status":"publish","type":"page","link":"https:\/\/rf.gov.pl\/en\/deklaracja-dostepnosci-edeklaracje\/","title":{"rendered":"Accessibility Declaration eDeclarations"},"content":{"rendered":"\n\n<section id=\"a11y-wstep\">\n<h2>Ensuring digital, architectural and information and communication accessibility<\/h2>\n<p><strong>Entity:<\/strong> <span id=\"a11y-podmiot\">Financial Ombudsman<\/span><\/p>\n<p>The Office of the Financial Ombudsman (hereinafter referred as the BRF) that supports the Financial Ombudsman in carrying out its statutory duties, strives to ensure to the fullest extent possible the access to the Office&#x27;s offices, published, transmitted and shared information and websites for all persons. Anyone without having to demonstrate a legal or factual interest has the right to inform the BRF of a lack of architectural or informational and communicational accessibility and to request digital accessibility.<\/p>\n<h2>Digital accessibility<\/h2>\n<p><span id=\"a11y-podmiot\">Financial Ombudsman<\/span> undertakes to ensure the accessibility of its <span id=\"a11y-zakres\">website<\/span> in accordance with the provisions of the Act of April 4th 2019 on the digital accessibility of websites and mobile applications of public entities.<\/p>\n<p>This accessibility statement applies to the website <a id=\"a11y-url\" href=\"https:\/\/edeklaracje.rf.gov.pl\/\">https:\/\/edeklaracje.rf.gov.pl\/<\/a>.<\/p>\n<ul class=\"meta\">\n  <li>Website publication date: <time id=\"a11y-data-publikacja\">March 30, 2016<\/time><\/li>\n  <li>Last updated: <time id=\"a11y-data-aktualizacja\">August 11, 2025<\/time><\/li>\n<\/ul>\n<\/section>\n<h2>Digital accessibility status<\/h2>\n<p id=\"a11y-status\">The website is not compliant with the Act of April 4 th 2019 on the digital accessibility of websites and mobile applications of public entities due to the incompatibilities or exclusions listed below. <\/p>\n<h2>Inaccessible content<\/h2>\n<h3>Non-compliance with the Appendix<\/h3>\n<h4>Inacceptable elements and content<\/h4>\n<ul>\n<li>1.3.1 &#8211; Information and relationships<\/li>\n<li>1.3.2 &#8211; Understandable order<\/li>\n<li>1.3.5 &#8211; Defining the desired value<\/li>\n<li>1.4.3 &#8211; Contrast (minimum)<\/li>\n<li>1.4.4 &#8211; Changing text size<\/li>\n<li>1.4.10 &#8211; Fit to screen<\/li>\n<li>1.4.12 &#8211; Text spacing<\/li>\n<li>2.4.1 &#8211; Ability to skip blocks<\/li>\n<li>2.4.2 &#8211; Page title<\/li>\n<li>2.4.4 &#8211; Link target (in context)<\/li>\n<li>2.4.5 &#8211; Multiple paths<\/li>\n<li>2.4.6 &#8211; Headings and labels<\/li>\n<li>3.3.1 &#8211; Error identification<\/li>\n<li>3.3.2 &#8211; Labels or instructions<\/li>\n<li>3.3.4 &#8211; Error prevention (legal, financial, data)<\/li>\n<li>4.1.1 &#8211; Code correctness<\/li>\n<li>4.1.2 &#8211; Name, role, value<\/li>\n<li>4.1.3 &#8211; Messages about the status<\/li>\n<\/ul>\n<h2>Preparation of the accessibility declaration<\/h2>\n<h3>Preparation of the accessibility declaration and its update<\/h3>\n<ul>\n  <li>Date of declaration: <time id=\"a11y-data-sporzadzenie\" datetime=\"2026-03-31\">2026-03-31.<\/time><\/li>\n<\/ul>\n<p>The declaration was prepared on the basis of a self-assessment conducted by the public entity and information provided by landlords.<\/p>\n<h2>Keyboard shortcuts<\/h2>\n<p>Standard keyboard shortcuts can be used on the website.<\/p>\n<h2>Feedback and contact details<\/h2>\n<p>Accessibility Coordinator at the Office of the Financial Ombudsman: <span id=\"a11y-kontakt\">Jakub Kubacki<\/span>, contact: <a id=\"a11y-email\" href=\"mailto:dostepnoscwbrf@rf.gov.pl\">dostepnoscwbrf@rf.gov.pl<\/a>, by phone <a id=\"a11y-telefon\" href=\"tel:+48 22 333 73 26\">+48 22 333 73 26<\/a>.<\/p>\n<p>The Office of the Financial Ombudsman (hereinafter referred as the BRF) that supports the Financial Ombudsman in carrying out its statutory duties, strives to ensure to the fullest extent possible the access to the Office&#x27;s offices, published, transmitted and shared information and websites for all persons. Anyone without having to demonstrate a legal or factual interest has the right to inform the BRF of a lack of architectural or informational and communicational accessibility and to request digital accessibility.<\/p>\n<h3>REQUEST FOR DIGITAL ACCESSIBILITY<\/h3>\n<p>According to Article 18, Section 1 of the Act on Digital Accessibility of Public Entity Websites and Mobile Applications, everyone has the right to request that a public entity ensures the digital accessibility of a specified website, mobile application or website element or to make it available via an alternative access method.<\/p>\n<h4>How to submit a request<\/h4>\n<p>A request for digital accessibility can be submitted:<\/p>\n<ul>\n  <li>in person in the Office of the Financial Ombudsman, ul. Nowogrodzka 47A, 00-695 Warsaw,<\/li>\n  <li>by post to the address provided above,<\/li>\n  <li>by email to <a href=\"mailto:dostepnoscwbrf@rf.gov.pl\">dostepnoscwbrf@rf.gov.pl<\/a> ,<\/li>\n  <li>via e-PUAP.<\/li>\n<\/ul>\n<h4>The request should include<\/h4>\n<ul>\n  <li>contact details of the person making the request;<\/li>\n  <li>identification of the website, mobile application, or element of the website or mobile application of the public entity that is to be digitally accessible;<\/li>\n  <li>identification of how to contact the person making the request;<\/li>\n  <li>identification of an alternative access method, if applicable.<\/li>\n<\/ul>\n<h2>Handling requests and complaints related to accessibility<\/h2>\n<section id=\"a11y-procedura\">\n<h3>HANDLING REQUESTS AND COMPLAINTS RELATED TO DIGITAL ACCESSIBILITY<\/h3>\n<p>We will respond to your request as soon as possible, no later than 7 days from its receipt.<\/p>\n<p>If this deadline is too short for us we will inform you. This notification will provide a new deadline by which we will correct the errors you reported or prepare the information in an alternative manner. This new deadline will not exceed two months.<\/p>\n<p>If we are unable to ensure the digital accessibility of the website or content as requested we will offer you access to it through an alternative means.<\/p>\n<p>If you are dissatisfied with the response to your request you have the right to submit a complaint to the Commissioner for Human Rights. Detailed information and contact details can be found on the official website of the Commissioner: <a href=\"https:\/\/bip.brpo.gov.pl\/pl\" target=\"_blank\" rel=\"noopener\">https:\/\/bip.brpo.gov.pl\/pl<\/a> <\/p>\n<h4>Appeal<\/h4>\n<p>If the requested digital accessibility is refused or if an alternative access method is refused the requesting party has the right to submit a complaint to the Office of the Financial Ombudsman. The provisions of the Code of Administrative Procedure apply to the complaints regarding digital accessibility.<\/p>\n<\/section>\n<h2>Other information<\/h2>\n<section id=\"a11y-architektura\">\n<h3>Architectural accessibility<\/h3>\n<p>ARCHITECTURAL ACCESSIBILITY AND INFORMATION AND COMMUNICATION<\/p>\n<p>The building housing the Office of the Financial Ombudsman is located at 47A Nowogrodzka in Warsaw.<\/p>\n<p>The building in which the office of the Field Representative of the Financial Ombudsman is located is at Krakowskie Przedmie\u015bcie 22, room 1 in Lublin.<\/p>\n<p>The building in which the office of the Field Representative of the Financial Ombudsman is located is at Polish Consulate Square 4 (ZUS building) in Olsztyn.<\/p>\n<p>The building in which the office of the Field Representative of the Financial Ombudsman is located is at Marii Sk\u0142odowskiej-Curie Street 11 in \u0141\u00f3d\u017a.<\/p>\n<p>The building in which the office of the Field Representative of the Financial Ombudsman is located is at Marii Janion Street 5 in Gda\u0144sk.<\/p>\n<p>Accessibility to the above-mentioned locations is described below.<\/p>\n<h4>DESCRIPTION OF ACCESSIBILITY TO THE FINANCIAL OMBUDSMAN&#x27;S OFFICE IN WARSAW<\/h4>\n<p>The building housing the Financial Ombudsman&#x27;s Office is located at 47A Nowogrodzka.<\/p>\n<p>The entrance to the building is located on Nowogrodzka and is wheelchair-accessible. The doors are double-leaf with a total width of 186 cm and lead to the lobby. They are not automatically operated but there is staff inside to assist with opening them. You can contact building security by ringing the bell and BRF staff can also assist you if they are at the BRF Information Point.<\/p>\n<p>Immediately after entering the lobby the Financial Ombudsman&#x27;s Office Information Point is located on the left and a few meters further the building security desk is located on the right.<\/p>\n<p>The Financial Ombudsman&#x27;s Office Information Point is accessed via a small ramp.<\/p>\n<p>There is no voice announcement system in the building. There is an induction loop for individual customer service.<\/p>\n<p>The building lacks Braille signage, high-contrast signs or large-print signs for the visually impaired.<\/p>\n<p>There are three parking spaces for people with disabilities located near the building on Nowogrodzka Street.<\/p>\n<p>Access to the building and its rooms is permitted with an assistance dog or guide dog.<\/p>\n<p>The Office of the Financial Ombudsman provides access to a Polish Sign Language video interpreter. To use the service, complete the form linked at <a href=\"https:\/\/rf.gov.pl\/migowy\/\">https:\/\/rf.gov.pl\/migowy\/<\/a>  You can also access this subpage using the icon located in the top toolbar of <a href=\"https:\/\/rf.gov.pl\/en\/\">https:\/\/rf.gov.pl\/<\/a> , <a href=\"https:\/\/rf.gov.pl\/akademia\/\">https:\/\/rf.gov.pl\/akademia\/<\/a> or <a href=\"https:\/\/rf.gov.pl\/polubowne\/\">https:\/\/rf.gov.pl\/polubowne\/<\/a><\/p>\n<h4>Accessibility description of the office of the Financial Ombudsman&#x27;s Field Representative in Lublin<\/h4>\n<p>The building housing the office of the Financial Ombudsman&#x27;s Representative is located at 22 Krakowskie Przedmie\u015bcie, apartment 1.<\/p>\n<p>There are no steps in front of the building entrance.<\/p>\n<p>The entrance door to the building is wheelchair-accessible. The door is single-leaf with a total width of approximately 100 cm, opens with considerable force, opens outwards, is unlocked by an intercom and leads to the lobby. There is an elevator on the ground floor with 90 cm wide doors.<\/p>\n<p>The office of the Financial Ombudsman&#x27;s Field Representative is located on the first floor.<\/p>\n<p>After exiting the elevator a 100 cm wide wooden door opens outward manually with considerable force. A BRF employee can provide assistance if necessary.<\/p>\n<p>A secretary&#x27;s desk is located at the entrance.<\/p>\n<p>There are no voice announcements or induction loops in the building.<\/p>\n<p>There are no Braille signs, high-contrast signs, or large print for visually impaired users.<\/p>\n<p>There are two parking spaces for people with disabilities located near the building on Walerego Wr\u00f3blewskiego Street.<\/p>\n<p>Access to the BRF building and its premises is permitted with assistance dogs or guide dogs.<\/p>\n<p>The Office of the Financial Ombudsman provides access to a Polish Sign Language video interpreter. To use the service, complete the form linked at <a href=\"https:\/\/rf.gov.pl\/migowy\/\">https:\/\/rf.gov.pl\/migowy\/<\/a>  You can also access this subpage using the icon located in the top toolbar of <a href=\"https:\/\/rf.gov.pl\/en\/\">https:\/\/rf.gov.pl\/<\/a> , <a href=\"https:\/\/rf.gov.pl\/akademia\/\">https:\/\/rf.gov.pl\/akademia\/<\/a> or <a href=\"https:\/\/rf.gov.pl\/polubowne\/\">https:\/\/rf.gov.pl\/polubowne\/<\/a><\/p>\n<h5>To schedule a visit, please contact us in advance<\/h5>\n<p><a href=\"tel:223337331\">Phone: 22 333 73 31<\/a><\/p>\n<p>Email: <a href=\"mailto:biuroterenowelublin@rf.gov.pl\">biuroterenowelublin@rf.gov.pl<\/a><\/p>\n<h4>DESCRIPTION OF ACCESSIBILITY TO THE OFFICE OF THE LOCAL REPRESENTATIVE OF THE FINANCIAL OMBUDSMAN IN OLSZTYN<\/h4>\n<p>The building housing the office of the Regional Representative of the Financial Ombudsman is located at Polish Consulate Square 4 (ZUS building) in Olsztyn.<\/p>\n<p>There are no voice announcements or induction loops in the spaces rented by the Financial Ombudsman&#x27;s Office. However, it is possible to request service using an induction loop. Please inform the regional office if you need to use an induction loop in order to schedule an appointment.<\/p>\n<p>There are no Braille signs, high-contrast signs, or large print for visually impaired users in the spaces rented by the Financial Ombudsman&#x27;s Office.<\/p>\n<p>A parking space for people with disabilities is located near the building in the Polish Consulate Square.<\/p>\n<p>Assistance dogs and guide dogs are permitted in the building and the BRF premises.<\/p>\n<p>The Financial Ombudsman&#x27;s Office provides access to a video interpreter for Polish Sign Language. To use the service, complete the form linked at <a href=\"https:\/\/rf.gov.pl\/migowy\/\">https:\/\/rf.gov.pl\/migowy\/<\/a> . This subpage can also be accessed using the icon located in the top toolbar of <a href=\"https:\/\/rf.gov.pl\/en\/\">https:\/\/rf.gov.pl\/<\/a> , <a href=\"https:\/\/rf.gov.pl\/akademia\/\">https:\/\/rf.gov.pl\/akademia\/<\/a> , or <a href=\"https:\/\/rf.gov.pl\/polubowne\/\">https:\/\/rf.gov.pl\/polubowne\/<\/a> .<\/p>\n<p>To schedule an appointment, please contact us in advance:<\/p>\n<p><a href=\"tel:223337337\">Telephone: 22 333 73 37<\/a><\/p>\n<p>Email: <a href=\"mailto:biuroterenoweolsztyn@rf.gov.pl\">biuroterenoweolsztyn@rf.gov.pl<\/a><\/p>\n<h4>DESCRIPTION OF ACCESSIBILITY TO THE OFFICE OF THE LOCAL REPRESENTATIVE OF THE FINANCIAL OMBUDSMAN IN \u0141\u00f3d\u017a<\/h4>\n<p>The building housing the office of the Financial Ombudsman&#x27;s Field Representative is located at Marii Sk\u0142odowskiej-Curie Street 11 in \u0141\u00f3d\u017a.<\/p>\n<p>There are no voice announcements or induction loops in the spaces rented by the Financial Ombudsman&#x27;s Office. However, it is possible to request service using an induction loop. Please inform the regional office if you need to use an induction loop in order to schedule an appointment.<\/p>\n<p>There are no Braille signs, high-contrast signs, or large print for visually impaired users in the spaces rented by the Financial Ombudsman&#x27;s Office.<\/p>\n<p>There is a parking space for people with disabilities located near the building on Marii Sk\u0142odowskiej-Curie Street.<\/p>\n<p>Assistance dogs and guide dogs are permitted in the building and the BRF premises.<\/p>\n<p>The Financial Ombudsman&#x27;s Office provides access to a video interpreter for Polish Sign Language. To use the service, complete the form linked at <a href=\"https:\/\/rf.gov.pl\/migowy\/\">https:\/\/rf.gov.pl\/migowy\/<\/a> . This subpage can also be accessed using the icon located in the top toolbar of <a href=\"https:\/\/rf.gov.pl\/en\/\">https:\/\/rf.gov.pl\/<\/a> , <a href=\"https:\/\/rf.gov.pl\/akademia\/\">https:\/\/rf.gov.pl\/akademia\/<\/a> , or <a href=\"https:\/\/rf.gov.pl\/polubowne\/\">https:\/\/rf.gov.pl\/polubowne\/<\/a> .<\/p>\n<p>To schedule an appointment, please contact us in advance:<\/p>\n<p><a href=\"tel:223337336\">Telephone: 22 333 73 36<\/a><\/p>\n<p>Email: <a href=\"mailto:biuroterenowelodz@rf.gov.pl\">biuroterenowelodz@rf.gov.pl<\/a><\/p>\n<h4>DESCRIPTION OF ACCESSIBILITY TO THE OFFICE OF THE LOCAL REPRESENTATIVE OF THE FINANCIAL OMBUDSMAN IN Gda\u0144sk<\/h4>\n<p>The building housing the office of the Financial Ombudsman&#x27;s Field Representative is located at Marii Janion Street 5 in Gda\u0144sk.<\/p>\n<p>There are no voice announcements or induction loops in the spaces rented by the Financial Ombudsman&#x27;s Office. However, it is possible to request service using an induction loop. Please inform the regional office if you need to use an induction loop in order to schedule an appointment.<\/p>\n<p>There are no Braille signs, high-contrast signs, or large print for visually impaired users in the spaces rented by the Financial Ombudsman&#x27;s Office.<\/p>\n<p>There is a parking space for people with disabilities located near the building on Marii Janion Street.<\/p>\n<p>Assistance dogs and guide dogs are permitted in the building and BRF premises.<\/p>\n<p>The Financial Ombudsman&#x27;s Office provides access to a video interpreter for Polish Sign Language. To use the service, complete the form linked at <a href=\"https:\/\/rf.gov.pl\/migowy\/\">https:\/\/rf.gov.pl\/migowy\/<\/a> . This subpage can also be accessed using the icon located in the top toolbar of <a href=\"https:\/\/rf.gov.pl\/en\/\">https:\/\/rf.gov.pl\/<\/a> , <a href=\"https:\/\/rf.gov.pl\/akademia\/\">https:\/\/rf.gov.pl\/akademia\/<\/a> , or <a href=\"https:\/\/rf.gov.pl\/polubowne\/\">https:\/\/rf.gov.pl\/polubowne\/<\/a> .<\/p>\n<p>To schedule an appointment, please contact us in advance:<\/p>\n<p><a href=\"tel:223337335\">Telephone: 22 333 73 35<\/a><\/p>\n<p>Email: <a href=\"mailto:biuroterenowegdansk@rf.gov.pl\">biuroterenowegdansk@rf.gov.pl<\/a><\/p>\n<\/section>\n<section id=\"a11y-komunikacja\">\n<h3>Communication and information accessibility<\/h3>\n<p>The Office of the Financial Ombudsman provides access to a Polish Sign Language video interpreter. To use the service, complete the form linked at <a href=\"https:\/\/rf.gov.pl\/migowy\/\">https:\/\/rf.gov.pl\/migowy\/<\/a>  You can also access this subpage using the icon located in the top toolbar of <a href=\"https:\/\/rf.gov.pl\/en\/\">https:\/\/rf.gov.pl\/<\/a> , <a href=\"https:\/\/rf.gov.pl\/akademia\/\">https:\/\/rf.gov.pl\/akademia\/<\/a> or <a href=\"https:\/\/rf.gov.pl\/polubowne\/\">https:\/\/rf.gov.pl\/polubowne\/<\/a><\/p>\n<\/section>\n<h3>ARCHITECTURAL OR INFORMATION AND COMMUNICATION ACCESSIBILITY REQUEST<\/h3>\n<p>According to Article 30 of the Act on Ensuring Accessibility for Persons with Special Needs a person with special needs or their legal representative after demonstrating a legitimate interest has the right to request architectural or information and communication accessibility. Similarly we may be informed of a lack of such accessibility but in this situation demonstrating a legal or legitimate interest is not required.<\/p>\n<h4>How to submit an application<\/h4>\n<p>An accessibility application can be submitted:<\/p>\n<p>in person in the Office of the Financial Ombudsman, ul. Nowogrodzka 47A, 00-695 Warsaw,<\/p>\n<p>by post to the address indicated above,<\/p>\n<p>by email to <a href=\"mailto:dostepnoscwbrf@rf.gov.pl\">dostepnoscwbrf@rf.gov.pl<\/a> ,<\/p>\n<p>via e-PUAP.<\/p>\n<h4>The application should include<\/h4>\n<p>the applicant&#x27;s contact details;<\/p>\n<p>an indication of the barrier hindering or preventing architectural or information and communication accessibility;<\/p>\n<p>Indication of how to contact the applicant;<\/p>\n<p>Indication of the preferred method of ensuring accessibility, if applicable.<\/p>\n<h4>Application Review<\/h4>\n<p>We will respond to your application as soon as possible, no later than 7 days after receiving it.<\/p>\n<p>If this deadline is too short for us we will inform you. This notification will provide a new deadline by which we will correct the errors you reported or prepare the information or solution in an alternative manner. This new deadline will not be longer than 2 months.<\/p>\n<p>If we are unable to ensure architectural or information and communication accessibility we will offer you access in an alternative manner.<\/p>\n<h4>APPEAL<\/h4>\n<p>If BRF, despite submitting an application, does not ensure accessibility you may submit a complaint about the lack of accessibility to the Chairman of the Management Board of PFRON within 30 days of the expiry of the deadline for ensuring accessibility or of receiving a refusal to provide accessibility. After reviewing the complaint the Chairman of the Management Board of PFRON issues a decision that requires accessibility to be provided in a specified manner within a period of no less than 30 days or in particularly complex cases, no less than 60 days, from the date of receipt of the decision or exempts the applicant from the obligation to provide accessibility. The Chairman of the Management Board of PFRON may also terminate the proceedings without issuing a decision and discontinue the entire proceedings if the complaint is deemed groundless.<\/p>\n<p>The Office of the Financial Ombudsman strives to ensure access to the Office&#x27;s buildings, published information, and websites to the fullest extent possible. This declaration was prepared based on a self-assessment conducted by the public entity.<\/p>\n\n","protected":false},"excerpt":{"rendered":"<p>Ensuring digital, architectural and information and communication accessibility Entity: Financial Ombudsman The Office of the Financial Ombudsman (hereinafter referred as the BRF) that supports the Financial Ombudsman in carrying out its statutory duties, strives to ensure to the fullest extent possible the access to the Office&#x27;s offices, published, transmitted and shared information and websites for [&hellip;]<\/p>\n","protected":false},"author":1,"featured_media":20716,"parent":0,"menu_order":0,"comment_status":"closed","ping_status":"closed","template":"page-templates\/template-inner-page.php","meta":{"_acf_changed":false,"inline_featured_image":false,"footnotes":"","_links_to":"","_links_to_target":""},"class_list":["post-21423","page","type-page","status-publish","has-post-thumbnail","hentry"],"acf":[],"_links":{"self":[{"href":"https:\/\/rf.gov.pl\/en\/wp-json\/wp\/v2\/pages\/21423","targetHints":{"allow":["GET"]}}],"collection":[{"href":"https:\/\/rf.gov.pl\/en\/wp-json\/wp\/v2\/pages"}],"about":[{"href":"https:\/\/rf.gov.pl\/en\/wp-json\/wp\/v2\/types\/page"}],"author":[{"embeddable":true,"href":"https:\/\/rf.gov.pl\/en\/wp-json\/wp\/v2\/users\/1"}],"replies":[{"embeddable":true,"href":"https:\/\/rf.gov.pl\/en\/wp-json\/wp\/v2\/comments?post=21423"}],"version-history":[{"count":8,"href":"https:\/\/rf.gov.pl\/en\/wp-json\/wp\/v2\/pages\/21423\/revisions"}],"predecessor-version":[{"id":24612,"href":"https:\/\/rf.gov.pl\/en\/wp-json\/wp\/v2\/pages\/21423\/revisions\/24612"}],"wp:featuredmedia":[{"embeddable":true,"href":"https:\/\/rf.gov.pl\/en\/wp-json\/wp\/v2\/media\/20716"}],"wp:attachment":[{"href":"https:\/\/rf.gov.pl\/en\/wp-json\/wp\/v2\/media?parent=21423"}],"curies":[{"name":"wp","href":"https:\/\/api.w.org\/{rel}","templated":true}]}}