   {"id":6993,"date":"2024-02-24T05:13:36","date_gmt":"2024-02-24T05:13:36","guid":{"rendered":"https:\/\/rf.gov.pl\/baza-wiedzy\/"},"modified":"2025-05-23T08:19:31","modified_gmt":"2025-05-23T08:19:31","slug":"baza-wiedzy","status":"publish","type":"page","link":"https:\/\/rf.gov.pl\/en\/baza-wiedzy\/","title":{"rendered":"Baza wiedzy"},"content":{"rendered":"\n\n<div class=\"\">\n\n<div class=\"onas_sec\">\n\n    \n\n      <ul class=\"row\">\n\n\n      \n                    \n                  <\/ul>\n\n<\/div>\n\n\n<\/div>","protected":false},"excerpt":{"rendered":"<p>Zach\u0119camy do zapoznania si\u0119 z nasz\u0105 baz\u0105, czyli zbiorem materia\u0142\u00f3w, dzi\u0119ki kt\u00f3rym mo\u017cna poszerzy\u0107 swoj\u0105 wiedz\u0119 na temat uprawnie\u0144 klient\u00f3w podmiot\u00f3w rynku finansowego.<\/p>\n","protected":false},"author":1,"featured_media":1226,"parent":0,"menu_order":0,"comment_status":"closed","ping_status":"closed","template":"page-templates\/template-sub-page.php","meta":{"_acf_changed":false,"inline_featured_image":false,"footnotes":"","_links_to":"","_links_to_target":""},"class_list":["post-6993","page","type-page","status-publish","has-post-thumbnail","hentry"],"acf":[],"_links":{"self":[{"href":"https:\/\/rf.gov.pl\/en\/wp-json\/wp\/v2\/pages\/6993","targetHints":{"allow":["GET"]}}],"collection":[{"href":"https:\/\/rf.gov.pl\/en\/wp-json\/wp\/v2\/pages"}],"about":[{"href":"https:\/\/rf.gov.pl\/en\/wp-json\/wp\/v2\/types\/page"}],"author":[{"embeddable":true,"href":"https:\/\/rf.gov.pl\/en\/wp-json\/wp\/v2\/users\/1"}],"replies":[{"embeddable":true,"href":"https:\/\/rf.gov.pl\/en\/wp-json\/wp\/v2\/comments?post=6993"}],"version-history":[{"count":3,"href":"https:\/\/rf.gov.pl\/en\/wp-json\/wp\/v2\/pages\/6993\/revisions"}],"predecessor-version":[{"id":16623,"href":"https:\/\/rf.gov.pl\/en\/wp-json\/wp\/v2\/pages\/6993\/revisions\/16623"}],"wp:featuredmedia":[{"embeddable":true,"href":"https:\/\/rf.gov.pl\/en\/wp-json\/wp\/v2\/media\/1226"}],"wp:attachment":[{"href":"https:\/\/rf.gov.pl\/en\/wp-json\/wp\/v2\/media?parent=6993"}],"curies":[{"name":"wp","href":"https:\/\/api.w.org\/{rel}","templated":true}]}}