   {"id":626,"date":"2024-02-07T06:56:07","date_gmt":"2024-02-07T05:56:07","guid":{"rendered":"https:\/\/rf.gov.pl\/polubowne\/strona-glowna\/"},"modified":"2026-02-13T11:43:02","modified_gmt":"2026-02-13T10:43:02","slug":"strona-glowna","status":"publish","type":"page","link":"https:\/\/rf.gov.pl\/polubowne\/uk\/","title":{"rendered":"Strona g\u0142\u00f3wna"},"content":{"rendered":"\n\n  <div class=\"banner\">\n<div id=\"carouselExampleDark\" class=\"carousel carousel-dark slide\" data-bs-ride=\"carousel\"> \n\n\n  <div class=\"ban_btns\">\n <button class=\"carousel-control-prev\" type=\"button\" data-bs-target=\"#carouselExampleDark\" data-bs-slide=\"prev\">\n    <i class=\"fa-solid fa-arrow-left\"><\/i>\n    <span class=\"visually-hidden\">Poprzedni<\/span>\n  <\/button>\n \n  \n  <button class=\"carousel-control-next\" type=\"button\" data-bs-target=\"#carouselExampleDark\" data-bs-slide=\"next\">\n   <i class=\"fa-solid fa-arrow-right\"><\/i>\n    <span class=\"visually-hidden\">Nast\u0119pny<\/span>\n  <\/button>\n  <\/div>\n    \n  <div class=\"carousel-inner\">\n  <div class=\"carousel-item_back\"><\/div>\n\n  \n  <div class=\"carousel-item active\" data-bs-interval=\"5000\">\n      <div class=\"row\">\n      <div class=\"col-xxl-6 col-xl-6 col-lg-6 col-md-12 col-sm-12 banner_left\">\n     <img decoding=\"async\" src=\"https:\/\/rf.gov.pl\/polubowne\/wp-content\/uploads\/sites\/3\/2024\/05\/Rectangle-14.png\" class=\"d-block w-100 round_img\" alt=\"Zdi\u0119cie 5 os\u00f3b przy stole. \">\n    <\/div>\n    \n    <div class=\"col-xxl-6 col-xl-6 col-lg-6 col-md-12 col-sm-12\">\n    <div class=\"carousel-caption  d-md-block\">\n        <h2 class=\"green\">Post\u0119powanie pozas\u0105dowe<\/h2>\n        <div class=\"text\">Rozwi\u0105\u017c sw\u00f3j sp\u00f3r z instytucj\u0105 finansow\u0105 szybko, tanio, skutecznie i w spos\u00f3b polubowny. Sprawd\u017a, jak z\u0142o\u017cy\u0107 wniosek o wszcz\u0119cie post\u0119powania pozas\u0105dowego i jakie s\u0105 jego zalety i zasady.<\/div>\n                <a href=\"https:\/\/rf.gov.pl\/polubowne\/o-postepowaniu-pozasadowym\/\"class=\"banner_but\">Wi\u0119cej informacji <i class=\"fa-solid fa-arrow-right\"><\/i> <\/a>\n              <\/div>\n    <\/div>\n     \n    <\/div>\n  <\/div>\n\n  \n  <div class=\"carousel-item \" data-bs-interval=\"5000\">\n      <div class=\"row\">\n      <div class=\"col-xxl-6 col-xl-6 col-lg-6 col-md-12 col-sm-12 banner_left\">\n     <img decoding=\"async\" src=\"https:\/\/rf.gov.pl\/polubowne\/wp-content\/uploads\/sites\/3\/2023\/12\/Podsumowanie-Konferencji-ADR-672x428.jpg\" class=\"d-block w-100 round_img\" alt=\"Zdj\u0119cie przezdstawia sal\u0119 z uczestnikami konferencji. \">\n    <\/div>\n    \n    <div class=\"col-xxl-6 col-xl-6 col-lg-6 col-md-12 col-sm-12\">\n    <div class=\"carousel-caption  d-md-block\">\n        <h2 class=\"green\">Aktualno\u015bci<\/h2>\n        <div class=\"text\">W tym miejscu publikujemy najwa\u017cniejsze informacje zwi\u0105zane z dzia\u0142alno\u015bci\u0105 Departamentu Pozas\u0105dowego Rozwi\u0105zywania Spor\u00f3w oraz najistotniejsze wiadomo\u015bci zwi\u0105zane z pozas\u0105dowym rozwi\u0105zywaniem spor\u00f3w na rynku finansowym.\r\n<\/div>\n                <a href=\"https:\/\/rf.gov.pl\/polubowne\/aktualnosci\/\"class=\"banner_but\">Wszystkie aktualno\u015b\u0107i <i class=\"fa-solid fa-arrow-right\"><\/i> <\/a>\n              <\/div>\n    <\/div>\n     \n    <\/div>\n  <\/div>\n\n  \n  <div class=\"carousel-item \" data-bs-interval=\"5000\">\n      <div class=\"row\">\n      <div class=\"col-xxl-6 col-xl-6 col-lg-6 col-md-12 col-sm-12 banner_left\">\n     <img decoding=\"async\" src=\"https:\/\/rf.gov.pl\/polubowne\/wp-content\/uploads\/sites\/3\/2024\/06\/form-filling-5x3-1-658x428.jpg\" class=\"d-block w-100 round_img\" alt=\"Zdj\u0119cie z r\u0119k\u0105 trzymaj\u0105c\u0105 d\u0142ugopis - symbolizuje wype\u0142nianie wniosku. \">\n    <\/div>\n    \n    <div class=\"col-xxl-6 col-xl-6 col-lg-6 col-md-12 col-sm-12\">\n    <div class=\"carousel-caption  d-md-block\">\n        <h2 class=\"green\">Wype\u0142nij wniosek<\/h2>\n        <div class=\"text\">W tym miejscu znajdziesz formularz online umo\u017cliwiaj\u0105cy z\u0142o\u017cenie wniosku o przeprowadzenie post\u0119powania pozas\u0105dowego w sprawie rozwi\u0105zania sporu z podmiotem rynku finansowego. Skuteczne z\u0142o\u017cenie wniosku za pomoc\u0105 formularza wymaga posiadania kwalifikowanego podpisu elektronicznego. Je\u015bli go nie posiadasz zapoznaj si\u0119 z innymi mo\u017cliwo\u015bciami z\u0142o\u017cenia wniosku.\r\n<\/div>\n                <a href=\"https:\/\/rf.gov.pl\/polubowne\/wniosek-o-przeprowadzenie-pozasadowego-postepowania-w-sprawie-rozwiazania-sporu-z-podmiotem-rynku-finansowego\/\"class=\"banner_but\">Wi\u0119cej informacji <i class=\"fa-solid fa-arrow-right\"><\/i> <\/a>\n              <\/div>\n    <\/div>\n     \n    <\/div>\n  <\/div>\n\n    \n    \n\n<\/div>\n\n           \n  <div class=\"carousel-indicators\">\n                              <button type=\"button\" data-bs-target=\"#carouselExampleDark\" data-bs-slide-to=\"0\" class=\"active\"  aria-current=\"true\" aria-label=\"Slajd 1\"><\/button>\n                    <button type=\"button\" data-bs-target=\"#carouselExampleDark\" data-bs-slide-to=\"1\"  aria-current=\"true\" aria-label=\"Slajd 2\"><\/button>\n                    <button type=\"button\" data-bs-target=\"#carouselExampleDark\" data-bs-slide-to=\"2\"  aria-current=\"true\" aria-label=\"Slajd 3\"><\/button>\n            \n   \n  <\/div>\n\n   \n\n<\/div>\n  <div class=\"slider_play_stop\">\n\n            <button type=\"button\" id=\"carouselimgpause\" class=\"pause\"  title=\"Zatrzymaj slajder\"> <img decoding=\"async\" src=\"https:\/\/rf.gov.pl\/polubowne\/wp-content\/themes\/rfmain\/images\/pause.png\" alt=\"\"><\/button>\n\n      <\/div>\n<\/div>\n\n      \n\n\n\n<div class=\"\">\n\n\n\n    <div class=\"join\">       <div class=\"row\">\n      <div class=\"col-xxl-8 col-xl-8 col-lg-8 col-md-12 col-sm-12 join_left\">\n      <div class=\"col-xxl-12\">\n      <h2 class=\"green\">Jak z\u0142o\u017cy\u0107 wniosek<\/h2>\n      <\/div>\n      \n      Tutaj znajdziesz informacje na temat tego jak z\u0142o\u017cy\u0107 oraz jak wype\u0142ni\u0107 wniosek o wszcz\u0119cie post\u0119powania pozas\u0105dowego w sprawie rozwi\u0105zania sporu pomi\u0119dzy klientem a podmiotem rynku finansowego.\r\n\n<br>\n<br>\n<a href=\"https:\/\/rf.gov.pl\/polubowne\/dla-klienta\/jak-zlozyc-wniosek\/\"class=\"news_but\">Wi\u0119cej informacji <i class=\"fa-solid fa-arrow-right\"><\/i> <\/a>\n\n      <\/div>\n      \n      <div class=\"col-xxl-4 col-xl-4 col-lg-4 col-md-12 col-sm-12 join_right\">\n<img decoding=\"async\" src=\"https:\/\/rf.gov.pl\/polubowne\/wp-content\/uploads\/sites\/3\/2024\/02\/submit_right.svg\" alt=\"\" class=\"\">\n      \n      <\/div>\n      <\/div>\n\n<\/div>\n\n\n\n\n\n\n<\/div>\n\n\n\n\n\n\n\n\n\n\n\n\n\n\n\n\n\n<div class=\"\">\n\n\n\n\n    <div class=\"frame\"> \n<div class=\"row\">\n<div class=\"col-xxl-4 col-xl-4 col-lg-5 col-md-12 col-sm-12 frame_left1\">\n<div class=\"frame_left\">\n<img decoding=\"async\" src=\"https:\/\/rf.gov.pl\/polubowne\/wp-content\/uploads\/sites\/3\/2024\/02\/Frame.svg\" alt=\"\" class=\"round_img_20 img_all \">\n<\/div>\n<\/div>\n\n<div class=\"col-xxl-8 col-xl-8 col-lg-7 col-md-12 col-sm-12 frame_right\">\n    <h2 class=\"green\">Formularz online<\/h2> Szanowny Kliencie, <BR>\r\nW tym miejscu znajdziesz formularz online umo\u017cliwiaj\u0105cy z\u0142o\u017cenie wniosku o przeprowadzenie post\u0119powania pozas\u0105dowego w sprawie rozwi\u0105zania sporu z podmiotem rynku finansowego. Skuteczne z\u0142o\u017cenie wniosku za pomoc\u0105 formularza wymaga posiadania kwalifikowanego podpisu elektronicznego. Je\u015bli go nie posiadasz zapoznaj si\u0119 z innymi mo\u017cliwo\u015bciami z\u0142o\u017cenia wniosku. \r\n<br>\n<br>\n<a href=\"https:\/\/rf.gov.pl\/polubowne\/wniosek-o-przeprowadzenie-pozasadowego-postepowania-w-sprawie-rozwiazania-sporu-z-podmiotem-rynku-finansowego\/\"class=\"news_but\"> Wype\u0142nij formularz <i class=\"fa-solid fa-arrow-right\"><\/i> <\/a>\n<\/div>\n<\/div>\n<\/div>\n\n\n\n\n\n\n<\/div>\n\n\n\n\n\n\n\n\n\n\n\n\n\n\n\n\n\n\n\n\n\n\n<div class=\"\">\n\n  \n\n    \n\n\n\n        <div class=\"key_topic\">\n      <div class=\"row\">\n        <div class=\"col-xxl-12\">\n          <h2 class=\"green\">Wa\u017cne linki<\/h2>\n        <\/div>\n      <\/div>\n\n              <div id=\"owl-demo-3\" class=\"owl-carousel owl-theme\">\n\n                                                <div class=\"item\">\n                              <a href=\"https:\/\/ec.europa.eu\/consumers\/odr\/main\/?event=main.adr.show2\" class=\"lpCls\" data-lpid=\"dp-7462-0\" target=\"_blank\" rel=\"noopener\">\n                                      <div class=\"icon_sec\">\n                                            <div class=\"key_ic\">\n                                                                                                <dotlottie-player id=\"dp-7462-0\"  data-src=\"https:\/\/rf.gov.pl\/polubowne\/wp-content\/uploads\/sites\/3\/2024\/05\/Polubowne_bank.json\" background=\"transparent\" speed=\"1\" style=\"width: 60px; height: 60px; \" direction=\"1\" playMode=\"normal\" loop hover autoplay><\/dotlottie-player>\n                                                                                            <\/div>\n                                      <\/div>\n                                <div class=\"icon_sec_heading lpCls\" data-lpid=\"dp-7462-0\">Komisja Europejska<\/div>\n                              <\/a>\n                          <\/div>\n\n                                                <div class=\"item\">\n                              <a href=\"https:\/\/rf.gov.pl\/polubowne\/o-postepowaniu-pozasadowym\/\" class=\"lpCls\" data-lpid=\"dp-7462-1\">\n                                      <div class=\"icon_sec\">\n                                            <div class=\"key_ic\">\n                                                                                                <dotlottie-player id=\"dp-7462-1\"  data-src=\"https:\/\/rf.gov.pl\/polubowne\/wp-content\/uploads\/sites\/3\/2024\/06\/opinion_edit_polubowne.json\" background=\"transparent\" speed=\"1\" style=\"width: 60px; height: 60px; \" direction=\"1\" playMode=\"normal\" loop hover autoplay><\/dotlottie-player>\n                                                                                            <\/div>\n                                      <\/div>\n                                <div class=\"icon_sec_heading lpCls\" data-lpid=\"dp-7462-1\">O post\u0119powaniu polubownym<\/div>\n                              <\/a>\n                          <\/div>\n\n                                                <div class=\"item\">\n                              <a href=\"https:\/\/rf.gov.pl\/polubowne\/faq\/\" class=\"lpCls\" data-lpid=\"dp-7462-2\">\n                                      <div class=\"icon_sec\">\n                                            <div class=\"key_ic\">\n                                                                                                <dotlottie-player id=\"dp-7462-2\"  data-src=\"https:\/\/rf.gov.pl\/polubowne\/wp-content\/uploads\/sites\/3\/2024\/05\/bulb.json\" background=\"transparent\" speed=\"1\" style=\"width: 60px; height: 60px; \" direction=\"1\" playMode=\"normal\" loop hover autoplay><\/dotlottie-player>\n                                                                                            <\/div>\n                                      <\/div>\n                                <div class=\"icon_sec_heading lpCls\" data-lpid=\"dp-7462-2\">FAQ<\/div>\n                              <\/a>\n                          <\/div>\n\n                                                <div class=\"item\">\n                              <a href=\"https:\/\/rf.gov.pl\/polubowne\/sprawozdania\/\" class=\"lpCls\" data-lpid=\"dp-7462-3\">\n                                      <div class=\"icon_sec\">\n                                            <div class=\"key_ic\">\n                                                                                                <dotlottie-player id=\"dp-7462-3\"  data-src=\"https:\/\/rf.gov.pl\/polubowne\/wp-content\/uploads\/sites\/3\/2024\/05\/Polubowne_edit.json\" background=\"transparent\" speed=\"1\" style=\"width: 60px; height: 60px; \" direction=\"1\" playMode=\"normal\" loop hover autoplay><\/dotlottie-player>\n                                                                                            <\/div>\n                                      <\/div>\n                                <div class=\"icon_sec_heading lpCls\" data-lpid=\"dp-7462-3\">Sprawozdania<\/div>\n                              <\/a>\n                          <\/div>\n\n                      \n\n              <\/div>\n          <\/div>\n      \n    <\/div>\n\n    ","protected":false},"excerpt":{"rendered":"","protected":false},"author":1,"featured_media":0,"parent":0,"menu_order":0,"comment_status":"closed","ping_status":"closed","template":"page-templates\/template-home-page.php","meta":{"_acf_changed":false,"inline_featured_image":false,"footnotes":"","_links_to":"","_links_to_target":""},"class_list":["post-626","page","type-page","status-publish","hentry"],"acf":[],"_links":{"self":[{"href":"https:\/\/rf.gov.pl\/polubowne\/uk\/wp-json\/wp\/v2\/pages\/626","targetHints":{"allow":["GET"]}}],"collection":[{"href":"https:\/\/rf.gov.pl\/polubowne\/uk\/wp-json\/wp\/v2\/pages"}],"about":[{"href":"https:\/\/rf.gov.pl\/polubowne\/uk\/wp-json\/wp\/v2\/types\/page"}],"author":[{"embeddable":true,"href":"https:\/\/rf.gov.pl\/polubowne\/uk\/wp-json\/wp\/v2\/users\/1"}],"replies":[{"embeddable":true,"href":"https:\/\/rf.gov.pl\/polubowne\/uk\/wp-json\/wp\/v2\/comments?post=626"}],"version-history":[{"count":48,"href":"https:\/\/rf.gov.pl\/polubowne\/uk\/wp-json\/wp\/v2\/pages\/626\/revisions"}],"predecessor-version":[{"id":4668,"href":"https:\/\/rf.gov.pl\/polubowne\/uk\/wp-json\/wp\/v2\/pages\/626\/revisions\/4668"}],"wp:attachment":[{"href":"https:\/\/rf.gov.pl\/polubowne\/uk\/wp-json\/wp\/v2\/media?parent=626"}],"curies":[{"name":"wp","href":"https:\/\/api.w.org\/{rel}","templated":true}]}}