   {"id":103,"date":"2024-02-07T07:17:56","date_gmt":"2024-02-07T06:17:56","guid":{"rendered":"https:\/\/rf.gov.pl\/polubowne\/kontakt\/"},"modified":"2025-12-12T16:00:23","modified_gmt":"2025-12-12T15:00:23","slug":"kontakt","status":"publish","type":"page","link":"https:\/\/rf.gov.pl\/polubowne\/kontakt\/","title":{"rendered":"Kontakt"},"content":{"rendered":"\n<div class=\"\">\n\n            <div class=\"contact_box\">\n                        <div class=\"row\">\n                                <div class=\"col-xxl-7 col-xl-7 col-lg-12 col-md-12 col-sm-12\">\n                                    <h2 class=\"sub_page_h2_dark_green\">Biuro Rzecznika Finansowego<\/h2>\n\n                                  \n\n                                                                                ul. Nowogrodzka 47A, 00-695 Warszawa<br>\n                                                                                                                                    NIP: 525 15 66 173<br>\n                                                                                                                                    REGON: 011335893<br>\n                                                                                                                                    Telefon og\u00f3lny oraz recepcja:  +48 22 333-73-26 lub +48 22 333-73-27<br>\n                                                                                                                                    fax: +48 22 333-73-29<br>\n                                                                                                                                    e-mail: <a href=\"mailto:biuro@rf.gov.pl\u00a0\"><span class=\"email_new\">biuro@rf.gov.pl\u00a0<\/span><\/a><br><br>\n                                                                                           \n                                                                                            \n                                            Adres ePUAP: \/RzecznikFinansowy\/domyslna<BR>\r\nAdres do eDor\u0119cze\u0144: AE:PL-82898-28814-BHBGA-15\r\n\r\n<\/p>\r\n\r\n<p>\r\nZobacz jak aktywowa\u0107 skrzyn\u0119 e-dor\u0119cze\u0144 i dlaczego warto to zrobi\u0107: \r\n<a href=\"https:\/\/www.gov.pl\/web\/e-doreczenia\/jak-zalozyc-adres-i-skrzynke-do-e-doreczen\" target=\"_blank\" rel=\"noopener\">\r\nwi\u0119cej pod linkiem\r\n<\/a>.\r\n<\/p>\r\n\r\n<p><strong>Polecamy te\u017c video instrukta\u017ce:<\/strong><\/p>\r\n\r\n<p>\r\nKliknij w link:  \r\n<a href=\"https:\/\/www.youtube.com\/playlist?list=PL2cs7FV0x4SevI2p0OiUV3n0StfjL2h24\" target=\"_blank\" rel=\"noopener\">\r\nCykl instrukta\u017cy przygotowany przez Ministerstwo Cyfryzacji\r\n<\/a>.\r\n<\/p>\r\n<br>\n                                            \n                                <\/div>\n                                <div class=\"col-xxl-5 col-xl-5 col-lg-12 col-md-12 col-sm-12\">\n\n                                            \n                                                \n                                                <div class=\"contact_map\" id=\"mapTematyczne1\"><\/div>\n\n                                                \n                                <\/div>\n                        <\/div>\n\n\n            <\/div>\n\n\n\n<\/div>\n\n\n  <link\n      rel=\"stylesheet\"\n      href=\"https:\/\/unpkg.com\/leaflet@1.7.1\/dist\/leaflet.css\"\n      integrity=\"sha384-VzLXTJGPSyTLX6d96AxgkKvE\/LRb7ECGyTxuwtpjHnVWVZs2gp5RDjeM\/tgBnVdM\"\n      crossorigin=\"anonymous\"\n    \/>\n\n   <script\n      src=\"https:\/\/unpkg.com\/jquery@3.6.0\/dist\/jquery.min.js\"\n      integrity=\"sha384-vtXRMe3mGCbOeY7l30aIg8H9p3GdeSe4IFlP6G8JMa7o7lXvnz3GFKzPxzJdPfGK\"\n      crossorigin=\"anonymous\"\n    ><\/script>\n    <script\n      src=\"https:\/\/unpkg.com\/leaflet@1.7.1\/dist\/leaflet.js\"\n      integrity=\"sha384-RFZC58YeKApoNsIbBxf4z6JJXmh+geBSgkCQXFyh+4tiFSJmJBt+2FbjxW7Ar16M\"\n      crossorigin=\"anonymous\"\n    ><\/script>\n\n    <script src=\"https:\/\/unpkg.com\/leaflet.vectorgrid@1.2.0\"><\/script>\n\n<script type='text\/javascript'>\nsetTimeout(function(){\nvar map = L.map('mapTematyczne1', {\n  center: [52.2277267, 21.0082358],\n  minZoom: 2,\n  zoom: 13,\n})\n\/\/https:\/\/stamen-tiles-{s}.a.ssl.fastly.net\/toner-lite\/{z}\/{x}\/{y}{r}.{ext}\nL.tileLayer('https:\/\/{s}.tile.jawg.io\/jawg-sunny\/{z}\/{x}\/{y}{r}.png?lang=en&access-token=jeKhz0QNy58uEcL2LfzOy8koSgQLbjsLObsPjWAazk1Of1RthvdSfS362IChrzpU', {\n  attribution:\n    '&copy; <a href=\"https:\/\/www.openstreetmap.org\/copyright\">OpenStreetMap<\/a>',\n  subdomains: ['a', 'b', 'c'],\n}).addTo(map)\n\nvar myIcon = L.icon({\n  iconUrl: 'https:\/\/rf.gov.pl\/polubowne\/wp-content\/themes\/rfmain\/images\/location.svg',\n  iconRetinaUrl: 'https:\/\/rf.gov.pl\/polubowne\/wp-content\/themes\/rfmain\/images\/location.svg',\n  iconSize: [44, 51],\n  iconAnchor: [9, 21],\n  popupAnchor: [0, -14],\n})\n\n    var lat = parseFloat(52.2277267);\n    var lng = parseFloat(21.0082358);\n    var mk = L.marker([lat, lng], { icon: myIcon , clickable: true }).addTo(map);\n  }, 1000);\n\n<\/script>\n\n\n\n<div style=\"height:40px\" aria-hidden=\"true\" class=\"wp-block-spacer\"><\/div>\n\n\n\n<div class=\"wp-block-contact-form-7-contact-form-selector\">\n<div class=\"wpcf7 no-js\" id=\"wpcf7-f179-o1\" lang=\"pl-PL\" dir=\"ltr\" data-wpcf7-id=\"179\">\n<div class=\"screen-reader-response\"><p role=\"status\" aria-live=\"polite\" aria-atomic=\"true\"><\/p> <ul><\/ul><\/div>\n<form action=\"\/polubowne\/wp-json\/wp\/v2\/pages\/103#wpcf7-f179-o1\" method=\"post\" class=\"wpcf7-form init\" aria-label=\"Formularz kontaktowy\" novalidate=\"novalidate\" data-status=\"init\">\n<fieldset class=\"hidden-fields-container\"><input type=\"hidden\" name=\"_wpcf7\" value=\"179\" \/><input type=\"hidden\" name=\"_wpcf7_version\" value=\"6.1.5\" \/><input type=\"hidden\" name=\"_wpcf7_locale\" value=\"pl_PL\" \/><input type=\"hidden\" name=\"_wpcf7_unit_tag\" value=\"wpcf7-f179-o1\" \/><input type=\"hidden\" name=\"_wpcf7_container_post\" value=\"0\" \/><input type=\"hidden\" name=\"_wpcf7_posted_data_hash\" value=\"\" \/><input type=\"hidden\" name=\"_wpcf7cf_hidden_group_fields\" value=\"[]\" \/><input type=\"hidden\" name=\"_wpcf7cf_hidden_groups\" value=\"[]\" \/><input type=\"hidden\" name=\"_wpcf7cf_visible_groups\" value=\"[]\" \/><input type=\"hidden\" name=\"_wpcf7cf_repeaters\" value=\"[]\" \/><input type=\"hidden\" name=\"_wpcf7cf_steps\" value=\"{}\" \/><input type=\"hidden\" name=\"_wpcf7cf_options\" value=\"{&quot;form_id&quot;:179,&quot;conditions&quot;:[],&quot;settings&quot;:{&quot;animation&quot;:&quot;yes&quot;,&quot;animation_intime&quot;:200,&quot;animation_outtime&quot;:200,&quot;conditions_ui&quot;:&quot;normal&quot;,&quot;notice_dismissed&quot;:false,&quot;notice_dismissed_update-cf7-6.0.1&quot;:true}}\" \/><input type=\"hidden\" name=\"_wpcf7_recaptcha_response\" value=\"\" \/>\n<\/fieldset>\n<h2 class=\"sub_page_h2_dark_green\">Formularz kontaktowy<\/h2>\n\n<div class=\"webinar_box\">\n\n<div class=\"row\">\n<div class=\"col-xxl-12 col-xl-12 col-lg-12 col-md-12 col-sm-12 kon_text\">\n \n<span style=\"font-weight: bold; color:red\">Wa\u017cne! Ten formularz nie s\u0142u\u017cy do sk\u0142adania wniosk\u00f3w. S\u0142u\u017cy on jedynie do kontaktu w sprawach post\u0119powa\u0144 polubownych!<\/span><\/div>\n\n<div class=\"col-xxl-6 col-xl-6 col-lg-6 col-md-6 col-sm-12\">\n<div class=\"mb-3\">\n  <label for=\"namefield1\" class=\"form-label lable_text\"> <span class=\"red\">* <\/span> Adres e-mail<\/label>\n <span class=\"wpcf7-form-control-wrap\" data-name=\"email\"><input size=\"40\" maxlength=\"400\" class=\"wpcf7-form-control wpcf7-email wpcf7-validates-as-required wpcf7-text wpcf7-validates-as-email form-control\" id=\"namefield1\" autocomplete=\"name\" aria-required=\"true\" aria-invalid=\"false\" placeholder=\"Wpisz adres e-mail\" value=\"\" type=\"email\" name=\"email\" \/><\/span>\n\n<\/div>\n<\/div>\n\n<div class=\"col-xxl-6 col-xl-6 col-lg-6 col-md-6 col-sm-12\">\n<div class=\"mb-3\">\n  <label for=\"catid\" class=\"form-label lable_text\"><span class=\"red\"> *<\/span>Wybierz temat<\/label>\n<span class=\"wpcf7-form-control-wrap\" data-name=\"menu-603\"><select class=\"wpcf7-form-control wpcf7-select wpcf7-validates-as-required form-select\" id=\"catid\" aria-required=\"true\" aria-invalid=\"false\" name=\"menu-603\"><option value=\"\">&#8212;Prosz\u0119 wybra\u0107 opcj\u0119&#8212;<\/option><option value=\"status wniosku\">status wniosku<\/option><option value=\"pro\u015bba o kontakt\">pro\u015bba o kontakt<\/option><\/select><\/span>\n \n\n<\/div>\n<\/div>\n  \n\n\n\n<div class=\"col-xxl-12 col-xl-12 col-lg-12 col-md-12 col-sm-12\">\n<div class=\"mb-3\">\n  <label for=\"message\" class=\"form-label lable_text\"><span class=\"red\">*<\/span>Tre\u015b\u0107 pytania <\/label>\n<span class=\"wpcf7-form-control-wrap\" data-name=\"textarea-132\"><textarea cols=\"30\" rows=\"10\" maxlength=\"300\" minlength=\"10\" class=\"wpcf7-form-control wpcf7-textarea form-control textarea\" id=\"message\" aria-invalid=\"false\" placeholder=\"Opisz\" name=\"textarea-132\"><\/textarea><\/span> <div class=\"form_right_text\"><span class=\"wpcf7-character-count up\" data-target-name=\"textarea-132\" data-starting-value=\"0\" data-current-value=\"0\" data-maximum-value=\"300\" data-minimum-value=\"10\">0<\/span> \/ 300<\/div>\n  \n<\/div>\n<\/div>\n\n\n<div class=\"col-xxl-12 col-xl-12 col-lg-12 col-md-12 col-sm-12\">\n\n<div class=\"mb-3\">\n<div class=\"newsletter_text\">\n<div class=\"form-check\">\n\n<span class=\"wpcf7-form-control-wrap\" data-name=\"acceptance-369\"><span class=\"wpcf7-form-control wpcf7-acceptance\"><span class=\"wpcf7-list-item\"><label><input type=\"checkbox\" name=\"acceptance-369\" value=\"1\" class=\"form-check-input\" aria-invalid=\"false\" \/><span class=\"wpcf7-list-item-label\"><span class=\"red\">*<\/span> <span class=\"form-check-label lable_text\"> Zapozna\u0142em si\u0119 z tre\u015bci\u0105  <a href=\"polityka-prywatnosci\/\">Polityki prywatno\u015bci <\/a>i akceptuj\u0119 jej tre\u015b\u0107. <\/span><\/span><\/label><\/span><\/span><\/span>\n\n \n<\/div>\n<\/div><\/div>\n\n\n<div class=\"mb-3\">\n\n<div class=\"newsletter_text\">\n\n<div class=\"form-check\">\n<span class=\"wpcf7-form-control-wrap\" data-name=\"acceptance-370\"><span class=\"wpcf7-form-control wpcf7-acceptance\"><span class=\"wpcf7-list-item\"><label><input type=\"checkbox\" name=\"acceptance-370\" value=\"1\" class=\"form-check-input\" aria-invalid=\"false\" \/><span class=\"wpcf7-list-item-label\"><span class=\"form-check-label lable_text\"><span class=\"red\">*<\/span> Wysy\u0142aj\u0105c niniejszy formularz o\u015bwiadczam, \u017ce wyra\u017cam zgod\u0119 na przetwarzanie moich danych osobowych (podanych przez mnie powy\u017cej), kt\u00f3rych administratorem jest Rzecznik Finansowy.<\/span><\/span><\/label><\/span><\/span><\/span>\n\n<\/div>\n<\/div><\/div>\n\n<div class=\"mb-3\">\n<div class=\"expand\">\n  <a class=\"\" data-bs-toggle=\"collapse\" href=\"#collapseExample\" role=\"button\" aria-expanded=\"true\" aria-controls=\"collapseExample\">\n    Rozwi\u0144 <img decoding=\"async\" src=\"https:\/\/rf.gov.pl\/polubowne\/wp-content\/themes\/rfmain\/images\/down_arrow1.svg\" class=\"expand_arrow\">\n  <\/a>\n  <\/div>\n  <div class=\"collapse\" id=\"collapseExample\" style=\"\">\n Twoje dane osobowe b\u0119d\u0105 przetwarzane wy\u0142\u0105cznie w celu udzielenia odpowiedzi na przes\u0142an\u0105 przez Ciebie wiadomo\u015b\u0107 za pomoc\u0105 formularza kontaktowego, a tak\u017ce prowadzenia ewentualnej dalszej korespondencji lub kontaktu telefonicznego w przedmiotowej sprawie. Wyra\u017cenie zgody jest dobrowolne, jednak niezb\u0119dne do realizacji wskazanego wy\u017cej celu.\n<\/div>\n<\/div>\n\n\n<div class=\"clr\"><\/div>\n<div class=\"mb-3\">\n\n\n<button type=\"submit\" class=\"newsletter_but\"> Wy\u015blij <i class=\"fa-solid fa-arrow-right\"><\/i><\/button>\n<\/div>\n\n<\/div><\/div><div class=\"wpcf7-response-output\" aria-hidden=\"true\"><\/div>\n<\/form>\n<\/div>\n<\/div>\n\n\n\n<div style=\"height:40px\" aria-hidden=\"true\" class=\"wp-block-spacer\"><\/div>\n\n\n\n<h2 class=\"wp-block-heading\">Potrzebujesz porady? Sprawd\u017a jak i gdzie mo\u017cna j\u0105 uzyska\u0107 &#8211; <a href=\"https:\/\/rf.gov.pl\/dla-klientow\/porady-ekspertow\/\" data-type=\"link\" data-id=\"https:\/\/rf.gov.pl\/dla-klientow\/porady-ekspertow\/\">poni\u017cszym linkiem<\/a>.<\/h2>\n","protected":false},"excerpt":{"rendered":"<p>W tym miejscu dowiesz si\u0119 jak skontaktowa\u0107 si\u0119 z Biurem Rzecznika Finansowego oraz Departamentem Pozas\u0105dowego Rozwi\u0105zywania Spor\u00f3w.<\/p>\n","protected":false},"author":1,"featured_media":152,"parent":0,"menu_order":0,"comment_status":"closed","ping_status":"closed","template":"page-templates\/template-inner-page.php","meta":{"_acf_changed":false,"inline_featured_image":false,"footnotes":"","_links_to":"","_links_to_target":""},"class_list":["post-103","page","type-page","status-publish","has-post-thumbnail","hentry"],"acf":[],"_links":{"self":[{"href":"https:\/\/rf.gov.pl\/polubowne\/wp-json\/wp\/v2\/pages\/103","targetHints":{"allow":["GET"]}}],"collection":[{"href":"https:\/\/rf.gov.pl\/polubowne\/wp-json\/wp\/v2\/pages"}],"about":[{"href":"https:\/\/rf.gov.pl\/polubowne\/wp-json\/wp\/v2\/types\/page"}],"author":[{"embeddable":true,"href":"https:\/\/rf.gov.pl\/polubowne\/wp-json\/wp\/v2\/users\/1"}],"replies":[{"embeddable":true,"href":"https:\/\/rf.gov.pl\/polubowne\/wp-json\/wp\/v2\/comments?post=103"}],"version-history":[{"count":48,"href":"https:\/\/rf.gov.pl\/polubowne\/wp-json\/wp\/v2\/pages\/103\/revisions"}],"predecessor-version":[{"id":15540,"href":"https:\/\/rf.gov.pl\/polubowne\/wp-json\/wp\/v2\/pages\/103\/revisions\/15540"}],"wp:featuredmedia":[{"embeddable":true,"href":"https:\/\/rf.gov.pl\/polubowne\/wp-json\/wp\/v2\/media\/152"}],"wp:attachment":[{"href":"https:\/\/rf.gov.pl\/polubowne\/wp-json\/wp\/v2\/media?parent=103"}],"curies":[{"name":"wp","href":"https:\/\/api.w.org\/{rel}","templated":true}]}}