   {"id":104,"date":"2024-02-07T06:58:45","date_gmt":"2024-02-07T05:58:45","guid":{"rendered":"https:\/\/rf.gov.pl\/polubowne\/aktualnosci\/"},"modified":"2024-07-02T13:44:45","modified_gmt":"2024-07-02T11:44:45","slug":"aktualnosci","status":"publish","type":"page","link":"https:\/\/rf.gov.pl\/polubowne\/aktualnosci\/","title":{"rendered":"Aktualno\u015bci"},"content":{"rendered":"\n\n<div class=\"row\">\n    <div class=\"col-xxl-12\">\n        <form action=\"https:\/\/rf.gov.pl\/polubowne\/aktualnosci\/\" id=\"cat_filter_form\">\n        <fieldset>\n            <div class=\"finance_form_sec\">\n                <div class=\"form_right\">\n                    <div class=\"row\">\n                        <div class=\"col-xxl-9 col-xl-12 col-lg-12 col-md-12 col-sm-12\">\n\n                            <div class=\"row\">\n\n                                <div class=\"col-xxl-12 col-xl-12 col-lg-12 col-md-12 col-sm-12\">\n                                    <legend>Filtrowanie wynik\u00f3w:<\/legend><\/div>\n\n                                <div class=\"col-xxl-12 col-xl-12 col-lg-12 col-md-12 col-sm-12\">\n                                    <div class=\"finance_form\">\n                                        <ul>\n                                            <li class=\"finance_form2 news_form2\">\n                                                <label for=\"key\"\n                                                    class=\"sr-only\">Wpisz szukan\u0105 fraz\u0119<\/label>\n                                                <input type=\"text\" class=\"form-control\" id=\"key\" name=\"key\"\n                                                    value=\"\"\n                                                    placeholder=\"Wpisz szukan\u0105 fraz\u0119\">\n                                            <\/li>\n\n                                            <li class=\"finance_form3 news_form25\">\n                                                <label for=\"od_date\"\n                                                    class=\"sr-only\">Data publikacji od<\/label>\n                                                <input type=\"text\" class=\"form-control datepicker\" name=\"od_date\"\n                                                    id=\"od_date\"\n                                                    value=\"\"\n                                                    placeholder=\"Data publikacji od\">\n                                            <\/li>\n\n                                            <li class=\"finance_form3 news_form25\">\n                                                <label for=\"do_date\"\n                                                    class=\"sr-only\">Data publikacji do<\/label>\n                                                <input type=\"text\" class=\"form-control datepicker\" name=\"do_date\"\n                                                    id=\"do_date\"\n                                                    value=\"\"\n                                                    placeholder=\"Data publikacji do\">\n\n                                            <\/li>\n\n                                            <li class=\"finance_form4 news_form25 right\">\n\n                                                <button type=\"submit\"\n                                                    class=\"btn btn-primary finance_praca finance_praca1\">Filtruj                                                    <img decoding=\"async\" src=\"https:\/\/rf.gov.pl\/polubowne\/wp-content\/themes\/rfmain\/images\/right.svg\"\n                                                        alt=\"\"><\/button>\n\n                                            <\/li>\n\n                                        <\/ul>\n                                    <\/div>\n                                <\/div>\n                            <\/div>\n                        <\/div>\n                        <div class=\"col-xxl-3 col-xl-6 col-lg-12 col-md-12 col-sm-12 finance_form_right\">\n\n                            <div class=\"row\">\n\n                                <div class=\"col-xxl-12 col-xl-12 col-lg-12 col-md-12 col-sm-12\">\n                                    Sortuj wed\u0142ug::<\/div>\n\n                                <div class=\"col-xxl-12 col-xl-12 col-lg-12 col-md-12 col-sm-12\">\n                                    <div class=\"finance_form\">\n                                        <ul>\n\n                                            <li class=\"finance_form6 news_form61\">\n                                                <select class=\"form-select\" name=\"sort\" id=\"sort_filter_select\"\n                                                    aria-label=\"Sortuj: od najbli\u017cszych\">\n                                                                                                        <option value=\"desc\"                                                         selected >\n                                                        Najnowsze                                                    <\/option>\n                                                                                                        <option value=\"asc\" >\n                                                        Najstarsze                                                    <\/option>\n                                                                                                    <\/select>\n                                            <\/li>\n\n                                        <\/ul>\n                                    <\/div>\n                                <\/div>\n                            <\/div>\n                        <\/div>\n                    <\/div>\n                <\/div>\n            <\/div>\n            <input type=\"hidden\" name=\"cat\" id=\"cat\" value=\"aktualnosci\">\n            <input type=\"hidden\" name=\"ptags\" id=\"ptags\" value=\"\">\n<\/fieldset>\n        <\/form>\n\n    <\/div>\n<\/div>\n\n\n<div class=\"space24\"><\/div>\n\n\n\n\n\n\n<div class=\"news news_sub\">\n    <div class=\"row\">\n                <div\n            class=\"col-xxl-6 col-xl-6 col-lg-12 col-md-6 col-sm-6 main_sec\">\n            <div class=\"news_box main_sec_box\">\n                <div class=\"news_box_img\"><img decoding=\"async\" src=\"https:\/\/rf.gov.pl\/polubowne\/wp-content\/uploads\/sites\/3\/2026\/03\/10-lat-mediacji_www.png\" alt=\"\"><\/div>\n                <div class=\"news_box_text\">\n                    <div class=\"news_datte\">16 marca 2026 <\/div>\n                    <div class=\"heading\">10 lat polubownego rozwi\u0105zywania spor\u00f3w przy Rzeczniku Finansowym<\/div>\n\n                    \n\n\n\n                <\/div>\n            <\/div>\n            <div class=\"news_more\">\n                <a href=\"https:\/\/rf.gov.pl\/polubowne\/10-lat-polubownego-rozwiazywania-sporow-przy-rzeczniku-finansowym\/\" class=\"news_but\" title=\"10 lat polubownego rozwi\u0105zywania spor\u00f3w przy Rzeczniku Finansowym\">CZYTAJ WI\u0118CEJ <i\n                        class=\"fa-solid fa-arrow-right\"><\/i> <\/a>\n            <\/div>\n        <\/div>\n\n                <div\n            class=\"col-xxl-6 col-xl-6 col-lg-12 col-md-6 col-sm-6 main_sec\">\n            <div class=\"news_box main_sec_box\">\n                <div class=\"news_box_img\"><img decoding=\"async\" src=\"https:\/\/rf.gov.pl\/polubowne\/wp-content\/uploads\/sites\/3\/2025\/10\/Bez-nazwy-6-scaled-1.jpg\" alt=\"\"><\/div>\n                <div class=\"news_box_text\">\n                    <div class=\"news_datte\">14 pa\u017adziernika 2025 <\/div>\n                    <div class=\"heading\">Ugoda lepsza ni\u017c s\u0105d<\/div>\n\n                    \n\n\n\n                <\/div>\n            <\/div>\n            <div class=\"news_more\">\n                <a href=\"https:\/\/rf.gov.pl\/polubowne\/ugoda-lepsza-niz-sad\/\" class=\"news_but\" title=\"Ugoda lepsza ni\u017c s\u0105d\">CZYTAJ WI\u0118CEJ <i\n                        class=\"fa-solid fa-arrow-right\"><\/i> <\/a>\n            <\/div>\n        <\/div>\n\n                <div\n            class=\"col-xxl-6 col-xl-6 col-lg-12 col-md-6 col-sm-6 main_sec\">\n            <div class=\"news_box main_sec_box\">\n                <div class=\"news_box_img\"><img decoding=\"async\" src=\"https:\/\/rf.gov.pl\/polubowne\/wp-content\/uploads\/sites\/3\/2025\/03\/Kaszak_Gadomska.jpg\" alt=\"\"><\/div>\n                <div class=\"news_box_text\">\n                    <div class=\"news_datte\">13 pa\u017adziernika 2025 <\/div>\n                    <div class=\"heading\">Pierwsze do\u015bwiadczenia mediacji w sprawach \u201efrankowych\u201d w warszawskim s\u0105dzie okr\u0119gowym<\/div>\n\n                    \n\n\n\n                <\/div>\n            <\/div>\n            <div class=\"news_more\">\n                <a href=\"https:\/\/rf.gov.pl\/polubowne\/pierwsze-doswiadczenia-mediacji-w-sprawach-frankowych-w-warszawskim-sadzie-okregowym\/\" class=\"news_but\" title=\"Pierwsze do\u015bwiadczenia mediacji w sprawach \u201efrankowych\u201d w warszawskim s\u0105dzie okr\u0119gowym\">CZYTAJ WI\u0118CEJ <i\n                        class=\"fa-solid fa-arrow-right\"><\/i> <\/a>\n            <\/div>\n        <\/div>\n\n                <div\n            class=\"col-xxl-6 col-xl-6 col-lg-12 col-md-6 col-sm-6 main_sec\">\n            <div class=\"news_box main_sec_box\">\n                <div class=\"news_box_img\"><img decoding=\"async\" src=\"https:\/\/rf.gov.pl\/polubowne\/wp-content\/uploads\/sites\/3\/2025\/03\/zdj.-3.jpg\" alt=\"\"><\/div>\n                <div class=\"news_box_text\">\n                    <div class=\"news_datte\">13 marca 2025 <\/div>\n                    <div class=\"heading\">Udzia\u0142 przedstawiciela Departamentu Pozas\u0105dowego Rozwi\u0105zywania Spor\u00f3w w\u00a0seminarium\u00a0na\u00a0Uniwersytecie Rzeszowskim<\/div>\n\n                    \n\n\n\n                <\/div>\n            <\/div>\n            <div class=\"news_more\">\n                <a href=\"https:\/\/rf.gov.pl\/polubowne\/udzial-przedstawiciela-departamentu-pozasadowego-rozwiazywania-sporow-w-seminarium-the-activities-of-consumer-protection-institutions-in-the-european-union-in-practice-migrants-from-ukraine\/\" class=\"news_but\" title=\"Udzia\u0142 przedstawiciela Departamentu Pozas\u0105dowego Rozwi\u0105zywania Spor\u00f3w w\u00a0seminarium\u00a0na\u00a0Uniwersytecie Rzeszowskim\">CZYTAJ WI\u0118CEJ <i\n                        class=\"fa-solid fa-arrow-right\"><\/i> <\/a>\n            <\/div>\n        <\/div>\n\n        \n\n        <nav aria-label=\"Nawigacja po stronie\">\r\n\t\t\t\r\n\t\t\t<ul class=\"pagination\"><li class=\"page-item\"><span class=\"but_next page-link no_bg previous empty\"><img decoding=\"async\" src=\"https:\/\/rf.gov.pl\/polubowne\/wp-content\/themes\/rfmain\/images\/page_left.svg\" alt=\"wi\u0119cej\"><\/span><\/li><li class=\"page-item\"><span aria-current=\"page\" class=\"page-link  active\">1<\/span><\/li><li class=\"page-item\"><a class=\"page-link\" aria-label=\"2. strona \" href=\"https:\/\/rf.gov.pl\/polubowne\/wp-json\/wp\/v2\/pages\/104\/page\/2\/\">2<\/a><\/li><li class=\"page-item\"><a class=\"no_bg page-link but_next\" aria-label=\"Nast\u0119pna strona \" href=\"https:\/\/rf.gov.pl\/polubowne\/wp-json\/wp\/v2\/pages\/104\/page\/2\/\">&#8230;<\/a><\/li><li class=\"page-item\"><a class=\"page-link\" aria-label=\"5. strona \" href=\"https:\/\/rf.gov.pl\/polubowne\/wp-json\/wp\/v2\/pages\/104\/page\/5\/\">5<\/a><\/li><li class=\"page-item\"><a class=\"no_bg page-link but_next\" aria-label=\"Nast\u0119pna strona \" href=\"https:\/\/rf.gov.pl\/polubowne\/wp-json\/wp\/v2\/pages\/104\/page\/2\/\"><img decoding=\"async\" src=\"https:\/\/rf.gov.pl\/polubowne\/wp-content\/themes\/rfmain\/images\/page_right.svg\" alt=\"wi\u0119cej\"><\/a><\/li><\/ul>\r\n\r\n\t\t<\/nav>\n\n        <div class=\"col-xxl-12 slide_but\">\n            <a href=\"#\" class=\"but-prev\"><i class=\"fa-solid fa-arrow-left\"><\/i><\/a> <a href=\"#\" class=\"but-prev\"><i\n                    class=\"fa-solid fa-arrow-right\"><\/i><\/a>\n            <br>\n            <br>\n            <a href=\"#\" class=\"news_but\">Wszystkie komunikaty <i\n                    class=\"fa-solid fa-arrow-right\"><\/i>\n            <\/a>\n\n        <\/div>\n\n    <\/div>\n<\/div>\n\n\n\n\n<div class=\"paging not_for_mobile\">\n    \n\n<\/div>\n\n\n\n","protected":false},"excerpt":{"rendered":"<p>W tym miejscu publikujemy najwa\u017cniejsze informacje zwi\u0105zane z dzia\u0142alno\u015bci\u0105 Departamentu Pozas\u0105dowego Rozwi\u0105zywania Spor\u00f3w oraz najistotniejsze wiadomo\u015bci zwi\u0105zane z pozas\u0105dowym rozwi\u0105zywaniem spor\u00f3w na rynku finansowym.<\/p>\n","protected":false},"author":1,"featured_media":1374,"parent":0,"menu_order":0,"comment_status":"closed","ping_status":"closed","template":"page-templates\/template-inner-page.php","meta":{"_acf_changed":false,"inline_featured_image":false,"footnotes":"","_links_to":"","_links_to_target":""},"class_list":["post-104","page","type-page","status-publish","has-post-thumbnail","hentry"],"acf":[],"_links":{"self":[{"href":"https:\/\/rf.gov.pl\/polubowne\/wp-json\/wp\/v2\/pages\/104","targetHints":{"allow":["GET"]}}],"collection":[{"href":"https:\/\/rf.gov.pl\/polubowne\/wp-json\/wp\/v2\/pages"}],"about":[{"href":"https:\/\/rf.gov.pl\/polubowne\/wp-json\/wp\/v2\/types\/page"}],"author":[{"embeddable":true,"href":"https:\/\/rf.gov.pl\/polubowne\/wp-json\/wp\/v2\/users\/1"}],"replies":[{"embeddable":true,"href":"https:\/\/rf.gov.pl\/polubowne\/wp-json\/wp\/v2\/comments?post=104"}],"version-history":[{"count":14,"href":"https:\/\/rf.gov.pl\/polubowne\/wp-json\/wp\/v2\/pages\/104\/revisions"}],"predecessor-version":[{"id":2394,"href":"https:\/\/rf.gov.pl\/polubowne\/wp-json\/wp\/v2\/pages\/104\/revisions\/2394"}],"wp:featuredmedia":[{"embeddable":true,"href":"https:\/\/rf.gov.pl\/polubowne\/wp-json\/wp\/v2\/media\/1374"}],"wp:attachment":[{"href":"https:\/\/rf.gov.pl\/polubowne\/wp-json\/wp\/v2\/media?parent=104"}],"curies":[{"name":"wp","href":"https:\/\/api.w.org\/{rel}","templated":true}]}}