   {"id":111,"date":"2024-02-20T10:53:32","date_gmt":"2024-02-20T09:53:32","guid":{"rendered":"https:\/\/rf.gov.pl\/polubowne\/?page_id=111"},"modified":"2025-04-24T09:33:49","modified_gmt":"2025-04-24T07:33:49","slug":"sprawozdania","status":"publish","type":"page","link":"https:\/\/rf.gov.pl\/polubowne\/sprawozdania\/","title":{"rendered":"Sprawozdania"},"content":{"rendered":"\n\n\n<div class=\"\">\n\n  \n  <div class=\"download\">\n    <ul>\n      \n      <li\n        class=\"col-xxl-12 col-xl-12 col-lg-12 col-md-12 col-sm-12 main_sec \">\n        <a href=\"https:\/\/rf.gov.pl\/polubowne\/wp-content\/uploads\/sites\/3\/2025\/04\/DRS-RAPORT-koniec-16.04.pdf\" title=\"Sprawozdanie za 2024 r.\" download> <img decoding=\"async\"\n            src=\"https:\/\/rf.gov.pl\/polubowne\/wp-content\/themes\/rfmain\/images\/download-file 1.svg\" alt=\"\">\n          <div class=\"disc\"> <strong>Sprawozdanie za 2024 r. <\/strong> (PDF ,\n            15.66 MB)<\/div>\n        <\/a><\/li>\n\n      \n      \n\n      \n      <li\n        class=\"col-xxl-12 col-xl-12 col-lg-12 col-md-12 col-sm-12 main_sec \">\n        <a href=\"https:\/\/rf.gov.pl\/polubowne\/wp-content\/uploads\/sites\/3\/2024\/05\/Sprawozdanie-z-realizacji-zadania-w-2023-r.pdf\" title=\"Sprawozdanie za 2023 r.\" download> <img decoding=\"async\"\n            src=\"https:\/\/rf.gov.pl\/polubowne\/wp-content\/themes\/rfmain\/images\/download-file 1.svg\" alt=\"\">\n          <div class=\"disc\"> <strong>Sprawozdanie za 2023 r. <\/strong> (PDF ,\n            0.56 MB)<\/div>\n        <\/a><\/li>\n\n      \n      \n\n      \n      <li\n        class=\"col-xxl-12 col-xl-12 col-lg-12 col-md-12 col-sm-12 main_sec \">\n        <a href=\"https:\/\/rf.gov.pl\/polubowne\/wp-content\/uploads\/sites\/3\/2024\/05\/WRS-sprawozdanie-z-realizacji-zadania-w-2022-r.pdf\" title=\"Sprawozdanie za 2022 r.\" download> <img decoding=\"async\"\n            src=\"https:\/\/rf.gov.pl\/polubowne\/wp-content\/themes\/rfmain\/images\/download-file 1.svg\" alt=\"\">\n          <div class=\"disc\"> <strong>Sprawozdanie za 2022 r. <\/strong> (PDF ,\n            0.31 MB)<\/div>\n        <\/a><\/li>\n\n      \n      \n\n      \n      <li\n        class=\"col-xxl-12 col-xl-12 col-lg-12 col-md-12 col-sm-12 main_sec \">\n        <a href=\"https:\/\/rf.gov.pl\/polubowne\/wp-content\/uploads\/sites\/3\/2024\/05\/Sprawozdanie-z-realizacji-zadania-RF_2021_WRS.pdf\" title=\"Sprawozdanie za 2021 r.\" download> <img decoding=\"async\"\n            src=\"https:\/\/rf.gov.pl\/polubowne\/wp-content\/themes\/rfmain\/images\/download-file 1.svg\" alt=\"\">\n          <div class=\"disc\"> <strong>Sprawozdanie za 2021 r. <\/strong> (PDF ,\n            0.39 MB)<\/div>\n        <\/a><\/li>\n\n      \n      \n\n      \n      <li\n        class=\"col-xxl-12 col-xl-12 col-lg-12 col-md-12 col-sm-12 main_sec \">\n        <a href=\"https:\/\/rf.gov.pl\/polubowne\/wp-content\/uploads\/sites\/3\/2024\/05\/Sprawozdanie-z-wykonania-zadania-Rzecznika-Finansowego-polegajacego-na-pozasadowym-rozwiazywaniu-sporow-w-2020-r.-FIN.pdf\" title=\"Sprawozdanie za 2020 r.\" download> <img decoding=\"async\"\n            src=\"https:\/\/rf.gov.pl\/polubowne\/wp-content\/themes\/rfmain\/images\/download-file 1.svg\" alt=\"\">\n          <div class=\"disc\"> <strong>Sprawozdanie za 2020 r. <\/strong> (PDF ,\n            0.77 MB)<\/div>\n        <\/a><\/li>\n\n      \n      \n\n      \n      <li\n        class=\"col-xxl-12 col-xl-12 col-lg-12 col-md-12 col-sm-12 main_sec \">\n        <a href=\"https:\/\/rf.gov.pl\/polubowne\/wp-content\/uploads\/sites\/3\/2024\/05\/2019_Sprawozdanie_z_dzialalnosci_Wydzialu_Pozasadowego_Rozwiazywania_Sporow_w_Biurze_Rzecznika_Finansowego-1.pdf\" title=\"Sprawozdanie za 2019 r.\" download> <img decoding=\"async\"\n            src=\"https:\/\/rf.gov.pl\/polubowne\/wp-content\/themes\/rfmain\/images\/download-file 1.svg\" alt=\"\">\n          <div class=\"disc\"> <strong>Sprawozdanie za 2019 r. <\/strong> (PDF ,\n            0.84 MB)<\/div>\n        <\/a><\/li>\n\n      \n      \n\n      \n      <li\n        class=\"col-xxl-12 col-xl-12 col-lg-12 col-md-12 col-sm-12 main_sec \">\n        <a href=\"https:\/\/rf.gov.pl\/polubowne\/wp-content\/uploads\/sites\/3\/2024\/05\/2018_Sprawozdanie_z_dzialalnosci__Wydzialu_Pozasadowego_Rozwiazywania_Sporow_w_Biurze_Rzecznika_Finansowego.pdf\" title=\"Sprawozdanie za 2018 r.\" download> <img decoding=\"async\"\n            src=\"https:\/\/rf.gov.pl\/polubowne\/wp-content\/themes\/rfmain\/images\/download-file 1.svg\" alt=\"\">\n          <div class=\"disc\"> <strong>Sprawozdanie za 2018 r. <\/strong> (PDF ,\n            0.93 MB)<\/div>\n        <\/a><\/li>\n\n      \n      \n\n      \n      <li\n        class=\"col-xxl-12 col-xl-12 col-lg-12 col-md-12 col-sm-12 main_sec \">\n        <a href=\"https:\/\/rf.gov.pl\/polubowne\/wp-content\/uploads\/sites\/3\/2024\/05\/2017_Sprawozdanie_z_dzialalnosci__Wydzialu_Pozasadowego_Rozwiazywania_Sporow_w_Biurze_Rzecznika_Finansowego-1.pdf\" title=\"Sprawozdanie za 2017 r.\" download> <img decoding=\"async\"\n            src=\"https:\/\/rf.gov.pl\/polubowne\/wp-content\/themes\/rfmain\/images\/download-file 1.svg\" alt=\"\">\n          <div class=\"disc\"> <strong>Sprawozdanie za 2017 r. <\/strong> (PDF ,\n            0.60 MB)<\/div>\n        <\/a><\/li>\n\n      \n      \n\n      \n    <\/ul>\n  <\/div>\n\n<\/div>\n\n\n\n\n\n\n<div style=\"height:80px\" aria-hidden=\"true\" class=\"wp-block-spacer\"><\/div>\n","protected":false},"excerpt":{"rendered":"<p>W tym miejscu znajdziesz sprawozdania z realizacji zada\u0144 Rzecznika Finansowego polegaj\u0105cych na prowadzeniu pozas\u0105dowych post\u0119powa\u0144 w sprawie spor\u00f3w mi\u0119dzy klientami podmiot\u00f3w rynku finansowego a tymi podmiotami.<\/p>\n","protected":false},"author":1,"featured_media":792,"parent":0,"menu_order":0,"comment_status":"closed","ping_status":"closed","template":"page-templates\/template-inner-page.php","meta":{"_acf_changed":false,"inline_featured_image":false,"footnotes":"","_links_to":"","_links_to_target":""},"class_list":["post-111","page","type-page","status-publish","has-post-thumbnail","hentry"],"acf":[],"_links":{"self":[{"href":"https:\/\/rf.gov.pl\/polubowne\/wp-json\/wp\/v2\/pages\/111","targetHints":{"allow":["GET"]}}],"collection":[{"href":"https:\/\/rf.gov.pl\/polubowne\/wp-json\/wp\/v2\/pages"}],"about":[{"href":"https:\/\/rf.gov.pl\/polubowne\/wp-json\/wp\/v2\/types\/page"}],"author":[{"embeddable":true,"href":"https:\/\/rf.gov.pl\/polubowne\/wp-json\/wp\/v2\/users\/1"}],"replies":[{"embeddable":true,"href":"https:\/\/rf.gov.pl\/polubowne\/wp-json\/wp\/v2\/comments?post=111"}],"version-history":[{"count":21,"href":"https:\/\/rf.gov.pl\/polubowne\/wp-json\/wp\/v2\/pages\/111\/revisions"}],"predecessor-version":[{"id":10591,"href":"https:\/\/rf.gov.pl\/polubowne\/wp-json\/wp\/v2\/pages\/111\/revisions\/10591"}],"wp:featuredmedia":[{"embeddable":true,"href":"https:\/\/rf.gov.pl\/polubowne\/wp-json\/wp\/v2\/media\/792"}],"wp:attachment":[{"href":"https:\/\/rf.gov.pl\/polubowne\/wp-json\/wp\/v2\/media?parent=111"}],"curies":[{"name":"wp","href":"https:\/\/api.w.org\/{rel}","templated":true}]}}