   {"id":1655,"date":"2024-06-13T09:30:17","date_gmt":"2024-06-13T07:30:17","guid":{"rendered":"https:\/\/rf.gov.pl\/polubowne\/?page_id=1655"},"modified":"2024-06-13T10:12:22","modified_gmt":"2024-06-13T08:12:22","slug":"wgraj-wniosek-o-przeprowadzenie-pozasadowego-postepowania-w-sprawie-rozwiazania-sporu-z-podmiotem-rynku-finansowego","status":"publish","type":"page","link":"https:\/\/rf.gov.pl\/polubowne\/wgraj-wniosek-o-przeprowadzenie-pozasadowego-postepowania-w-sprawie-rozwiazania-sporu-z-podmiotem-rynku-finansowego\/","title":{"rendered":"Wgraj wniosek o przeprowadzenie pozas\u0105dowego post\u0119powania w sprawie rozwi\u0105zania sporu z podmiotem rynku finansowego"},"content":{"rendered":"<p><strong>Jak wgra\u0107 wniosek:<\/strong><\/p>\n<ol>\n<li>Wygeneruj wniosek na tej <a href=\"https:\/\/rf.gov.pl\/polubowne\/wniosek-o-przeprowadzenie-pozasadowego-postepowania-w-sprawie-rozwiazania-sporu-z-podmiotem-rynku-finansowego\/\">stronie\u00a0<\/a><\/li>\n<li>Pobierz wniosek na dysk swojego komputera i podpisz kwalifikowanym podpisem elektronicznym. Nast\u0119pnie do\u0142\u0105cz podpisany dokument oraz skany pozosta\u0142ych dokument\u00f3w do formularza poni\u017cej<\/li>\n<li>Je\u015bli masz problem z podpisaniem tego formularza kwalifikowanym podpisem elektronicznym, mo\u017cesz go r\u00f3wnie\u017c wydrukowa\u0107 oraz:\n<ul>\n<li>wys\u0142a\u0107 wraz z za\u0142\u0105cznikami na adres Biura Rzecznika Finansowego (ul. Nowogrodzka 47A, 00-695 Warszawa),<\/li>\n<li>z\u0142o\u017cy\u0107 osobi\u015bcie w siedzibie Biura Rzecznika Finansowego przy ul. Nowogrodzkiej 47 A w Warszawie, w Oddziale Terenowym Biura Rzecznika Finansowego w Olsztynie przy ul. Prostej 1\/2 lok. 5 lub w Oddziale Terenowym Biura Rzecznika Finansowego w Lublinie przy ul. Krakowskie Przedmie\u015bcie 22 lok.1,<\/li>\n<li>przes\u0142a\u0107 za pomoc\u0105 platformy ePUAP<\/li>\n<\/ul>\n<\/li>\n<\/ol>\n\n\n<div class=\"wpcf7 no-js\" id=\"wpcf7-f1647-o1\" lang=\"pl-PL\" dir=\"ltr\" data-wpcf7-id=\"1647\">\n<div class=\"screen-reader-response\"><p role=\"status\" aria-live=\"polite\" aria-atomic=\"true\"><\/p> <ul><\/ul><\/div>\n<form action=\"\/polubowne\/wp-json\/wp\/v2\/pages\/1655#wpcf7-f1647-o1\" method=\"post\" class=\"wpcf7-form init\" aria-label=\"Formularz kontaktowy\" novalidate=\"novalidate\" data-status=\"init\">\n<fieldset class=\"hidden-fields-container\"><input type=\"hidden\" name=\"_wpcf7\" value=\"1647\" \/><input type=\"hidden\" name=\"_wpcf7_version\" value=\"6.1.5\" \/><input type=\"hidden\" name=\"_wpcf7_locale\" value=\"pl_PL\" \/><input type=\"hidden\" name=\"_wpcf7_unit_tag\" value=\"wpcf7-f1647-o1\" \/><input type=\"hidden\" name=\"_wpcf7_container_post\" value=\"0\" \/><input type=\"hidden\" name=\"_wpcf7_posted_data_hash\" value=\"\" \/><input type=\"hidden\" name=\"_wpcf7cf_hidden_group_fields\" value=\"[]\" \/><input type=\"hidden\" name=\"_wpcf7cf_hidden_groups\" value=\"[]\" \/><input type=\"hidden\" name=\"_wpcf7cf_visible_groups\" value=\"[]\" \/><input type=\"hidden\" name=\"_wpcf7cf_repeaters\" value=\"[]\" \/><input type=\"hidden\" name=\"_wpcf7cf_steps\" value=\"{}\" \/><input type=\"hidden\" name=\"_wpcf7cf_options\" value=\"{&quot;form_id&quot;:1647,&quot;conditions&quot;:[],&quot;settings&quot;:{&quot;animation&quot;:&quot;yes&quot;,&quot;animation_intime&quot;:200,&quot;animation_outtime&quot;:200,&quot;conditions_ui&quot;:&quot;normal&quot;,&quot;notice_dismissed&quot;:false,&quot;notice_dismissed_update-cf7-6.0.1&quot;:true}}\" \/><input type=\"hidden\" name=\"_wpcf7_recaptcha_response\" value=\"\" \/>\n<\/fieldset>\n<span class=\"wpcf7-form-control-wrap\" data-name=\"pliki-wniosku\"><input size=\"40\" class=\"wpcf7-form-control wpcf7-drag-n-drop-file d-none\" aria-required=\"true\" aria-invalid=\"false\" type=\"file\" multiple=\"multiple\" data-name=\"pliki-wniosku\" data-type=\"pdf|zip\" data-limit=\"67108864\" data-max=\"1\" data-id=\"1647\" data-version=\"free version 1.3.9.6\" accept=\".pdf, .zip\" \/><\/span>\n<BR>\n<BR>\n<button type=\"submit\" class=\"btn form_page_btn has-spinner\">Wy\u015blij wniosek <img decoding=\"async\" src=\"https:\/\/rf.gov.pl\/wp-content\/themes\/rfmain\/images\/right_blue.svg\" alt=\"\"><\/button><div class=\"wpcf7-response-output\" aria-hidden=\"true\"><\/div>\n<\/form>\n<\/div>\n\n\n\n\n<p><\/p>\n\n\n\n<p><\/p>\n","protected":false},"excerpt":{"rendered":"<p>Jak wgra\u0107 wniosek: Wygeneruj wniosek na tej stronie\u00a0 Pobierz wniosek na dysk swojego komputera i podpisz kwalifikowanym podpisem elektronicznym. Nast\u0119pnie do\u0142\u0105cz podpisany dokument oraz skany pozosta\u0142ych dokument\u00f3w do formularza poni\u017cej Je\u015bli masz problem z podpisaniem tego formularza kwalifikowanym podpisem elektronicznym, mo\u017cesz go r\u00f3wnie\u017c wydrukowa\u0107 oraz: wys\u0142a\u0107 wraz z za\u0142\u0105cznikami na adres Biura Rzecznika Finansowego (ul. [&hellip;]<\/p>\n","protected":false},"author":1,"featured_media":0,"parent":0,"menu_order":0,"comment_status":"closed","ping_status":"closed","template":"page-templates\/template-default-page.php","meta":{"_acf_changed":false,"inline_featured_image":false,"footnotes":"","_links_to":"","_links_to_target":""},"class_list":["post-1655","page","type-page","status-publish","hentry"],"acf":[],"_links":{"self":[{"href":"https:\/\/rf.gov.pl\/polubowne\/wp-json\/wp\/v2\/pages\/1655","targetHints":{"allow":["GET"]}}],"collection":[{"href":"https:\/\/rf.gov.pl\/polubowne\/wp-json\/wp\/v2\/pages"}],"about":[{"href":"https:\/\/rf.gov.pl\/polubowne\/wp-json\/wp\/v2\/types\/page"}],"author":[{"embeddable":true,"href":"https:\/\/rf.gov.pl\/polubowne\/wp-json\/wp\/v2\/users\/1"}],"replies":[{"embeddable":true,"href":"https:\/\/rf.gov.pl\/polubowne\/wp-json\/wp\/v2\/comments?post=1655"}],"version-history":[{"count":2,"href":"https:\/\/rf.gov.pl\/polubowne\/wp-json\/wp\/v2\/pages\/1655\/revisions"}],"predecessor-version":[{"id":1666,"href":"https:\/\/rf.gov.pl\/polubowne\/wp-json\/wp\/v2\/pages\/1655\/revisions\/1666"}],"wp:attachment":[{"href":"https:\/\/rf.gov.pl\/polubowne\/wp-json\/wp\/v2\/media?parent=1655"}],"curies":[{"name":"wp","href":"https:\/\/api.w.org\/{rel}","templated":true}]}}