   {"id":735,"date":"2024-05-09T13:18:22","date_gmt":"2024-05-09T11:18:22","guid":{"rendered":"https:\/\/rf.gov.pl\/polubowne\/?page_id=735"},"modified":"2024-06-24T14:23:04","modified_gmt":"2024-06-24T12:23:04","slug":"wnioski","status":"publish","type":"page","link":"https:\/\/rf.gov.pl\/polubowne\/wnioski\/","title":{"rendered":"Wnioski"},"content":{"rendered":"\n\n\n<div class=\"\">\n\n  \n  <h2 class=\"sub_page_h2_dark_green\">Wzory dokument\u00f3w<\/h2>\n\n  \n  <div class=\"download\">\n    <ul>\n      \n      <li\n        class=\"col-xxl-12 col-xl-12 col-lg-12 col-md-12 col-sm-12 main_sec \">\n        <a href=\"https:\/\/rf.gov.pl\/polubowne\/wp-content\/uploads\/sites\/3\/2024\/06\/Wniosek-o-przeprowadzenie-pozasadowego-postepowania-w-sprawie-rozwiazania-sporu-z-podmiotem-rynku-finansowego.docx\" title=\"Wz\u00f3r wniosku o wszcz\u0119cie post\u0119powania w sprawie rozwi\u0105zania sporu\" download> <img decoding=\"async\"\n            src=\"https:\/\/rf.gov.pl\/polubowne\/wp-content\/themes\/rfmain\/images\/download-file 1.svg\" alt=\"\">\n          <div class=\"disc\"> <strong>Wz\u00f3r wniosku o wszcz\u0119cie post\u0119powania w sprawie rozwi\u0105zania sporu <\/strong> (DOCX ,\n            3.36 MB)<\/div>\n        <\/a><\/li>\n\n      \n      \n\n      \n      <li\n        class=\"col-xxl-12 col-xl-12 col-lg-12 col-md-12 col-sm-12 main_sec \">\n        <a href=\"https:\/\/rf.gov.pl\/polubowne\/wp-content\/uploads\/sites\/3\/2024\/05\/DRS-pelnomocnictwo-4.docx\" title=\"Wz\u00f3r pe\u0142nomocnictwa dla pe\u0142nomocnika klienta wyst\u0119puj\u0105cego z wnioskiem o wszcz\u0119cie post\u0119powania w sprawie rozwi\u0105zania sporu\" download> <img decoding=\"async\"\n            src=\"https:\/\/rf.gov.pl\/polubowne\/wp-content\/themes\/rfmain\/images\/download-file 1.svg\" alt=\"\">\n          <div class=\"disc\"> <strong>Wz\u00f3r pe\u0142nomocnictwa dla pe\u0142nomocnika klienta wyst\u0119puj\u0105cego z wnioskiem o wszcz\u0119cie post\u0119powania w sprawie rozwi\u0105zania sporu <\/strong> (DOCX ,\n            2.29 MB)<\/div>\n        <\/a><\/li>\n\n      \n      \n\n      \n      <li\n        class=\"col-xxl-12 col-xl-12 col-lg-12 col-md-12 col-sm-12 main_sec \">\n        <a href=\"https:\/\/rf.gov.pl\/polubowne\/wp-content\/uploads\/sites\/3\/2024\/05\/DRS-Wniosek-o-sporzadzenie-opinii.docx\" title=\"Wz\u00f3r wniosku o sporz\u0105dzenie opinii\" download> <img decoding=\"async\"\n            src=\"https:\/\/rf.gov.pl\/polubowne\/wp-content\/themes\/rfmain\/images\/download-file 1.svg\" alt=\"\">\n          <div class=\"disc\"> <strong>Wz\u00f3r wniosku o sporz\u0105dzenie opinii <\/strong> (DOCX ,\n            2.15 MB)<\/div>\n        <\/a><\/li>\n\n      \n      \n\n      \n    <\/ul>\n  <\/div>\n\n<\/div>\n\n\n\n","protected":false},"excerpt":{"rendered":"","protected":false},"author":1,"featured_media":736,"parent":0,"menu_order":0,"comment_status":"closed","ping_status":"closed","template":"page-templates\/template-inner-page.php","meta":{"_acf_changed":false,"inline_featured_image":false,"footnotes":"","_links_to":"","_links_to_target":""},"class_list":["post-735","page","type-page","status-publish","has-post-thumbnail","hentry"],"acf":[],"_links":{"self":[{"href":"https:\/\/rf.gov.pl\/polubowne\/wp-json\/wp\/v2\/pages\/735","targetHints":{"allow":["GET"]}}],"collection":[{"href":"https:\/\/rf.gov.pl\/polubowne\/wp-json\/wp\/v2\/pages"}],"about":[{"href":"https:\/\/rf.gov.pl\/polubowne\/wp-json\/wp\/v2\/types\/page"}],"author":[{"embeddable":true,"href":"https:\/\/rf.gov.pl\/polubowne\/wp-json\/wp\/v2\/users\/1"}],"replies":[{"embeddable":true,"href":"https:\/\/rf.gov.pl\/polubowne\/wp-json\/wp\/v2\/comments?post=735"}],"version-history":[{"count":10,"href":"https:\/\/rf.gov.pl\/polubowne\/wp-json\/wp\/v2\/pages\/735\/revisions"}],"predecessor-version":[{"id":2188,"href":"https:\/\/rf.gov.pl\/polubowne\/wp-json\/wp\/v2\/pages\/735\/revisions\/2188"}],"wp:featuredmedia":[{"embeddable":true,"href":"https:\/\/rf.gov.pl\/polubowne\/wp-json\/wp\/v2\/media\/736"}],"wp:attachment":[{"href":"https:\/\/rf.gov.pl\/polubowne\/wp-json\/wp\/v2\/media?parent=735"}],"curies":[{"name":"wp","href":"https:\/\/api.w.org\/{rel}","templated":true}]}}